{"id":1094,"date":"2016-03-17T08:57:11","date_gmt":"2016-03-17T07:57:11","guid":{"rendered":"http:\/\/www.rezeau.org\/wp-flore\/?page_id=1094"},"modified":"2021-06-21T23:02:36","modified_gmt":"2021-06-21T21:02:36","slug":"leucanthemum-vulgare-vaill-lam","status":"publish","type":"page","link":"https:\/\/www.rezeau.org\/wp-flore\/leucanthemum-vulgare-vaill-lam\/","title":{"rendered":"Leucanthemum vulgare"},"content":{"rendered":"\n<table class=\"desc\">\n<tbody>\n<tr>\n<td><span class=\"gras\">1939 Leucanthemum vulgare Lamk.&nbsp;<\/span><span class=\"italique\">Grande-Marguerite<\/span><\/td>\n<\/tr>\n<tr>\n<td>&#8211; . Plante&nbsp;vivace&nbsp;de 2-8 dm&nbsp;<br>&#8211;&nbsp;feuilles&nbsp;irr\u00e9guli\u00e8rement&nbsp;dent\u00e9es,&nbsp;lob\u00e9es&nbsp;ou&nbsp;pennatifides, les inf\u00e9rieures&nbsp;obovales&nbsp;ou&nbsp;spatul\u00e9es, longuement&nbsp;p\u00e9tiol\u00e9es, les suivantes oblongues-obovales&nbsp;ou oblongues,&nbsp;sessiles, demi-embrassantes&nbsp;et&nbsp;auricul\u00e9es&nbsp;\u00e0 la base&nbsp;<br>&#8211;&nbsp;involucre&nbsp;\u00e0&nbsp;folioles&nbsp;bord\u00e9es de brun, les int\u00e9rieures oblongues-lin\u00e9aires, tr\u00e8s&nbsp;obtuses&nbsp;et&nbsp;scarieuses&nbsp;au sommet<br>&#8211; ak\u00e8nes tous d\u00e9pourvus de couronne&nbsp;<br>&#8211; capitules atteignant 4 12 cm de diam\u00e8tre.&nbsp;Esp\u00e8ce&nbsp;polymorphe&nbsp;<br>&#8211;&nbsp;involucre&nbsp;\u00e0&nbsp;folioles&nbsp;bord\u00e9es de noir dans la zone des montagnes (L. DELARBREI Timb.).<\/td>\n<\/tr>\n<tr>\n<td><span class=\"titre\">\u00c9cologie&nbsp;<\/span>Prairies, lieux herbeux, champs dans toute la France.<\/td>\n<\/tr>\n<tr>\n<td><span class=\"titre\">R\u00e9partition&nbsp;<\/span>Europe, Sib\u00e9rie.<\/td>\n<\/tr>\n<tr>\n<td><span class=\"titre\">Floraison&nbsp;<\/span>Mai-ao\u00fbt.<\/td>\n<\/tr>\n<\/tbody>\n<\/table>\n","protected":false},"excerpt":{"rendered":"<p>1939 Leucanthemum vulgare Lamk.&nbsp;Grande-Marguerite &#8211; . Plante&nbsp;vivace&nbsp;de 2-8 dm&nbsp;&#8211;&nbsp;feuilles&nbsp;irr\u00e9guli\u00e8rement&nbsp;dent\u00e9es,&nbsp;lob\u00e9es&nbsp;ou&nbsp;pennatifides, les inf\u00e9rieures&nbsp;obovales&nbsp;ou&nbsp;spatul\u00e9es, longuement&nbsp;p\u00e9tiol\u00e9es, les suivantes oblongues-obovales&nbsp;ou oblongues,&nbsp;sessiles, demi-embrassantes&nbsp;et&nbsp;auricul\u00e9es&nbsp;\u00e0 la base&nbsp;&#8211;&nbsp;involucre&nbsp;\u00e0&nbsp;folioles&nbsp;bord\u00e9es de brun, les int\u00e9rieures oblongues-lin\u00e9aires, tr\u00e8s&nbsp;obtuses&nbsp;et&nbsp;scarieuses&nbsp;au sommet&#8211; ak\u00e8nes tous d\u00e9pourvus de couronne&nbsp;&#8211; capitules atteignant 4 12 cm de diam\u00e8tre.&nbsp;Esp\u00e8ce&nbsp;polymorphe&nbsp;&#8211;&nbsp;involucre&nbsp;\u00e0&nbsp;folioles&nbsp;bord\u00e9es de noir dans la zone des montagnes (L. DELARBREI Timb.). \u00c9cologie&nbsp;Prairies, lieux herbeux, champs dans toute la&hellip;<\/p>\n","protected":false},"author":1,"featured_media":1058,"parent":0,"menu_order":0,"comment_status":"closed","ping_status":"closed","template":"","meta":{"_acf_changed":false,"footnotes":""},"categories":[14,96,6],"tags":[],"class_list":["post-1094","page","type-page","status-publish","has-post-thumbnail","hentry","category-asteraceae","category-leucanthemum","category-plantae"],"acf":[],"_links":{"self":[{"href":"https:\/\/www.rezeau.org\/wp-flore\/wp-json\/wp\/v2\/pages\/1094","targetHints":{"allow":["GET"]}}],"collection":[{"href":"https:\/\/www.rezeau.org\/wp-flore\/wp-json\/wp\/v2\/pages"}],"about":[{"href":"https:\/\/www.rezeau.org\/wp-flore\/wp-json\/wp\/v2\/types\/page"}],"author":[{"embeddable":true,"href":"https:\/\/www.rezeau.org\/wp-flore\/wp-json\/wp\/v2\/users\/1"}],"replies":[{"embeddable":true,"href":"https:\/\/www.rezeau.org\/wp-flore\/wp-json\/wp\/v2\/comments?post=1094"}],"version-history":[{"count":4,"href":"https:\/\/www.rezeau.org\/wp-flore\/wp-json\/wp\/v2\/pages\/1094\/revisions"}],"predecessor-version":[{"id":4381,"href":"https:\/\/www.rezeau.org\/wp-flore\/wp-json\/wp\/v2\/pages\/1094\/revisions\/4381"}],"wp:featuredmedia":[{"embeddable":true,"href":"https:\/\/www.rezeau.org\/wp-flore\/wp-json\/wp\/v2\/media\/1058"}],"wp:attachment":[{"href":"https:\/\/www.rezeau.org\/wp-flore\/wp-json\/wp\/v2\/media?parent=1094"}],"wp:term":[{"taxonomy":"category","embeddable":true,"href":"https:\/\/www.rezeau.org\/wp-flore\/wp-json\/wp\/v2\/categories?post=1094"},{"taxonomy":"post_tag","embeddable":true,"href":"https:\/\/www.rezeau.org\/wp-flore\/wp-json\/wp\/v2\/tags?post=1094"}],"curies":[{"name":"wp","href":"https:\/\/api.w.org\/{rel}","templated":true}]}}