{"id":1104,"date":"2016-03-17T09:09:53","date_gmt":"2016-03-17T08:09:53","guid":{"rendered":"http:\/\/www.rezeau.org\/wp-flore\/?page_id=1104"},"modified":"2021-06-21T23:09:00","modified_gmt":"2021-06-21T21:09:00","slug":"linaria-repens-l-mill","status":"publish","type":"page","link":"https:\/\/www.rezeau.org\/wp-flore\/linaria-repens-l-mill\/","title":{"rendered":"Linaria repens"},"content":{"rendered":"\n<table class=\"desc\">\n<tbody>\n<tr>\n<td><strong>2690. \u2013 Linaria striata DC. (L. decumbens Moench).<\/strong><\/td>\n<\/tr>\n<tr>\n<td>\u2013 Plante vivace de 30-80 cm, glabre et glaucescente, \u00e0 souche rampante ; tiges ascendantes ou dress\u00e9es, fortes, rameuses, tr\u00e8s feuill\u00e9es ; feuilles inf\u00e9rieurs verticill\u00e9es par 3-4, les sup\u00e9rieurs \u00e9parses, lin\u00e9aires-lanc\u00e9ol\u00e9es, aigu\u00ebs ; fleurs blanc-lilas stri\u00e9 de violet \u00e0 palais jaune, moyennes, en grappes longues et assez l\u00e2ches ; p\u00e9doncules un peu plus longs que le calice ; bract\u00e9es lin\u00e9aires ; calice glabre, \u00e0 lobes lin\u00e9aires-lanc\u00e9ol\u00e9s ; corolle de 8-14 mm, \u00e0 \u00e9peron droit, obtus, 3 fois plus court qu&#8217;elle ; stigmate entier ; capsule subglobuleuse, d\u00e9passant le calice ; graines ovo\u00efdes \u2013 anguleuses, rid\u00e9es en travers, non ail\u00e9es.<\/td>\n<\/tr>\n<tr>\n<td><em><strong>taxon modifi\u00e9 le : 18\/11\/2015<\/strong><\/em><\/td>\n<\/tr>\n<\/tbody>\n<\/table>\n","protected":false},"excerpt":{"rendered":"<p>2690. \u2013 Linaria striata DC. (L. decumbens Moench). \u2013 Plante vivace de 30-80 cm, glabre et glaucescente, \u00e0 souche rampante ; tiges ascendantes ou dress\u00e9es, fortes, rameuses, tr\u00e8s feuill\u00e9es ; feuilles inf\u00e9rieurs verticill\u00e9es par 3-4, les sup\u00e9rieurs \u00e9parses, lin\u00e9aires-lanc\u00e9ol\u00e9es, aigu\u00ebs ; fleurs blanc-lilas stri\u00e9 de violet \u00e0 palais jaune, moyennes, en grappes longues et assez&hellip;<\/p>\n","protected":false},"author":1,"featured_media":1062,"parent":0,"menu_order":0,"comment_status":"closed","ping_status":"closed","template":"","meta":{"_acf_changed":false,"footnotes":""},"categories":[181,6,58],"tags":[],"class_list":["post-1104","page","type-page","status-publish","has-post-thumbnail","hentry","category-linaria","category-plantae","category-scrophulariaceae"],"acf":[],"_links":{"self":[{"href":"https:\/\/www.rezeau.org\/wp-flore\/wp-json\/wp\/v2\/pages\/1104","targetHints":{"allow":["GET"]}}],"collection":[{"href":"https:\/\/www.rezeau.org\/wp-flore\/wp-json\/wp\/v2\/pages"}],"about":[{"href":"https:\/\/www.rezeau.org\/wp-flore\/wp-json\/wp\/v2\/types\/page"}],"author":[{"embeddable":true,"href":"https:\/\/www.rezeau.org\/wp-flore\/wp-json\/wp\/v2\/users\/1"}],"replies":[{"embeddable":true,"href":"https:\/\/www.rezeau.org\/wp-flore\/wp-json\/wp\/v2\/comments?post=1104"}],"version-history":[{"count":4,"href":"https:\/\/www.rezeau.org\/wp-flore\/wp-json\/wp\/v2\/pages\/1104\/revisions"}],"predecessor-version":[{"id":4386,"href":"https:\/\/www.rezeau.org\/wp-flore\/wp-json\/wp\/v2\/pages\/1104\/revisions\/4386"}],"wp:featuredmedia":[{"embeddable":true,"href":"https:\/\/www.rezeau.org\/wp-flore\/wp-json\/wp\/v2\/media\/1062"}],"wp:attachment":[{"href":"https:\/\/www.rezeau.org\/wp-flore\/wp-json\/wp\/v2\/media?parent=1104"}],"wp:term":[{"taxonomy":"category","embeddable":true,"href":"https:\/\/www.rezeau.org\/wp-flore\/wp-json\/wp\/v2\/categories?post=1104"},{"taxonomy":"post_tag","embeddable":true,"href":"https:\/\/www.rezeau.org\/wp-flore\/wp-json\/wp\/v2\/tags?post=1104"}],"curies":[{"name":"wp","href":"https:\/\/api.w.org\/{rel}","templated":true}]}}