{"id":1127,"date":"2016-03-17T09:39:40","date_gmt":"2016-03-17T08:39:40","guid":{"rendered":"http:\/\/www.rezeau.org\/wp-flore\/?page_id=1127"},"modified":"2021-06-21T23:12:25","modified_gmt":"2021-06-21T21:12:25","slug":"lonicera-periclymenum-l","status":"publish","type":"page","link":"https:\/\/www.rezeau.org\/wp-flore\/lonicera-periclymenum-l\/","title":{"rendered":"Lonicera periclymenum"},"content":{"rendered":"\n<table class=\"desc\">\n<tbody>\n<tr>\n<td><span class=\"gras\">1655 Lonicera periclymenum L.&nbsp;<\/span><span class=\"italique\">Ch\u00e8vrefeuille des bois<\/span><\/td>\n<\/tr>\n<tr>\n<td>&#8211; .&nbsp;Sous-arbrisseau&nbsp;de 1-3 m\u00e8tres et plus, volubile, \u00e0 jeunes rameaux&nbsp;pubescents&nbsp;au sommet&nbsp;<br>&#8211;&nbsp;feuilles&nbsp;caduques, souvent molles et minces,&nbsp;ovales-lanc\u00e9ol\u00e9es,&nbsp;aigu\u00ebs, sans bordure transparente,&nbsp;glabres&nbsp;ou&nbsp;pubescentes, les sup\u00e9rieures&nbsp;sessiles, non&nbsp;conn\u00e9es&nbsp;<br>&#8211;&nbsp;fleurs&nbsp;d&#8217;un blanc jaun\u00e2tre ou rouge\u00e2tre, odorantes,&nbsp;sessiles,&nbsp;verticill\u00e9es&nbsp;en&nbsp;t\u00eates&nbsp;terminales longuement&nbsp;p\u00e9doncul\u00e9es&nbsp;<br>&#8211;&nbsp;calice&nbsp;\u00e0 dents&nbsp;lanc\u00e9ol\u00e9es-aigu\u00ebs&nbsp;<br>&#8211;&nbsp;corolle&nbsp;pubescente-glanduleuse, \u00e0&nbsp;tube&nbsp;plus long que le&nbsp;limbe&nbsp;<br>&#8211;&nbsp;style&nbsp;glabre&nbsp;<br>&#8211;&nbsp;baies&nbsp;ovo\u00efdes, rouges.<\/td>\n<\/tr>\n<tr>\n<td><span class=\"titre\">\u00c9cologie&nbsp;<\/span>Haies et bois, surtout des terrains&nbsp;<span class=\"definition_term\">siliceux<\/span>, dans presque toute la France&nbsp;; rare dans la r\u00e9gion m\u00e9diterran\u00e9enne.<\/td>\n<\/tr>\n<tr>\n<td><span class=\"titre\">R\u00e9partition&nbsp;<\/span>Europe, surtout centrale, jusqu&#8217;\u00e0 la Su\u00e8de&nbsp;; Afrique septentrionale.<\/td>\n<\/tr>\n<tr>\n<td><span class=\"titre\">Floraison&nbsp;<\/span>Juin-septembre.<\/td>\n<\/tr>\n<\/tbody>\n<\/table>\n","protected":false},"excerpt":{"rendered":"<p>1655 Lonicera periclymenum L.&nbsp;Ch\u00e8vrefeuille des bois &#8211; .&nbsp;Sous-arbrisseau&nbsp;de 1-3 m\u00e8tres et plus, volubile, \u00e0 jeunes rameaux&nbsp;pubescents&nbsp;au sommet&nbsp;&#8211;&nbsp;feuilles&nbsp;caduques, souvent molles et minces,&nbsp;ovales-lanc\u00e9ol\u00e9es,&nbsp;aigu\u00ebs, sans bordure transparente,&nbsp;glabres&nbsp;ou&nbsp;pubescentes, les sup\u00e9rieures&nbsp;sessiles, non&nbsp;conn\u00e9es&nbsp;&#8211;&nbsp;fleurs&nbsp;d&#8217;un blanc jaun\u00e2tre ou rouge\u00e2tre, odorantes,&nbsp;sessiles,&nbsp;verticill\u00e9es&nbsp;en&nbsp;t\u00eates&nbsp;terminales longuement&nbsp;p\u00e9doncul\u00e9es&nbsp;&#8211;&nbsp;calice&nbsp;\u00e0 dents&nbsp;lanc\u00e9ol\u00e9es-aigu\u00ebs&nbsp;&#8211;&nbsp;corolle&nbsp;pubescente-glanduleuse, \u00e0&nbsp;tube&nbsp;plus long que le&nbsp;limbe&nbsp;&#8211;&nbsp;style&nbsp;glabre&nbsp;&#8211;&nbsp;baies&nbsp;ovo\u00efdes, rouges. \u00c9cologie&nbsp;Haies et bois, surtout des terrains&nbsp;siliceux, dans presque toute la France&nbsp;; rare dans la r\u00e9gion m\u00e9diterran\u00e9enne.&hellip;<\/p>\n","protected":false},"author":1,"featured_media":1073,"parent":0,"menu_order":0,"comment_status":"closed","ping_status":"closed","template":"","meta":{"_acf_changed":false,"footnotes":""},"categories":[21,184,6],"tags":[],"class_list":["post-1127","page","type-page","status-publish","has-post-thumbnail","hentry","category-caprifoliaceae","category-lonicera","category-plantae"],"acf":[],"_links":{"self":[{"href":"https:\/\/www.rezeau.org\/wp-flore\/wp-json\/wp\/v2\/pages\/1127","targetHints":{"allow":["GET"]}}],"collection":[{"href":"https:\/\/www.rezeau.org\/wp-flore\/wp-json\/wp\/v2\/pages"}],"about":[{"href":"https:\/\/www.rezeau.org\/wp-flore\/wp-json\/wp\/v2\/types\/page"}],"author":[{"embeddable":true,"href":"https:\/\/www.rezeau.org\/wp-flore\/wp-json\/wp\/v2\/users\/1"}],"replies":[{"embeddable":true,"href":"https:\/\/www.rezeau.org\/wp-flore\/wp-json\/wp\/v2\/comments?post=1127"}],"version-history":[{"count":3,"href":"https:\/\/www.rezeau.org\/wp-flore\/wp-json\/wp\/v2\/pages\/1127\/revisions"}],"predecessor-version":[{"id":4389,"href":"https:\/\/www.rezeau.org\/wp-flore\/wp-json\/wp\/v2\/pages\/1127\/revisions\/4389"}],"wp:featuredmedia":[{"embeddable":true,"href":"https:\/\/www.rezeau.org\/wp-flore\/wp-json\/wp\/v2\/media\/1073"}],"wp:attachment":[{"href":"https:\/\/www.rezeau.org\/wp-flore\/wp-json\/wp\/v2\/media?parent=1127"}],"wp:term":[{"taxonomy":"category","embeddable":true,"href":"https:\/\/www.rezeau.org\/wp-flore\/wp-json\/wp\/v2\/categories?post=1127"},{"taxonomy":"post_tag","embeddable":true,"href":"https:\/\/www.rezeau.org\/wp-flore\/wp-json\/wp\/v2\/tags?post=1127"}],"curies":[{"name":"wp","href":"https:\/\/api.w.org\/{rel}","templated":true}]}}