{"id":1190,"date":"2016-03-17T17:43:55","date_gmt":"2016-03-17T16:43:55","guid":{"rendered":"http:\/\/www.rezeau.org\/wp-flore\/?page_id=1190"},"modified":"2021-06-21T23:21:54","modified_gmt":"2021-06-21T21:21:54","slug":"lycopus-europaeus-l","status":"publish","type":"page","link":"https:\/\/www.rezeau.org\/wp-flore\/lycopus-europaeus-l\/","title":{"rendered":"Lycopus europaeus"},"content":{"rendered":"\n<table class=\"desc\">\n<tbody>\n<tr>\n<td><span class=\"gras\">2847 Lycopus europaeus L.&nbsp;<\/span><span class=\"italique\">Chanvre d&#8217;eau<\/span><\/td>\n<\/tr>\n<tr>\n<td>&#8211; . Plante&nbsp;vivace&nbsp;de 30 cm \u00e0 1 m\u00e8tre,&nbsp;glabrescente&nbsp;ou&nbsp;pubescente, inodore, \u00e0&nbsp;souche&nbsp;rampante&nbsp;<br>&#8211;&nbsp;tige&nbsp;dress\u00e9e,&nbsp;sillonn\u00e9e&nbsp;<br>&#8211;&nbsp;feuilles&nbsp;grandes, courtement&nbsp;p\u00e9tiol\u00e9es,&nbsp;ovales-lanc\u00e9ol\u00e9es,&nbsp;dent\u00e9es-incis\u00e9es&nbsp;et souvent&nbsp;pennatifides&nbsp;\u00e0 la base&nbsp;<br>&#8211;&nbsp;fleurs&nbsp;blanches&nbsp;ponctu\u00e9es&nbsp;de rouge, petites, en&nbsp;verticilles&nbsp;axillaires&nbsp;sessiles, \u00e9cart\u00e9s, tr\u00e8s denses&nbsp;<br>&#8211;&nbsp;calice&nbsp;en cloche,&nbsp;pubescent, \u00e0 10&nbsp;nervures&nbsp;peu&nbsp;saillantes, \u00e0 5 dents \u00e9gales,&nbsp;lanc\u00e9ol\u00e9es&nbsp;en al\u00eane, \u00e0 pointe rigide&nbsp;<br>&#8211;&nbsp;corolle&nbsp;en entonnoir, \u00e0&nbsp;tube&nbsp;inclus, \u00e0 4&nbsp;lobes&nbsp;presque \u00e9gaux, le sup\u00e9rieur un peu \u00e9chancr\u00e9&nbsp;<br>&#8211; 2&nbsp;\u00e9tamines&nbsp;fertiles&nbsp;divergentes, les 2 sup\u00e9rieures rudimentaires&nbsp;<br>&#8211;&nbsp;anth\u00e8res&nbsp;\u00e0&nbsp;loges&nbsp;divergentes&nbsp;<br>&#8211;&nbsp;carpelles&nbsp;lisses, t\u00e9tra\u00e9driques,&nbsp;tronqu\u00e9s-bord\u00e9s au sommet.<\/td>\n<\/tr>\n<tr>\n<td><span class=\"titre\">\u00c9cologie&nbsp;<\/span>Lieux humides, dans toute la France et la Corse.<\/td>\n<\/tr>\n<tr>\n<td><span class=\"titre\">R\u00e9partition&nbsp;<\/span>Europe&nbsp;; Asie occidentale et bor\u00e9ale&nbsp;; Afrique septentrionale.<\/td>\n<\/tr>\n<tr>\n<td><span class=\"titre\">Floraison&nbsp;<\/span>Juillet-septembre.<\/td>\n<\/tr>\n<\/tbody>\n<\/table>\n","protected":false},"excerpt":{"rendered":"<p>2847 Lycopus europaeus L.&nbsp;Chanvre d&#8217;eau &#8211; . Plante&nbsp;vivace&nbsp;de 30 cm \u00e0 1 m\u00e8tre,&nbsp;glabrescente&nbsp;ou&nbsp;pubescente, inodore, \u00e0&nbsp;souche&nbsp;rampante&nbsp;&#8211;&nbsp;tige&nbsp;dress\u00e9e,&nbsp;sillonn\u00e9e&nbsp;&#8211;&nbsp;feuilles&nbsp;grandes, courtement&nbsp;p\u00e9tiol\u00e9es,&nbsp;ovales-lanc\u00e9ol\u00e9es,&nbsp;dent\u00e9es-incis\u00e9es&nbsp;et souvent&nbsp;pennatifides&nbsp;\u00e0 la base&nbsp;&#8211;&nbsp;fleurs&nbsp;blanches&nbsp;ponctu\u00e9es&nbsp;de rouge, petites, en&nbsp;verticilles&nbsp;axillaires&nbsp;sessiles, \u00e9cart\u00e9s, tr\u00e8s denses&nbsp;&#8211;&nbsp;calice&nbsp;en cloche,&nbsp;pubescent, \u00e0 10&nbsp;nervures&nbsp;peu&nbsp;saillantes, \u00e0 5 dents \u00e9gales,&nbsp;lanc\u00e9ol\u00e9es&nbsp;en al\u00eane, \u00e0 pointe rigide&nbsp;&#8211;&nbsp;corolle&nbsp;en entonnoir, \u00e0&nbsp;tube&nbsp;inclus, \u00e0 4&nbsp;lobes&nbsp;presque \u00e9gaux, le sup\u00e9rieur un peu \u00e9chancr\u00e9&nbsp;&#8211; 2&nbsp;\u00e9tamines&nbsp;fertiles&nbsp;divergentes, les 2 sup\u00e9rieures rudimentaires&nbsp;&#8211;&nbsp;anth\u00e8res&nbsp;\u00e0&nbsp;loges&nbsp;divergentes&nbsp;&#8211;&nbsp;carpelles&nbsp;lisses, t\u00e9tra\u00e9driques,&nbsp;tronqu\u00e9s-bord\u00e9s au sommet. \u00c9cologie&nbsp;Lieux&hellip;<\/p>\n","protected":false},"author":1,"featured_media":1149,"parent":0,"menu_order":0,"comment_status":"closed","ping_status":"closed","template":"","meta":{"_acf_changed":false,"footnotes":""},"categories":[41,188,6],"tags":[],"class_list":["post-1190","page","type-page","status-publish","has-post-thumbnail","hentry","category-lamiaceae","category-lycopus","category-plantae"],"acf":[],"_links":{"self":[{"href":"https:\/\/www.rezeau.org\/wp-flore\/wp-json\/wp\/v2\/pages\/1190","targetHints":{"allow":["GET"]}}],"collection":[{"href":"https:\/\/www.rezeau.org\/wp-flore\/wp-json\/wp\/v2\/pages"}],"about":[{"href":"https:\/\/www.rezeau.org\/wp-flore\/wp-json\/wp\/v2\/types\/page"}],"author":[{"embeddable":true,"href":"https:\/\/www.rezeau.org\/wp-flore\/wp-json\/wp\/v2\/users\/1"}],"replies":[{"embeddable":true,"href":"https:\/\/www.rezeau.org\/wp-flore\/wp-json\/wp\/v2\/comments?post=1190"}],"version-history":[{"count":3,"href":"https:\/\/www.rezeau.org\/wp-flore\/wp-json\/wp\/v2\/pages\/1190\/revisions"}],"predecessor-version":[{"id":4396,"href":"https:\/\/www.rezeau.org\/wp-flore\/wp-json\/wp\/v2\/pages\/1190\/revisions\/4396"}],"wp:featuredmedia":[{"embeddable":true,"href":"https:\/\/www.rezeau.org\/wp-flore\/wp-json\/wp\/v2\/media\/1149"}],"wp:attachment":[{"href":"https:\/\/www.rezeau.org\/wp-flore\/wp-json\/wp\/v2\/media?parent=1190"}],"wp:term":[{"taxonomy":"category","embeddable":true,"href":"https:\/\/www.rezeau.org\/wp-flore\/wp-json\/wp\/v2\/categories?post=1190"},{"taxonomy":"post_tag","embeddable":true,"href":"https:\/\/www.rezeau.org\/wp-flore\/wp-json\/wp\/v2\/tags?post=1190"}],"curies":[{"name":"wp","href":"https:\/\/api.w.org\/{rel}","templated":true}]}}