{"id":1228,"date":"2016-03-17T18:24:42","date_gmt":"2016-03-17T17:24:42","guid":{"rendered":"http:\/\/www.rezeau.org\/wp-flore\/?page_id=1228"},"modified":"2017-11-11T23:19:22","modified_gmt":"2017-11-11T22:19:22","slug":"tripleurospermum-inodorum-l-sch-bip","status":"publish","type":"page","link":"https:\/\/www.rezeau.org\/wp-flore\/tripleurospermum-inodorum-l-sch-bip\/","title":{"rendered":"Tripleurospermum inodorum"},"content":{"rendered":"<pre>1947. \u2013 Matricaria chamomilla L. \u2013 Camomille ordinaire.<\/pre>\n<p>\u2013 Plante annuelle glabre, aromatique, de 2-5 dm dress\u00e9e ou ascendante, rameuse ; feuilles bipennatis\u00e9qu\u00e9es \u00e0 segments presque filiformes ; involucre \u00e0 folioles int\u00e9rieures oblongues-obovales largement scarieuses ; ak\u00e8nes tr\u00e8s petites (1 mm environ) d&#8217;un blanc jaun\u00e2tre, subcylindriques, un peu arqu\u00e9s, avec 5 c\u00f4tes filiformes sur la face interne, lisses sur le dos \u00e0 disque \u00e9pigyne tr\u00e8s oblique muni d&#8217;un rebord tr\u00e8s court ; r\u00e9ceptacle creux \u00e0 la fin conique et aigu ; capitules m\u00e9diocres (environ 2 cm de diam\u00e8tre) en corymbe ; fleurs du centre jaunes, ligules blanches.<\/p>\n<p><em>taxon modifi\u00e9 le : 10\/04\/2015 ; changement de genre<\/em><\/p>\n","protected":false},"excerpt":{"rendered":"<p>1947. \u2013 Matricaria chamomilla L. \u2013 Camomille ordinaire. \u2013 Plante annuelle glabre, aromatique, de 2-5 dm dress\u00e9e ou ascendante, rameuse ; feuilles bipennatis\u00e9qu\u00e9es \u00e0 segments presque filiformes ; involucre \u00e0 folioles int\u00e9rieures oblongues-obovales largement scarieuses ; ak\u00e8nes tr\u00e8s petites (1 mm environ) d&#8217;un blanc jaun\u00e2tre, subcylindriques, un peu arqu\u00e9s, avec 5 c\u00f4tes filiformes sur la&hellip;<\/p>\n","protected":false},"author":1,"featured_media":1169,"parent":0,"menu_order":0,"comment_status":"closed","ping_status":"closed","template":"","meta":{"_acf_changed":false,"footnotes":""},"categories":[14,6,192],"tags":[],"class_list":["post-1228","page","type-page","status-publish","has-post-thumbnail","hentry","category-asteraceae","category-plantae","category-tripleurospermum"],"acf":[],"_links":{"self":[{"href":"https:\/\/www.rezeau.org\/wp-flore\/wp-json\/wp\/v2\/pages\/1228","targetHints":{"allow":["GET"]}}],"collection":[{"href":"https:\/\/www.rezeau.org\/wp-flore\/wp-json\/wp\/v2\/pages"}],"about":[{"href":"https:\/\/www.rezeau.org\/wp-flore\/wp-json\/wp\/v2\/types\/page"}],"author":[{"embeddable":true,"href":"https:\/\/www.rezeau.org\/wp-flore\/wp-json\/wp\/v2\/users\/1"}],"replies":[{"embeddable":true,"href":"https:\/\/www.rezeau.org\/wp-flore\/wp-json\/wp\/v2\/comments?post=1228"}],"version-history":[{"count":3,"href":"https:\/\/www.rezeau.org\/wp-flore\/wp-json\/wp\/v2\/pages\/1228\/revisions"}],"predecessor-version":[{"id":3681,"href":"https:\/\/www.rezeau.org\/wp-flore\/wp-json\/wp\/v2\/pages\/1228\/revisions\/3681"}],"wp:featuredmedia":[{"embeddable":true,"href":"https:\/\/www.rezeau.org\/wp-flore\/wp-json\/wp\/v2\/media\/1169"}],"wp:attachment":[{"href":"https:\/\/www.rezeau.org\/wp-flore\/wp-json\/wp\/v2\/media?parent=1228"}],"wp:term":[{"taxonomy":"category","embeddable":true,"href":"https:\/\/www.rezeau.org\/wp-flore\/wp-json\/wp\/v2\/categories?post=1228"},{"taxonomy":"post_tag","embeddable":true,"href":"https:\/\/www.rezeau.org\/wp-flore\/wp-json\/wp\/v2\/tags?post=1228"}],"curies":[{"name":"wp","href":"https:\/\/api.w.org\/{rel}","templated":true}]}}