{"id":1290,"date":"2016-03-18T12:09:35","date_gmt":"2016-03-18T11:09:35","guid":{"rendered":"http:\/\/www.rezeau.org\/wp-flore\/?page_id=1290"},"modified":"2021-06-21T23:37:01","modified_gmt":"2021-06-21T21:37:01","slug":"mercurialis-annua-l","status":"publish","type":"page","link":"https:\/\/www.rezeau.org\/wp-flore\/mercurialis-annua-l\/","title":{"rendered":"Mercurialis annua"},"content":{"rendered":"\n<table class=\"desc\">\n<tbody>\n<tr>\n<td><span class=\"gras\">3248 Mercurialis annua L.&nbsp;<\/span><span class=\"italique\">Foirolle, Ramberge<\/span><\/td>\n<\/tr>\n<tr>\n<td>&#8211; . Plante&nbsp;annuelle&nbsp;de 10-50 cm,&nbsp;glabrescente, \u00e0&nbsp;racine&nbsp;pivotante&nbsp;<br>&#8211;&nbsp;tige&nbsp;herbac\u00e9e,&nbsp;rameuse&nbsp;et feuill\u00e9e d\u00e8s la base&nbsp;<br>&#8211;&nbsp;feuilles&nbsp;d&#8217;un vert clair, molles,&nbsp;cili\u00e9es,&nbsp;p\u00e9tiol\u00e9es,&nbsp;ovales&nbsp;ou&nbsp;ovales-lanc\u00e9ol\u00e9es, l\u00e2chement&nbsp;cr\u00e9nel\u00e9es-dent\u00e9es, ordinairement arrondies \u00e0 la base&nbsp;<br>&#8211;&nbsp;fleurs&nbsp;m\u00e2les en&nbsp;glom\u00e9rules&nbsp;formant un&nbsp;\u00e9pi&nbsp;assez long, les femelles solitaires et&nbsp;subsessiles&nbsp;<br>&#8211;&nbsp;capsule&nbsp;large de 3-4 mm,&nbsp;hispides&nbsp;\u00e0 poils \u00e9paissis \u00e0 la base&nbsp;<br>&#8211; graines petites,&nbsp;ovo\u00efdes, gris clair. Varie, dans le Midi, \u00e0&nbsp;fleurs&nbsp;mono\u00efques, les m\u00e2les&nbsp;p\u00e9doncul\u00e9es&nbsp;au milieu des femelles&nbsp;subsessiles&nbsp;(M. ambigua L.)&nbsp;<br>&#8211; \u00e0 plante plus petite,&nbsp;feuilles&nbsp;glabres&nbsp;et \u00e0 peine&nbsp;dent\u00e9es,&nbsp;capsule&nbsp;peu&nbsp;h\u00e9riss\u00e9e&nbsp;(M. huetii Hanry).<\/td>\n<\/tr>\n<tr>\n<td><span class=\"titre\">\u00c9cologie&nbsp;<\/span>Lieux cultiv\u00e9s et incultes, dans toute la France et en Corse.<\/td>\n<\/tr>\n<tr>\n<td><span class=\"titre\">R\u00e9partition&nbsp;<\/span>Europe&nbsp;; Asie occidentale&nbsp;; Afrique septentrionale.<\/td>\n<\/tr>\n<tr>\n<td><span class=\"titre\">Floraison&nbsp;<\/span>Avril-novembre. .<\/td>\n<\/tr>\n<tr>\n<td><span class=\"titre\">Usages<\/span>&nbsp;Plante \u00e9molliente et laxative.<\/td>\n<\/tr>\n<\/tbody>\n<\/table>\n","protected":false},"excerpt":{"rendered":"<p>3248 Mercurialis annua L.&nbsp;Foirolle, Ramberge &#8211; . Plante&nbsp;annuelle&nbsp;de 10-50 cm,&nbsp;glabrescente, \u00e0&nbsp;racine&nbsp;pivotante&nbsp;&#8211;&nbsp;tige&nbsp;herbac\u00e9e,&nbsp;rameuse&nbsp;et feuill\u00e9e d\u00e8s la base&nbsp;&#8211;&nbsp;feuilles&nbsp;d&#8217;un vert clair, molles,&nbsp;cili\u00e9es,&nbsp;p\u00e9tiol\u00e9es,&nbsp;ovales&nbsp;ou&nbsp;ovales-lanc\u00e9ol\u00e9es, l\u00e2chement&nbsp;cr\u00e9nel\u00e9es-dent\u00e9es, ordinairement arrondies \u00e0 la base&nbsp;&#8211;&nbsp;fleurs&nbsp;m\u00e2les en&nbsp;glom\u00e9rules&nbsp;formant un&nbsp;\u00e9pi&nbsp;assez long, les femelles solitaires et&nbsp;subsessiles&nbsp;&#8211;&nbsp;capsule&nbsp;large de 3-4 mm,&nbsp;hispides&nbsp;\u00e0 poils \u00e9paissis \u00e0 la base&nbsp;&#8211; graines petites,&nbsp;ovo\u00efdes, gris clair. Varie, dans le Midi, \u00e0&nbsp;fleurs&nbsp;mono\u00efques, les m\u00e2les&nbsp;p\u00e9doncul\u00e9es&nbsp;au milieu des femelles&nbsp;subsessiles&nbsp;(M. ambigua L.)&nbsp;&#8211;&hellip;<\/p>\n","protected":false},"author":1,"featured_media":1258,"parent":0,"menu_order":0,"comment_status":"closed","ping_status":"closed","template":"","meta":{"_acf_changed":false,"footnotes":""},"categories":[32,195,6],"tags":[],"class_list":["post-1290","page","type-page","status-publish","has-post-thumbnail","hentry","category-euphorbiaceae","category-mercurialis","category-plantae"],"acf":[],"_links":{"self":[{"href":"https:\/\/www.rezeau.org\/wp-flore\/wp-json\/wp\/v2\/pages\/1290","targetHints":{"allow":["GET"]}}],"collection":[{"href":"https:\/\/www.rezeau.org\/wp-flore\/wp-json\/wp\/v2\/pages"}],"about":[{"href":"https:\/\/www.rezeau.org\/wp-flore\/wp-json\/wp\/v2\/types\/page"}],"author":[{"embeddable":true,"href":"https:\/\/www.rezeau.org\/wp-flore\/wp-json\/wp\/v2\/users\/1"}],"replies":[{"embeddable":true,"href":"https:\/\/www.rezeau.org\/wp-flore\/wp-json\/wp\/v2\/comments?post=1290"}],"version-history":[{"count":3,"href":"https:\/\/www.rezeau.org\/wp-flore\/wp-json\/wp\/v2\/pages\/1290\/revisions"}],"predecessor-version":[{"id":4410,"href":"https:\/\/www.rezeau.org\/wp-flore\/wp-json\/wp\/v2\/pages\/1290\/revisions\/4410"}],"wp:featuredmedia":[{"embeddable":true,"href":"https:\/\/www.rezeau.org\/wp-flore\/wp-json\/wp\/v2\/media\/1258"}],"wp:attachment":[{"href":"https:\/\/www.rezeau.org\/wp-flore\/wp-json\/wp\/v2\/media?parent=1290"}],"wp:term":[{"taxonomy":"category","embeddable":true,"href":"https:\/\/www.rezeau.org\/wp-flore\/wp-json\/wp\/v2\/categories?post=1290"},{"taxonomy":"post_tag","embeddable":true,"href":"https:\/\/www.rezeau.org\/wp-flore\/wp-json\/wp\/v2\/tags?post=1290"}],"curies":[{"name":"wp","href":"https:\/\/api.w.org\/{rel}","templated":true}]}}