{"id":1296,"date":"2016-03-18T12:14:35","date_gmt":"2016-03-18T11:14:35","guid":{"rendered":"http:\/\/www.rezeau.org\/wp-flore\/?page_id=1296"},"modified":"2021-06-21T23:38:02","modified_gmt":"2021-06-21T21:38:02","slug":"misopates-orontium-l-raf","status":"publish","type":"page","link":"https:\/\/www.rezeau.org\/wp-flore\/misopates-orontium-l-raf\/","title":{"rendered":"Misopates orontium"},"content":{"rendered":"\n<table class=\"desc\">\n<tbody>\n<tr>\n<td><span class=\"gras\">2667 Antirrhinum orontium L.&nbsp;<\/span><span class=\"italique\"><span class=\"definition_term\">T\u00eate<\/span>-de-mort<\/span><\/td>\n<\/tr>\n<tr>\n<td>&#8211; . Plante&nbsp;annuelle&nbsp;de 20-50 cm, plus ou moins&nbsp;velue, \u00e0&nbsp;racine&nbsp;gr\u00eale&nbsp;<br>&#8211;&nbsp;tige&nbsp;dress\u00e9e,&nbsp;simple&nbsp;ou&nbsp;rameuse,&nbsp;glanduleuse&nbsp;dans le haut&nbsp;<br>&#8211;&nbsp;feuilles&nbsp;oppos\u00e9es&nbsp;ou&nbsp;alternes,&nbsp;glabres&nbsp;ou&nbsp;poilues,&nbsp;lanc\u00e9ol\u00e9es&nbsp;ou&nbsp;lin\u00e9aires,&nbsp;att\u00e9nu\u00e9es&nbsp;en court&nbsp;p\u00e9tiole,&nbsp;enti\u00e8res, noircissant par la dessiccation&nbsp;<br>&#8211;&nbsp;fleurs&nbsp;roses \u00e0&nbsp;palais&nbsp;jaun\u00e2tre, assez petites,&nbsp;axillaires, solitaires,&nbsp;subsessiles, isol\u00e9es ou en&nbsp;grappe&nbsp;spiciforme&nbsp;interrompue et feuill\u00e9e&nbsp;<br>&#8211;&nbsp;calice&nbsp;velu, \u00e0&nbsp;lobes&nbsp;lin\u00e9aires, tr\u00e8s in\u00e9gaux, \u00e9galant ou d\u00e9passant la&nbsp;corolle&nbsp;<br>&#8211;&nbsp;corolle&nbsp;de 10-15 mm, \u00e0&nbsp;tube&nbsp;velu&nbsp;<br>&#8211;&nbsp;capsule&nbsp;oblique&nbsp;ovale,&nbsp;velue, plus courte que le&nbsp;calice.<\/td>\n<\/tr>\n<tr>\n<td><span class=\"titre\">\u00c9cologie&nbsp;<\/span>Lieux cultiv\u00e9s et sablonneux, clans toute la France et en Corse.<\/td>\n<\/tr>\n<tr>\n<td><span class=\"titre\">R\u00e9partition&nbsp;<\/span>Europe&nbsp;; Asie occidentale, jusqu&#8217;\u00e0 l&#8217;Himalaya&nbsp;; Afrique septentrionale.<\/td>\n<\/tr>\n<tr>\n<td><span class=\"titre\">Floraison&nbsp;<\/span>Juin-septembre.<\/td>\n<\/tr>\n<\/tbody>\n<\/table>\n","protected":false},"excerpt":{"rendered":"<p>2667 Antirrhinum orontium L.&nbsp;T\u00eate-de-mort &#8211; . Plante&nbsp;annuelle&nbsp;de 20-50 cm, plus ou moins&nbsp;velue, \u00e0&nbsp;racine&nbsp;gr\u00eale&nbsp;&#8211;&nbsp;tige&nbsp;dress\u00e9e,&nbsp;simple&nbsp;ou&nbsp;rameuse,&nbsp;glanduleuse&nbsp;dans le haut&nbsp;&#8211;&nbsp;feuilles&nbsp;oppos\u00e9es&nbsp;ou&nbsp;alternes,&nbsp;glabres&nbsp;ou&nbsp;poilues,&nbsp;lanc\u00e9ol\u00e9es&nbsp;ou&nbsp;lin\u00e9aires,&nbsp;att\u00e9nu\u00e9es&nbsp;en court&nbsp;p\u00e9tiole,&nbsp;enti\u00e8res, noircissant par la dessiccation&nbsp;&#8211;&nbsp;fleurs&nbsp;roses \u00e0&nbsp;palais&nbsp;jaun\u00e2tre, assez petites,&nbsp;axillaires, solitaires,&nbsp;subsessiles, isol\u00e9es ou en&nbsp;grappe&nbsp;spiciforme&nbsp;interrompue et feuill\u00e9e&nbsp;&#8211;&nbsp;calice&nbsp;velu, \u00e0&nbsp;lobes&nbsp;lin\u00e9aires, tr\u00e8s in\u00e9gaux, \u00e9galant ou d\u00e9passant la&nbsp;corolle&nbsp;&#8211;&nbsp;corolle&nbsp;de 10-15 mm, \u00e0&nbsp;tube&nbsp;velu&nbsp;&#8211;&nbsp;capsule&nbsp;oblique&nbsp;ovale,&nbsp;velue, plus courte que le&nbsp;calice. \u00c9cologie&nbsp;Lieux cultiv\u00e9s et sablonneux, clans toute la France et en Corse. R\u00e9partition&nbsp;Europe&nbsp;;&hellip;<\/p>\n","protected":false},"author":1,"featured_media":1260,"parent":0,"menu_order":0,"comment_status":"closed","ping_status":"closed","template":"","meta":{"_acf_changed":false,"footnotes":""},"categories":[196,6,50],"tags":[],"class_list":["post-1296","page","type-page","status-publish","has-post-thumbnail","hentry","category-misopates","category-plantae","category-plantaginaceae"],"acf":[],"_links":{"self":[{"href":"https:\/\/www.rezeau.org\/wp-flore\/wp-json\/wp\/v2\/pages\/1296","targetHints":{"allow":["GET"]}}],"collection":[{"href":"https:\/\/www.rezeau.org\/wp-flore\/wp-json\/wp\/v2\/pages"}],"about":[{"href":"https:\/\/www.rezeau.org\/wp-flore\/wp-json\/wp\/v2\/types\/page"}],"author":[{"embeddable":true,"href":"https:\/\/www.rezeau.org\/wp-flore\/wp-json\/wp\/v2\/users\/1"}],"replies":[{"embeddable":true,"href":"https:\/\/www.rezeau.org\/wp-flore\/wp-json\/wp\/v2\/comments?post=1296"}],"version-history":[{"count":3,"href":"https:\/\/www.rezeau.org\/wp-flore\/wp-json\/wp\/v2\/pages\/1296\/revisions"}],"predecessor-version":[{"id":4411,"href":"https:\/\/www.rezeau.org\/wp-flore\/wp-json\/wp\/v2\/pages\/1296\/revisions\/4411"}],"wp:featuredmedia":[{"embeddable":true,"href":"https:\/\/www.rezeau.org\/wp-flore\/wp-json\/wp\/v2\/media\/1260"}],"wp:attachment":[{"href":"https:\/\/www.rezeau.org\/wp-flore\/wp-json\/wp\/v2\/media?parent=1296"}],"wp:term":[{"taxonomy":"category","embeddable":true,"href":"https:\/\/www.rezeau.org\/wp-flore\/wp-json\/wp\/v2\/categories?post=1296"},{"taxonomy":"post_tag","embeddable":true,"href":"https:\/\/www.rezeau.org\/wp-flore\/wp-json\/wp\/v2\/tags?post=1296"}],"curies":[{"name":"wp","href":"https:\/\/api.w.org\/{rel}","templated":true}]}}