{"id":1306,"date":"2016-03-18T18:05:14","date_gmt":"2016-03-18T17:05:14","guid":{"rendered":"http:\/\/www.rezeau.org\/wp-flore\/?page_id=1306"},"modified":"2021-06-22T15:47:19","modified_gmt":"2021-06-22T13:47:19","slug":"nasturtium-officinale-w-t-aiton","status":"publish","type":"page","link":"https:\/\/www.rezeau.org\/wp-flore\/nasturtium-officinale-w-t-aiton\/","title":{"rendered":"Nasturtium officinale"},"content":{"rendered":"\n<h4>Description de Coste<\/h4>\n<table class=\"desc\">\n<tbody>\n<tr>\n<td><span class=\"gras\">214 Nasturtium officinale R. . Br.&nbsp;<\/span><span class=\"italique\">Cresson de fontaine<\/span><\/td>\n<\/tr>\n<tr>\n<td>&#8211; . Plante&nbsp;vivace, \u00e0 saveur piquante, \u00e0&nbsp;souche&nbsp;rampante&nbsp;<br>&#8211;&nbsp;tige&nbsp;de 10-50 cm,&nbsp;radicante&nbsp;\u00e0 la base,&nbsp;ascendante, \u00e9paisse, creuse,&nbsp;rameuse&nbsp;<br>&#8211;&nbsp;feuilles&nbsp;pennatis\u00e9qu\u00e9es, \u00e0&nbsp;lobes&nbsp;obovales&nbsp;ou&nbsp;oblongs, le terminal plus grand, arrondi en coeur dans les&nbsp;feuilles&nbsp;inf\u00e9rieures&nbsp;<br>&#8211;&nbsp;fleurs&nbsp;blanches, en&nbsp;grappe&nbsp;peu fournie&nbsp;<br>&#8211;&nbsp;s\u00e9pales&nbsp;verts&nbsp;<br>&#8211;&nbsp;p\u00e9tales&nbsp;2 fois plus longs que le&nbsp;calice&nbsp;<br>&#8211;&nbsp;siliques&nbsp;\u00e9tal\u00e9es, courtes,&nbsp;cylindrac\u00e9es, arqu\u00e9es, plus longues que les&nbsp;p\u00e9dicelles&nbsp;<br>&#8211; graines&nbsp;ovo\u00efdes, brunes,&nbsp;ponctu\u00e9es, sur 2 rangs.<\/td>\n<\/tr>\n<tr>\n<td><span class=\"titre\">\u00c9cologie&nbsp;<\/span>Sources, fontaines, ruisseaux, dans toute la France et en Corse.<\/td>\n<\/tr>\n<tr>\n<td><span class=\"titre\">R\u00e9partition&nbsp;<\/span>Europe&nbsp;; Asie&nbsp;; Afrique&nbsp;; Am\u00e9rique&nbsp;; Nouvelle-Z\u00e9lande.<\/td>\n<\/tr>\n<tr>\n<td><span class=\"titre\">Floraison&nbsp;<\/span>Mai-septembre. .<\/td>\n<\/tr>\n<\/tbody>\n<\/table>\n","protected":false},"excerpt":{"rendered":"<p>Description de Coste 214 Nasturtium officinale R. . Br.&nbsp;Cresson de fontaine &#8211; . Plante&nbsp;vivace, \u00e0 saveur piquante, \u00e0&nbsp;souche&nbsp;rampante&nbsp;&#8211;&nbsp;tige&nbsp;de 10-50 cm,&nbsp;radicante&nbsp;\u00e0 la base,&nbsp;ascendante, \u00e9paisse, creuse,&nbsp;rameuse&nbsp;&#8211;&nbsp;feuilles&nbsp;pennatis\u00e9qu\u00e9es, \u00e0&nbsp;lobes&nbsp;obovales&nbsp;ou&nbsp;oblongs, le terminal plus grand, arrondi en coeur dans les&nbsp;feuilles&nbsp;inf\u00e9rieures&nbsp;&#8211;&nbsp;fleurs&nbsp;blanches, en&nbsp;grappe&nbsp;peu fournie&nbsp;&#8211;&nbsp;s\u00e9pales&nbsp;verts&nbsp;&#8211;&nbsp;p\u00e9tales&nbsp;2 fois plus longs que le&nbsp;calice&nbsp;&#8211;&nbsp;siliques&nbsp;\u00e9tal\u00e9es, courtes,&nbsp;cylindrac\u00e9es, arqu\u00e9es, plus longues que les&nbsp;p\u00e9dicelles&nbsp;&#8211; graines&nbsp;ovo\u00efdes, brunes,&nbsp;ponctu\u00e9es, sur 2 rangs. \u00c9cologie&nbsp;Sources, fontaines, ruisseaux,&hellip;<\/p>\n","protected":false},"author":1,"featured_media":1264,"parent":0,"menu_order":0,"comment_status":"closed","ping_status":"closed","template":"","meta":{"_acf_changed":false,"footnotes":""},"categories":[17,198,6],"tags":[],"class_list":["post-1306","page","type-page","status-publish","has-post-thumbnail","hentry","category-brassicaceae","category-nasturtium","category-plantae"],"acf":[],"_links":{"self":[{"href":"https:\/\/www.rezeau.org\/wp-flore\/wp-json\/wp\/v2\/pages\/1306","targetHints":{"allow":["GET"]}}],"collection":[{"href":"https:\/\/www.rezeau.org\/wp-flore\/wp-json\/wp\/v2\/pages"}],"about":[{"href":"https:\/\/www.rezeau.org\/wp-flore\/wp-json\/wp\/v2\/types\/page"}],"author":[{"embeddable":true,"href":"https:\/\/www.rezeau.org\/wp-flore\/wp-json\/wp\/v2\/users\/1"}],"replies":[{"embeddable":true,"href":"https:\/\/www.rezeau.org\/wp-flore\/wp-json\/wp\/v2\/comments?post=1306"}],"version-history":[{"count":3,"href":"https:\/\/www.rezeau.org\/wp-flore\/wp-json\/wp\/v2\/pages\/1306\/revisions"}],"predecessor-version":[{"id":4414,"href":"https:\/\/www.rezeau.org\/wp-flore\/wp-json\/wp\/v2\/pages\/1306\/revisions\/4414"}],"wp:featuredmedia":[{"embeddable":true,"href":"https:\/\/www.rezeau.org\/wp-flore\/wp-json\/wp\/v2\/media\/1264"}],"wp:attachment":[{"href":"https:\/\/www.rezeau.org\/wp-flore\/wp-json\/wp\/v2\/media?parent=1306"}],"wp:term":[{"taxonomy":"category","embeddable":true,"href":"https:\/\/www.rezeau.org\/wp-flore\/wp-json\/wp\/v2\/categories?post=1306"},{"taxonomy":"post_tag","embeddable":true,"href":"https:\/\/www.rezeau.org\/wp-flore\/wp-json\/wp\/v2\/tags?post=1306"}],"curies":[{"name":"wp","href":"https:\/\/api.w.org\/{rel}","templated":true}]}}