{"id":1311,"date":"2016-03-18T18:09:18","date_gmt":"2016-03-18T17:09:18","guid":{"rendered":"http:\/\/www.rezeau.org\/wp-flore\/?page_id=1311"},"modified":"2021-06-22T15:48:49","modified_gmt":"2021-06-22T13:48:49","slug":"oenanthe-crocata-l","status":"publish","type":"page","link":"https:\/\/www.rezeau.org\/wp-flore\/oenanthe-crocata-l\/","title":{"rendered":"Oenanthe crocata"},"content":{"rendered":"\n<h4>Description de Coste<\/h4>\n<table class=\"desc\">\n<tbody>\n<tr>\n<td><span class=\"gras\">1566 Oenanthe crocata L.&nbsp;<\/span><span class=\"italique\">Pensacre<\/span><\/td>\n<\/tr>\n<tr>\n<td>&#8211; . Plante&nbsp;vivace&nbsp;d&#8217;environ 1 m\u00e8tre, \u00e0&nbsp;souche&nbsp;form\u00e9e de&nbsp;tubercules&nbsp;sessiles&nbsp;allong\u00e9s en fuseau, \u00e0 suc jaune&nbsp;<br>&#8211;&nbsp;tige&nbsp;robuste, creuse,&nbsp;sillonn\u00e9e&nbsp;<br>&#8211;&nbsp;feuilles&nbsp;grandes, vertes,&nbsp;bi-tripennatis\u00e9qu\u00e9es, toutes \u00e0&nbsp;segments&nbsp;ovales&nbsp;en coin&nbsp;<br>&#8211;&nbsp;fleurs&nbsp;blanches ou ros\u00e9es, en&nbsp;ombelles&nbsp;amples, \u00e0 15-30 rayons allong\u00e9s, assez&nbsp;gr\u00eales&nbsp;<br>&#8211;&nbsp;involucre&nbsp;\u00e0 plusieurs&nbsp;folioles&nbsp;ou nul&nbsp;<br>&#8211;&nbsp;ombelles&nbsp;fructif\u00e8res&nbsp;\u00e9cart\u00e9es, planes en dessus&nbsp;<br>&#8211;&nbsp;calice&nbsp;\u00e0 dents courtes&nbsp;<br>&#8211;&nbsp;styles&nbsp;un peu plus courts que le&nbsp;fruit&nbsp;<br>&#8211;&nbsp;fruit&nbsp;cylindrac\u00e9, arrondi \u00e0 la base, sans anneau.<\/td>\n<\/tr>\n<tr>\n<td><span class=\"titre\">\u00c9cologie&nbsp;<\/span>Prairies et cours d&#8217;eau de l&#8217;Ouest, depuis la fronti\u00e8re de l&#8217;Espagne jusqu&#8217;en Normandie&nbsp;; Corse.<\/td>\n<\/tr>\n<tr>\n<td><span class=\"titre\">R\u00e9partition&nbsp;<\/span>Grande-Bretagne, Espagne et Portugal, Italie, Sardaigne&nbsp;; Maroc.<\/td>\n<\/tr>\n<tr>\n<td><span class=\"titre\">Floraison&nbsp;<\/span>Juin-juillet. .<\/td>\n<\/tr>\n<\/tbody>\n<\/table>\n","protected":false},"excerpt":{"rendered":"<p>Description de Coste 1566 Oenanthe crocata L.&nbsp;Pensacre &#8211; . Plante&nbsp;vivace&nbsp;d&#8217;environ 1 m\u00e8tre, \u00e0&nbsp;souche&nbsp;form\u00e9e de&nbsp;tubercules&nbsp;sessiles&nbsp;allong\u00e9s en fuseau, \u00e0 suc jaune&nbsp;&#8211;&nbsp;tige&nbsp;robuste, creuse,&nbsp;sillonn\u00e9e&nbsp;&#8211;&nbsp;feuilles&nbsp;grandes, vertes,&nbsp;bi-tripennatis\u00e9qu\u00e9es, toutes \u00e0&nbsp;segments&nbsp;ovales&nbsp;en coin&nbsp;&#8211;&nbsp;fleurs&nbsp;blanches ou ros\u00e9es, en&nbsp;ombelles&nbsp;amples, \u00e0 15-30 rayons allong\u00e9s, assez&nbsp;gr\u00eales&nbsp;&#8211;&nbsp;involucre&nbsp;\u00e0 plusieurs&nbsp;folioles&nbsp;ou nul&nbsp;&#8211;&nbsp;ombelles&nbsp;fructif\u00e8res&nbsp;\u00e9cart\u00e9es, planes en dessus&nbsp;&#8211;&nbsp;calice&nbsp;\u00e0 dents courtes&nbsp;&#8211;&nbsp;styles&nbsp;un peu plus courts que le&nbsp;fruit&nbsp;&#8211;&nbsp;fruit&nbsp;cylindrac\u00e9, arrondi \u00e0 la base, sans anneau. \u00c9cologie&nbsp;Prairies et cours d&#8217;eau de&hellip;<\/p>\n","protected":false},"author":1,"featured_media":1266,"parent":0,"menu_order":0,"comment_status":"closed","ping_status":"closed","template":"","meta":{"_acf_changed":false,"footnotes":""},"categories":[10,74,6],"tags":[],"class_list":["post-1311","page","type-page","status-publish","has-post-thumbnail","hentry","category-apiaceae","category-oenanthe","category-plantae"],"acf":[],"_links":{"self":[{"href":"https:\/\/www.rezeau.org\/wp-flore\/wp-json\/wp\/v2\/pages\/1311","targetHints":{"allow":["GET"]}}],"collection":[{"href":"https:\/\/www.rezeau.org\/wp-flore\/wp-json\/wp\/v2\/pages"}],"about":[{"href":"https:\/\/www.rezeau.org\/wp-flore\/wp-json\/wp\/v2\/types\/page"}],"author":[{"embeddable":true,"href":"https:\/\/www.rezeau.org\/wp-flore\/wp-json\/wp\/v2\/users\/1"}],"replies":[{"embeddable":true,"href":"https:\/\/www.rezeau.org\/wp-flore\/wp-json\/wp\/v2\/comments?post=1311"}],"version-history":[{"count":3,"href":"https:\/\/www.rezeau.org\/wp-flore\/wp-json\/wp\/v2\/pages\/1311\/revisions"}],"predecessor-version":[{"id":4415,"href":"https:\/\/www.rezeau.org\/wp-flore\/wp-json\/wp\/v2\/pages\/1311\/revisions\/4415"}],"wp:featuredmedia":[{"embeddable":true,"href":"https:\/\/www.rezeau.org\/wp-flore\/wp-json\/wp\/v2\/media\/1266"}],"wp:attachment":[{"href":"https:\/\/www.rezeau.org\/wp-flore\/wp-json\/wp\/v2\/media?parent=1311"}],"wp:term":[{"taxonomy":"category","embeddable":true,"href":"https:\/\/www.rezeau.org\/wp-flore\/wp-json\/wp\/v2\/categories?post=1311"},{"taxonomy":"post_tag","embeddable":true,"href":"https:\/\/www.rezeau.org\/wp-flore\/wp-json\/wp\/v2\/tags?post=1311"}],"curies":[{"name":"wp","href":"https:\/\/api.w.org\/{rel}","templated":true}]}}