{"id":1369,"date":"2016-03-19T10:31:32","date_gmt":"2016-03-19T09:31:32","guid":{"rendered":"http:\/\/www.rezeau.org\/wp-flore\/?page_id=1369"},"modified":"2021-06-22T15:59:06","modified_gmt":"2021-06-22T13:59:06","slug":"pastinaca-sativa-subsp-urens-req-ex-godr-celak","status":"publish","type":"page","link":"https:\/\/www.rezeau.org\/wp-flore\/pastinaca-sativa-subsp-urens-req-ex-godr-celak\/","title":{"rendered":"Pastinaca sativa subsp. urens"},"content":{"rendered":"\n<h4>Description de Coste<\/h4>\n<table class=\"desc\">\n<tbody>\n<tr>\n<td><span class=\"gras\">1524 Pastinaca urens<\/span><\/td>\n<\/tr>\n<tr>\n<td><span class=\"titre\">Synonymes&nbsp;<\/span>P. OPACA auct. plur.<\/td>\n<\/tr>\n<tr>\n<td>&#8211; Plante&nbsp;bisannuelle&nbsp;atteignant 1 m\u00e8tre&nbsp;<br>&#8211;&nbsp;tige&nbsp;stri\u00e9e&nbsp;ou obscur\u00e9ment&nbsp;sillonn\u00e9e, non anguleuse, \u00e9lanc\u00e9e, assez&nbsp;gr\u00eale, \u00e0 rameaux&nbsp;\u00e9tal\u00e9s-dress\u00e9s&nbsp;<br>&#8211;&nbsp;feuilles&nbsp;pubescentes&nbsp;gris\u00e2tres, les inf\u00e9rieures oblongues dans leur pourtour, \u00e0&nbsp;segments&nbsp;assez petites,&nbsp;ovales,&nbsp;tronqu\u00e9s&nbsp;ou arrondis \u00e0 la base,&nbsp;obtus, in\u00e9galement&nbsp;dent\u00e9s&nbsp;ou&nbsp;lob\u00e9s&nbsp;<br>&#8211;&nbsp;ombelles&nbsp;la plupart de m\u00eame grandeur, \u00e0 5-8 rayons peu in\u00e9gaux, les ext\u00e9rieurs environ deux fois plus longs que l&#8217;ombellule&nbsp;<br>&#8211;&nbsp;fruit&nbsp;ovale, plus ou moins att\u00e9nu\u00e9 aux deux bouts&nbsp;<br>&#8211;&nbsp;commissure&nbsp;ordinairement \u00e0 deux bandelettes.<\/td>\n<\/tr>\n<tr>\n<td><span class=\"titre\">\u00c9cologie&nbsp;<\/span>Lieux cultiv\u00e9s et incultes, \u00e7\u00e0 et l\u00e0 dans le Midi, le Centre et l&#8217;Est.<\/td>\n<\/tr>\n<tr>\n<td><span class=\"titre\">R\u00e9partition&nbsp;<\/span>Suisse, et sans doute ailleurs.<\/td>\n<\/tr>\n<tr>\n<td><span class=\"titre\">Floraison&nbsp;<\/span>Juillet-septembre.<\/td>\n<\/tr>\n<\/tbody>\n<\/table>\n","protected":false},"excerpt":{"rendered":"<p>Description de Coste 1524 Pastinaca urens Synonymes&nbsp;P. OPACA auct. plur. &#8211; Plante&nbsp;bisannuelle&nbsp;atteignant 1 m\u00e8tre&nbsp;&#8211;&nbsp;tige&nbsp;stri\u00e9e&nbsp;ou obscur\u00e9ment&nbsp;sillonn\u00e9e, non anguleuse, \u00e9lanc\u00e9e, assez&nbsp;gr\u00eale, \u00e0 rameaux&nbsp;\u00e9tal\u00e9s-dress\u00e9s&nbsp;&#8211;&nbsp;feuilles&nbsp;pubescentes&nbsp;gris\u00e2tres, les inf\u00e9rieures oblongues dans leur pourtour, \u00e0&nbsp;segments&nbsp;assez petites,&nbsp;ovales,&nbsp;tronqu\u00e9s&nbsp;ou arrondis \u00e0 la base,&nbsp;obtus, in\u00e9galement&nbsp;dent\u00e9s&nbsp;ou&nbsp;lob\u00e9s&nbsp;&#8211;&nbsp;ombelles&nbsp;la plupart de m\u00eame grandeur, \u00e0 5-8 rayons peu in\u00e9gaux, les ext\u00e9rieurs environ deux fois plus longs que l&#8217;ombellule&nbsp;&#8211;&nbsp;fruit&nbsp;ovale, plus ou moins&hellip;<\/p>\n","protected":false},"author":1,"featured_media":1346,"parent":0,"menu_order":0,"comment_status":"closed","ping_status":"closed","template":"","meta":{"_acf_changed":false,"footnotes":""},"categories":[10,75,6],"tags":[],"class_list":["post-1369","page","type-page","status-publish","has-post-thumbnail","hentry","category-apiaceae","category-pastinaca","category-plantae"],"acf":[],"_links":{"self":[{"href":"https:\/\/www.rezeau.org\/wp-flore\/wp-json\/wp\/v2\/pages\/1369","targetHints":{"allow":["GET"]}}],"collection":[{"href":"https:\/\/www.rezeau.org\/wp-flore\/wp-json\/wp\/v2\/pages"}],"about":[{"href":"https:\/\/www.rezeau.org\/wp-flore\/wp-json\/wp\/v2\/types\/page"}],"author":[{"embeddable":true,"href":"https:\/\/www.rezeau.org\/wp-flore\/wp-json\/wp\/v2\/users\/1"}],"replies":[{"embeddable":true,"href":"https:\/\/www.rezeau.org\/wp-flore\/wp-json\/wp\/v2\/comments?post=1369"}],"version-history":[{"count":3,"href":"https:\/\/www.rezeau.org\/wp-flore\/wp-json\/wp\/v2\/pages\/1369\/revisions"}],"predecessor-version":[{"id":4420,"href":"https:\/\/www.rezeau.org\/wp-flore\/wp-json\/wp\/v2\/pages\/1369\/revisions\/4420"}],"wp:featuredmedia":[{"embeddable":true,"href":"https:\/\/www.rezeau.org\/wp-flore\/wp-json\/wp\/v2\/media\/1346"}],"wp:attachment":[{"href":"https:\/\/www.rezeau.org\/wp-flore\/wp-json\/wp\/v2\/media?parent=1369"}],"wp:term":[{"taxonomy":"category","embeddable":true,"href":"https:\/\/www.rezeau.org\/wp-flore\/wp-json\/wp\/v2\/categories?post=1369"},{"taxonomy":"post_tag","embeddable":true,"href":"https:\/\/www.rezeau.org\/wp-flore\/wp-json\/wp\/v2\/tags?post=1369"}],"curies":[{"name":"wp","href":"https:\/\/api.w.org\/{rel}","templated":true}]}}