{"id":1381,"date":"2016-03-19T10:41:04","date_gmt":"2016-03-19T09:41:04","guid":{"rendered":"http:\/\/www.rezeau.org\/wp-flore\/?page_id=1381"},"modified":"2021-06-22T16:02:14","modified_gmt":"2021-06-22T14:02:14","slug":"phacelia-tanacetifolia-benth","status":"publish","type":"page","link":"https:\/\/www.rezeau.org\/wp-flore\/phacelia-tanacetifolia-benth\/","title":{"rendered":"Phacelia tanacetifolia"},"content":{"rendered":"\n<p><strong>Description <a href=\"https:\/\/fr.wikipedia.org\/wiki\/Phac%C3%A9lie_%C3%A0_feuilles_de_tanaisie\">Wikipedia<\/a><\/strong><br>La tige pleine et rigide, couverte de poils raides et assez \u00e9paisse, qui peut atteindre un m\u00e8tre, est teint\u00e9e de rouge. Son syst\u00e8me racinaire est dense.<br>Les feuilles, alternes, sont profond\u00e9ment divis\u00e9es et rappellent celles de la tanaisie (Tanecetum).<br>Les belles fleurs tr\u00e8s parfum\u00e9es sont particuli\u00e8res et fort int\u00e9ressantes. Elles sont group\u00e9es en inflorescences scorpio\u00efdes (en forme de crosse qui se d\u00e9roule progressivement au fur et \u00e0 mesure de l&#8217;\u00e9panouissement de petites fleurs de 1 cm qui commence par le haut) serr\u00e9es du genre cyme. Les \u00e9l\u00e9ments floraux ont des nuances bleu-lavande ; ce sont les cinq \u00e9tamines et les deux styles qui \u00e9mergent nettement de la corolle \u00e0 cinq p\u00e9tales. \u00c9troit calice aux s\u00e9pales poilus.<br>La p\u00e9riode de floraison se situe au printemps et peut se prolonger jusqu&#8217;en automne.<br>Les fruits sont de petites capsules d\u00e9hiscentes contenant deux \u00e0 quatre petites graines noires (3 mm de long).<\/p>\n\n\n","protected":false},"excerpt":{"rendered":"<p>Description WikipediaLa tige pleine et rigide, couverte de poils raides et assez \u00e9paisse, qui peut atteindre un m\u00e8tre, est teint\u00e9e de rouge. Son syst\u00e8me racinaire est dense.Les feuilles, alternes, sont profond\u00e9ment divis\u00e9es et rappellent celles de la tanaisie (Tanecetum).Les belles fleurs tr\u00e8s parfum\u00e9es sont particuli\u00e8res et fort int\u00e9ressantes. Elles sont group\u00e9es en inflorescences scorpio\u00efdes (en&hellip;<\/p>\n","protected":false},"author":1,"featured_media":1355,"parent":0,"menu_order":0,"comment_status":"closed","ping_status":"closed","template":"","meta":{"_acf_changed":false,"footnotes":""},"categories":[16,203,6],"tags":[],"class_list":["post-1381","page","type-page","status-publish","has-post-thumbnail","hentry","category-boraginaceae","category-phacelia","category-plantae"],"acf":[],"_links":{"self":[{"href":"https:\/\/www.rezeau.org\/wp-flore\/wp-json\/wp\/v2\/pages\/1381","targetHints":{"allow":["GET"]}}],"collection":[{"href":"https:\/\/www.rezeau.org\/wp-flore\/wp-json\/wp\/v2\/pages"}],"about":[{"href":"https:\/\/www.rezeau.org\/wp-flore\/wp-json\/wp\/v2\/types\/page"}],"author":[{"embeddable":true,"href":"https:\/\/www.rezeau.org\/wp-flore\/wp-json\/wp\/v2\/users\/1"}],"replies":[{"embeddable":true,"href":"https:\/\/www.rezeau.org\/wp-flore\/wp-json\/wp\/v2\/comments?post=1381"}],"version-history":[{"count":3,"href":"https:\/\/www.rezeau.org\/wp-flore\/wp-json\/wp\/v2\/pages\/1381\/revisions"}],"predecessor-version":[{"id":4424,"href":"https:\/\/www.rezeau.org\/wp-flore\/wp-json\/wp\/v2\/pages\/1381\/revisions\/4424"}],"wp:featuredmedia":[{"embeddable":true,"href":"https:\/\/www.rezeau.org\/wp-flore\/wp-json\/wp\/v2\/media\/1355"}],"wp:attachment":[{"href":"https:\/\/www.rezeau.org\/wp-flore\/wp-json\/wp\/v2\/media?parent=1381"}],"wp:term":[{"taxonomy":"category","embeddable":true,"href":"https:\/\/www.rezeau.org\/wp-flore\/wp-json\/wp\/v2\/categories?post=1381"},{"taxonomy":"post_tag","embeddable":true,"href":"https:\/\/www.rezeau.org\/wp-flore\/wp-json\/wp\/v2\/tags?post=1381"}],"curies":[{"name":"wp","href":"https:\/\/api.w.org\/{rel}","templated":true}]}}