{"id":1466,"date":"2016-03-20T11:58:14","date_gmt":"2016-03-20T10:58:14","guid":{"rendered":"http:\/\/www.rezeau.org\/wp-flore\/?page_id=1466"},"modified":"2021-06-22T16:15:57","modified_gmt":"2021-06-22T14:15:57","slug":"potentilla-reptans-l","status":"publish","type":"page","link":"https:\/\/www.rezeau.org\/wp-flore\/potentilla-reptans-l\/","title":{"rendered":"Potentilla reptans"},"content":{"rendered":"\n<h4>Description de Coste<\/h4>\n<table class=\"desc\">\n<tbody>\n<tr>\n<td><span class=\"gras\">1128 Potentilla reptans L.&nbsp;<\/span><span class=\"italique\">Quintefeuille<\/span><\/td>\n<\/tr>\n<tr>\n<td>&#8211; . Plante&nbsp;vivace,&nbsp;pubescente, \u00e0&nbsp;souche&nbsp;\u00e9paisse \u00e9mettant de longues&nbsp;tiges&nbsp;axillaires,&nbsp;simples, stoloniformes,&nbsp;radicantes&nbsp;aux&nbsp;noeuds&nbsp;dans toute leur longueur&nbsp;<br>&#8211;&nbsp;feuilles&nbsp;p\u00e9tiol\u00e9es,&nbsp;digit\u00e9es, \u00e0 5&nbsp;folioles&nbsp;obovales&nbsp;en coin, vertes, peu&nbsp;velues,&nbsp;dent\u00e9es&nbsp;presque tout autour, \u00e0 dent terminale plus petite&nbsp;<br>&#8211;&nbsp;stipules&nbsp;enti\u00e8res&nbsp;ou&nbsp;bident\u00e9es&nbsp;<br>&#8211;&nbsp;fleurs&nbsp;jaunes, grandes (15-30 mm de diam.),&nbsp;axillaires, solitaires, longuement&nbsp;p\u00e9doncul\u00e9es&nbsp;<br>&#8211;&nbsp;calicule&nbsp;\u00e0 5&nbsp;lobes&nbsp;plus grands que les 5&nbsp;lobes&nbsp;du&nbsp;calice&nbsp;<br>&#8211; 5&nbsp;p\u00e9tales&nbsp;\u00e9chancr\u00e9s, d\u00e9passant le&nbsp;calice&nbsp;<br>&#8211;&nbsp;carpelles&nbsp;tuberculeux.<\/td>\n<\/tr>\n<tr>\n<td><span class=\"titre\">\u00c9cologie&nbsp;<\/span>Chemins, foss\u00e9s, champs humides, dans toute la France et en Corse.<\/td>\n<\/tr>\n<tr>\n<td><span class=\"titre\">R\u00e9partition&nbsp;<\/span>Europe&nbsp;; Asie occidentale et bor\u00e9ale&nbsp;; Afrique septentrionale.<\/td>\n<\/tr>\n<tr>\n<td><span class=\"titre\">Floraison&nbsp;<\/span>Juin-octobre. .<\/td>\n<\/tr>\n<tr>\n<td><span class=\"titre\">Usages<\/span>&nbsp;Plante tonique et astringente.<\/td>\n<\/tr>\n<\/tbody>\n<\/table>\n","protected":false},"excerpt":{"rendered":"<p>Description de Coste 1128 Potentilla reptans L.&nbsp;Quintefeuille &#8211; . Plante&nbsp;vivace,&nbsp;pubescente, \u00e0&nbsp;souche&nbsp;\u00e9paisse \u00e9mettant de longues&nbsp;tiges&nbsp;axillaires,&nbsp;simples, stoloniformes,&nbsp;radicantes&nbsp;aux&nbsp;noeuds&nbsp;dans toute leur longueur&nbsp;&#8211;&nbsp;feuilles&nbsp;p\u00e9tiol\u00e9es,&nbsp;digit\u00e9es, \u00e0 5&nbsp;folioles&nbsp;obovales&nbsp;en coin, vertes, peu&nbsp;velues,&nbsp;dent\u00e9es&nbsp;presque tout autour, \u00e0 dent terminale plus petite&nbsp;&#8211;&nbsp;stipules&nbsp;enti\u00e8res&nbsp;ou&nbsp;bident\u00e9es&nbsp;&#8211;&nbsp;fleurs&nbsp;jaunes, grandes (15-30 mm de diam.),&nbsp;axillaires, solitaires, longuement&nbsp;p\u00e9doncul\u00e9es&nbsp;&#8211;&nbsp;calicule&nbsp;\u00e0 5&nbsp;lobes&nbsp;plus grands que les 5&nbsp;lobes&nbsp;du&nbsp;calice&nbsp;&#8211; 5&nbsp;p\u00e9tales&nbsp;\u00e9chancr\u00e9s, d\u00e9passant le&nbsp;calice&nbsp;&#8211;&nbsp;carpelles&nbsp;tuberculeux. \u00c9cologie&nbsp;Chemins, foss\u00e9s, champs humides, dans toute la France et en&hellip;<\/p>\n","protected":false},"author":1,"featured_media":1438,"parent":0,"menu_order":0,"comment_status":"closed","ping_status":"closed","template":"","meta":{"_acf_changed":false,"footnotes":""},"categories":[6,210,55],"tags":[],"class_list":["post-1466","page","type-page","status-publish","has-post-thumbnail","hentry","category-plantae","category-potentilla","category-rosaceae"],"acf":[],"_links":{"self":[{"href":"https:\/\/www.rezeau.org\/wp-flore\/wp-json\/wp\/v2\/pages\/1466","targetHints":{"allow":["GET"]}}],"collection":[{"href":"https:\/\/www.rezeau.org\/wp-flore\/wp-json\/wp\/v2\/pages"}],"about":[{"href":"https:\/\/www.rezeau.org\/wp-flore\/wp-json\/wp\/v2\/types\/page"}],"author":[{"embeddable":true,"href":"https:\/\/www.rezeau.org\/wp-flore\/wp-json\/wp\/v2\/users\/1"}],"replies":[{"embeddable":true,"href":"https:\/\/www.rezeau.org\/wp-flore\/wp-json\/wp\/v2\/comments?post=1466"}],"version-history":[{"count":3,"href":"https:\/\/www.rezeau.org\/wp-flore\/wp-json\/wp\/v2\/pages\/1466\/revisions"}],"predecessor-version":[{"id":4436,"href":"https:\/\/www.rezeau.org\/wp-flore\/wp-json\/wp\/v2\/pages\/1466\/revisions\/4436"}],"wp:featuredmedia":[{"embeddable":true,"href":"https:\/\/www.rezeau.org\/wp-flore\/wp-json\/wp\/v2\/media\/1438"}],"wp:attachment":[{"href":"https:\/\/www.rezeau.org\/wp-flore\/wp-json\/wp\/v2\/media?parent=1466"}],"wp:term":[{"taxonomy":"category","embeddable":true,"href":"https:\/\/www.rezeau.org\/wp-flore\/wp-json\/wp\/v2\/categories?post=1466"},{"taxonomy":"post_tag","embeddable":true,"href":"https:\/\/www.rezeau.org\/wp-flore\/wp-json\/wp\/v2\/tags?post=1466"}],"curies":[{"name":"wp","href":"https:\/\/api.w.org\/{rel}","templated":true}]}}