{"id":1481,"date":"2016-03-20T12:10:02","date_gmt":"2016-03-20T11:10:02","guid":{"rendered":"http:\/\/www.rezeau.org\/wp-flore\/?page_id=1481"},"modified":"2017-11-12T15:16:03","modified_gmt":"2017-11-12T14:16:03","slug":"pulicaria-dysenterica-l-bernh","status":"publish","type":"page","link":"https:\/\/www.rezeau.org\/wp-flore\/pulicaria-dysenterica-l-bernh\/","title":{"rendered":"Pulicaria dysenterica"},"content":{"rendered":"<pre>1867 Pulicaria dysenterica Herbe-Saint-Roch Synonymes INULA DYSENTERICA L.<\/pre>\n<p>&#8211; . Plante vivace \u00e0 tiges de 3-6 dm dress\u00e9es, pubescentes-laineuses ou tomenteuses, \u00e0 rameaux \u00e9tal\u00e9s-dress\u00e9s ou divergents<br \/>\n&#8211; feuilles pubescentes, blanch\u00e2tres, laineuses ou tomenteuses en dessous, ondul\u00e9es, l\u00e2chement denticul\u00e9es, ovales-lanc\u00e9ol\u00e9es, fortement embrassantes et \u00e0 oreillettes tr\u00e8s prononc\u00e9es, les sup\u00e9rieures comme sagitt\u00e9es<br \/>\n&#8211; involucre laineux, \u00e0 folioles lin\u00e9aires-subul\u00e9es<br \/>\n&#8211; ak\u00e8nes velus, aigrette rousse<br \/>\n&#8211; capitules port\u00e9s par des p\u00e9doncules gr\u00eales, en corymbe<br \/>\n&#8211; fleurs jaunes, celles de la circonf\u00e9rence rayonnantes.<\/p>\n","protected":false},"excerpt":{"rendered":"<p>1867 Pulicaria dysenterica Herbe-Saint-Roch Synonymes INULA DYSENTERICA L. &#8211; . Plante vivace \u00e0 tiges de 3-6 dm dress\u00e9es, pubescentes-laineuses ou tomenteuses, \u00e0 rameaux \u00e9tal\u00e9s-dress\u00e9s ou divergents &#8211; feuilles pubescentes, blanch\u00e2tres, laineuses ou tomenteuses en dessous, ondul\u00e9es, l\u00e2chement denticul\u00e9es, ovales-lanc\u00e9ol\u00e9es, fortement embrassantes et \u00e0 oreillettes tr\u00e8s prononc\u00e9es, les sup\u00e9rieures comme sagitt\u00e9es &#8211; involucre laineux, \u00e0 folioles&hellip;<\/p>\n","protected":false},"author":1,"featured_media":1449,"parent":0,"menu_order":0,"comment_status":"closed","ping_status":"closed","template":"","meta":{"_acf_changed":false,"footnotes":""},"categories":[14,6,99],"tags":[],"class_list":["post-1481","page","type-page","status-publish","has-post-thumbnail","hentry","category-asteraceae","category-plantae","category-pulicaria"],"acf":[],"_links":{"self":[{"href":"https:\/\/www.rezeau.org\/wp-flore\/wp-json\/wp\/v2\/pages\/1481","targetHints":{"allow":["GET"]}}],"collection":[{"href":"https:\/\/www.rezeau.org\/wp-flore\/wp-json\/wp\/v2\/pages"}],"about":[{"href":"https:\/\/www.rezeau.org\/wp-flore\/wp-json\/wp\/v2\/types\/page"}],"author":[{"embeddable":true,"href":"https:\/\/www.rezeau.org\/wp-flore\/wp-json\/wp\/v2\/users\/1"}],"replies":[{"embeddable":true,"href":"https:\/\/www.rezeau.org\/wp-flore\/wp-json\/wp\/v2\/comments?post=1481"}],"version-history":[{"count":3,"href":"https:\/\/www.rezeau.org\/wp-flore\/wp-json\/wp\/v2\/pages\/1481\/revisions"}],"predecessor-version":[{"id":3740,"href":"https:\/\/www.rezeau.org\/wp-flore\/wp-json\/wp\/v2\/pages\/1481\/revisions\/3740"}],"wp:featuredmedia":[{"embeddable":true,"href":"https:\/\/www.rezeau.org\/wp-flore\/wp-json\/wp\/v2\/media\/1449"}],"wp:attachment":[{"href":"https:\/\/www.rezeau.org\/wp-flore\/wp-json\/wp\/v2\/media?parent=1481"}],"wp:term":[{"taxonomy":"category","embeddable":true,"href":"https:\/\/www.rezeau.org\/wp-flore\/wp-json\/wp\/v2\/categories?post=1481"},{"taxonomy":"post_tag","embeddable":true,"href":"https:\/\/www.rezeau.org\/wp-flore\/wp-json\/wp\/v2\/tags?post=1481"}],"curies":[{"name":"wp","href":"https:\/\/api.w.org\/{rel}","templated":true}]}}