{"id":1504,"date":"2016-03-20T12:33:10","date_gmt":"2016-03-20T11:33:10","guid":{"rendered":"http:\/\/www.rezeau.org\/wp-flore\/?page_id=1504"},"modified":"2017-11-12T15:22:55","modified_gmt":"2017-11-12T14:22:55","slug":"ranunculus-flammula-l","status":"publish","type":"page","link":"https:\/\/www.rezeau.org\/wp-flore\/ranunculus-flammula-l\/","title":{"rendered":"Ranunculus flammula"},"content":{"rendered":"<pre>22 Ranunculus flammula L. Petite Douve<\/pre>\n<p>&#8211; Souche vivace, courte, sans stolons<br \/>\n&#8211; tige de 10-40 cm, ascendante ou couch\u00e9e-radicante, creuse, rameuse, glabre feuilles glabres, enti\u00e8res ou dentel\u00e9es les inf\u00e9rieures ovales ou oblongues, longuement p\u00e9tiol\u00e9es, les sup\u00e9rieures subsessiles, lanc\u00e9ol\u00e9es-lin\u00e9aires, non acumin\u00e9es<br \/>\n&#8211; p\u00e9doncules oppos\u00e9s aux feuilles, l\u00e9g\u00e8rement sillonn\u00e9s<br \/>\n&#8211; fleurs assez petites, jaunes, longuement p\u00e9doncul\u00e9es<br \/>\n&#8211; s\u00e9pales pubescents<br \/>\n&#8211; r\u00e9ceptacle glabre<br \/>\n&#8211; carpelles en t\u00eate globuleuse, renfl\u00e9es, \u00e0 peine bord\u00e9s, lisses, \u00e0 bec tr\u00e8s court, \u00e9troit, caduc.<\/p>\n","protected":false},"excerpt":{"rendered":"<p>22 Ranunculus flammula L. Petite Douve &#8211; Souche vivace, courte, sans stolons &#8211; tige de 10-40 cm, ascendante ou couch\u00e9e-radicante, creuse, rameuse, glabre feuilles glabres, enti\u00e8res ou dentel\u00e9es les inf\u00e9rieures ovales ou oblongues, longuement p\u00e9tiol\u00e9es, les sup\u00e9rieures subsessiles, lanc\u00e9ol\u00e9es-lin\u00e9aires, non acumin\u00e9es &#8211; p\u00e9doncules oppos\u00e9s aux feuilles, l\u00e9g\u00e8rement sillonn\u00e9s &#8211; fleurs assez petites, jaunes, longuement p\u00e9doncul\u00e9es&hellip;<\/p>\n","protected":false},"author":1,"featured_media":1502,"parent":0,"menu_order":0,"comment_status":"closed","ping_status":"closed","template":"","meta":{"_acf_changed":false,"footnotes":""},"categories":[6,54,214],"tags":[],"class_list":["post-1504","page","type-page","status-publish","has-post-thumbnail","hentry","category-plantae","category-renonculaceae","category-ranunculus"],"acf":[],"_links":{"self":[{"href":"https:\/\/www.rezeau.org\/wp-flore\/wp-json\/wp\/v2\/pages\/1504","targetHints":{"allow":["GET"]}}],"collection":[{"href":"https:\/\/www.rezeau.org\/wp-flore\/wp-json\/wp\/v2\/pages"}],"about":[{"href":"https:\/\/www.rezeau.org\/wp-flore\/wp-json\/wp\/v2\/types\/page"}],"author":[{"embeddable":true,"href":"https:\/\/www.rezeau.org\/wp-flore\/wp-json\/wp\/v2\/users\/1"}],"replies":[{"embeddable":true,"href":"https:\/\/www.rezeau.org\/wp-flore\/wp-json\/wp\/v2\/comments?post=1504"}],"version-history":[{"count":3,"href":"https:\/\/www.rezeau.org\/wp-flore\/wp-json\/wp\/v2\/pages\/1504\/revisions"}],"predecessor-version":[{"id":3746,"href":"https:\/\/www.rezeau.org\/wp-flore\/wp-json\/wp\/v2\/pages\/1504\/revisions\/3746"}],"wp:featuredmedia":[{"embeddable":true,"href":"https:\/\/www.rezeau.org\/wp-flore\/wp-json\/wp\/v2\/media\/1502"}],"wp:attachment":[{"href":"https:\/\/www.rezeau.org\/wp-flore\/wp-json\/wp\/v2\/media?parent=1504"}],"wp:term":[{"taxonomy":"category","embeddable":true,"href":"https:\/\/www.rezeau.org\/wp-flore\/wp-json\/wp\/v2\/categories?post=1504"},{"taxonomy":"post_tag","embeddable":true,"href":"https:\/\/www.rezeau.org\/wp-flore\/wp-json\/wp\/v2\/tags?post=1504"}],"curies":[{"name":"wp","href":"https:\/\/api.w.org\/{rel}","templated":true}]}}