{"id":1507,"date":"2016-03-20T12:35:44","date_gmt":"2016-03-20T11:35:44","guid":{"rendered":"http:\/\/www.rezeau.org\/wp-flore\/?page_id=1507"},"modified":"2017-11-12T15:25:29","modified_gmt":"2017-11-12T14:25:29","slug":"ranunculus-repens-l","status":"publish","type":"page","link":"https:\/\/www.rezeau.org\/wp-flore\/ranunculus-repens-l\/","title":{"rendered":"Ranunculus repens"},"content":{"rendered":"<pre>44 Ranunculus repens L. Renoncule rampante<\/pre>\n<p>&#8211; Pied-de-poule Souche vivace, courte, non renfl\u00e9e<br \/>\n&#8211; tiges de 20-50 cm<br \/>\n&#8211; plus ou moins velues, pluriflores, redress\u00e9es, munies \u00e0 la base de rejets rampants et stoloniformes<br \/>\n&#8211; feuilles velues ou glabrescentes, ovales dans leur pourtour, pennatis\u00e9qu\u00e9es, \u00e0 3 segments larges, trilob\u00e9s, incis\u00e9s-dent\u00e9s, le moyen plus longuement p\u00e9tiolul\u00e9<br \/>\n&#8211; p\u00e9doncules sillonn\u00e9s<br \/>\n&#8211; s\u00e9pales \u00e9tal\u00e9s, velus : r\u00e9ceptacle velu<br \/>\n&#8211; carpelles glabres comprim\u00e9s, bord\u00e9s, \u00e0 bec gr\u00eale un peu courb\u00e9, \u00e9galant environ le tiers de leur longueur.<\/p>\n","protected":false},"excerpt":{"rendered":"<p>44 Ranunculus repens L. Renoncule rampante &#8211; Pied-de-poule Souche vivace, courte, non renfl\u00e9e &#8211; tiges de 20-50 cm &#8211; plus ou moins velues, pluriflores, redress\u00e9es, munies \u00e0 la base de rejets rampants et stoloniformes &#8211; feuilles velues ou glabrescentes, ovales dans leur pourtour, pennatis\u00e9qu\u00e9es, \u00e0 3 segments larges, trilob\u00e9s, incis\u00e9s-dent\u00e9s, le moyen plus longuement p\u00e9tiolul\u00e9&hellip;<\/p>\n","protected":false},"author":1,"featured_media":1455,"parent":0,"menu_order":0,"comment_status":"closed","ping_status":"closed","template":"","meta":{"_acf_changed":false,"footnotes":""},"categories":[6,54,214],"tags":[],"class_list":["post-1507","page","type-page","status-publish","has-post-thumbnail","hentry","category-plantae","category-renonculaceae","category-ranunculus"],"acf":[],"_links":{"self":[{"href":"https:\/\/www.rezeau.org\/wp-flore\/wp-json\/wp\/v2\/pages\/1507","targetHints":{"allow":["GET"]}}],"collection":[{"href":"https:\/\/www.rezeau.org\/wp-flore\/wp-json\/wp\/v2\/pages"}],"about":[{"href":"https:\/\/www.rezeau.org\/wp-flore\/wp-json\/wp\/v2\/types\/page"}],"author":[{"embeddable":true,"href":"https:\/\/www.rezeau.org\/wp-flore\/wp-json\/wp\/v2\/users\/1"}],"replies":[{"embeddable":true,"href":"https:\/\/www.rezeau.org\/wp-flore\/wp-json\/wp\/v2\/comments?post=1507"}],"version-history":[{"count":3,"href":"https:\/\/www.rezeau.org\/wp-flore\/wp-json\/wp\/v2\/pages\/1507\/revisions"}],"predecessor-version":[{"id":3748,"href":"https:\/\/www.rezeau.org\/wp-flore\/wp-json\/wp\/v2\/pages\/1507\/revisions\/3748"}],"wp:featuredmedia":[{"embeddable":true,"href":"https:\/\/www.rezeau.org\/wp-flore\/wp-json\/wp\/v2\/media\/1455"}],"wp:attachment":[{"href":"https:\/\/www.rezeau.org\/wp-flore\/wp-json\/wp\/v2\/media?parent=1507"}],"wp:term":[{"taxonomy":"category","embeddable":true,"href":"https:\/\/www.rezeau.org\/wp-flore\/wp-json\/wp\/v2\/categories?post=1507"},{"taxonomy":"post_tag","embeddable":true,"href":"https:\/\/www.rezeau.org\/wp-flore\/wp-json\/wp\/v2\/tags?post=1507"}],"curies":[{"name":"wp","href":"https:\/\/api.w.org\/{rel}","templated":true}]}}