{"id":1511,"date":"2016-03-20T12:38:27","date_gmt":"2016-03-20T11:38:27","guid":{"rendered":"http:\/\/www.rezeau.org\/wp-flore\/?page_id=1511"},"modified":"2017-11-12T15:27:16","modified_gmt":"2017-11-12T14:27:16","slug":"ranunculus-sceleratus-l","status":"publish","type":"page","link":"https:\/\/www.rezeau.org\/wp-flore\/ranunculus-sceleratus-l\/","title":{"rendered":"Ranunculus sceleratus"},"content":{"rendered":"<pre>27 Ranunculus sceleratus L. Renoncule sc\u00e9l\u00e9rate<\/pre>\n<p>&#8211; . Racine annuelle, fibreuse<br \/>\n&#8211; tige de 8-80 cm, dress\u00e9e, creuse, sillonn\u00e9e, rameuse, glabre ou pubescente<br \/>\n&#8211; feuilles luisantes, les radicales en rein arrondi, \u00e0 3-5 lobes, les caulinaires \u00e0 3 segments bi-trifides<br \/>\n&#8211; p\u00e9doncules sillonn\u00e9s<br \/>\n&#8211; fleurs petites, nombreuses, d&#8217;un jaune p\u00e2le<br \/>\n&#8211; s\u00e9pales \u00e9tal\u00e9s<br \/>\n&#8211; p\u00e9tales d\u00e9passant \u00e0 peine le calice, sans fossette nectarif\u00e8re<br \/>\n&#8211; r\u00e9ceptacle oblong, finement poilu<br \/>\n&#8211; carpelles en t\u00eate oblongue d\u00e9passant les p\u00e9tales, tr\u00e8s petits et tr\u00e8s nombreux, non car\u00e9n\u00e9s, finement rid\u00e9s sur les faces, \u00e0 bec tr\u00e8s court.<\/p>\n","protected":false},"excerpt":{"rendered":"<p>27 Ranunculus sceleratus L. Renoncule sc\u00e9l\u00e9rate &#8211; . Racine annuelle, fibreuse &#8211; tige de 8-80 cm, dress\u00e9e, creuse, sillonn\u00e9e, rameuse, glabre ou pubescente &#8211; feuilles luisantes, les radicales en rein arrondi, \u00e0 3-5 lobes, les caulinaires \u00e0 3 segments bi-trifides &#8211; p\u00e9doncules sillonn\u00e9s &#8211; fleurs petites, nombreuses, d&#8217;un jaune p\u00e2le &#8211; s\u00e9pales \u00e9tal\u00e9s &#8211; p\u00e9tales&hellip;<\/p>\n","protected":false},"author":1,"featured_media":1457,"parent":0,"menu_order":0,"comment_status":"closed","ping_status":"closed","template":"","meta":{"_acf_changed":false,"footnotes":""},"categories":[6,54,214],"tags":[],"class_list":["post-1511","page","type-page","status-publish","has-post-thumbnail","hentry","category-plantae","category-renonculaceae","category-ranunculus"],"acf":[],"_links":{"self":[{"href":"https:\/\/www.rezeau.org\/wp-flore\/wp-json\/wp\/v2\/pages\/1511","targetHints":{"allow":["GET"]}}],"collection":[{"href":"https:\/\/www.rezeau.org\/wp-flore\/wp-json\/wp\/v2\/pages"}],"about":[{"href":"https:\/\/www.rezeau.org\/wp-flore\/wp-json\/wp\/v2\/types\/page"}],"author":[{"embeddable":true,"href":"https:\/\/www.rezeau.org\/wp-flore\/wp-json\/wp\/v2\/users\/1"}],"replies":[{"embeddable":true,"href":"https:\/\/www.rezeau.org\/wp-flore\/wp-json\/wp\/v2\/comments?post=1511"}],"version-history":[{"count":3,"href":"https:\/\/www.rezeau.org\/wp-flore\/wp-json\/wp\/v2\/pages\/1511\/revisions"}],"predecessor-version":[{"id":3750,"href":"https:\/\/www.rezeau.org\/wp-flore\/wp-json\/wp\/v2\/pages\/1511\/revisions\/3750"}],"wp:featuredmedia":[{"embeddable":true,"href":"https:\/\/www.rezeau.org\/wp-flore\/wp-json\/wp\/v2\/media\/1457"}],"wp:attachment":[{"href":"https:\/\/www.rezeau.org\/wp-flore\/wp-json\/wp\/v2\/media?parent=1511"}],"wp:term":[{"taxonomy":"category","embeddable":true,"href":"https:\/\/www.rezeau.org\/wp-flore\/wp-json\/wp\/v2\/categories?post=1511"},{"taxonomy":"post_tag","embeddable":true,"href":"https:\/\/www.rezeau.org\/wp-flore\/wp-json\/wp\/v2\/tags?post=1511"}],"curies":[{"name":"wp","href":"https:\/\/api.w.org\/{rel}","templated":true}]}}