{"id":1566,"date":"2016-03-21T12:13:50","date_gmt":"2016-03-21T11:13:50","guid":{"rendered":"http:\/\/www.rezeau.org\/wp-flore\/?page_id=1566"},"modified":"2021-06-21T16:44:40","modified_gmt":"2021-06-21T14:44:40","slug":"jacobaea-vulgaris-gaertn","status":"publish","type":"page","link":"https:\/\/www.rezeau.org\/wp-flore\/jacobaea-vulgaris-gaertn\/","title":{"rendered":"Jacobaea vulgaris"},"content":{"rendered":"\n<table class=\"desc\">\n<tbody>\n<tr>\n<td><span class=\"gras\">1827 Senecio jacobaea L.&nbsp;<\/span><span class=\"italique\">Jacob\u00e9e<\/span><\/td>\n<\/tr>\n<tr>\n<td>&#8211; . Plante&nbsp;vivace&nbsp;<br>&#8211;&nbsp;souche&nbsp;courte,&nbsp;tronqu\u00e9e,&nbsp;fibreuse&nbsp;<br>&#8211;&nbsp;tige&nbsp;de 4-8 dm, droite,&nbsp;rameuse&nbsp;au sommet,&nbsp;glabre&nbsp;ou&nbsp;pubescente&nbsp;<br>&#8211;&nbsp;feuilles&nbsp;ordinairement&nbsp;glabres, \u00e0 contour&nbsp;oblong, profond\u00e9ment&nbsp;pennatipartites, divis\u00e9es en&nbsp;segments&nbsp;presque \u00e9gaux,&nbsp;oblongs-obovales&nbsp;ou&nbsp;oblongs,&nbsp;lob\u00e9s&nbsp;ou&nbsp;cr\u00e9nel\u00e9s, les inf\u00e9rieures&nbsp;p\u00e9tiol\u00e9es,&nbsp;lyr\u00e9es, les suivantes&nbsp;sessiles, \u00e0 oreillettes&nbsp;embrassantes,&nbsp;lacini\u00e9es&nbsp;<br>&#8211;&nbsp;calicule&nbsp;\u00e0&nbsp;folioles&nbsp;courtes et peu nombreuses&nbsp;<br>&#8211;&nbsp;folioles&nbsp;de l&#8217;involucre&nbsp;tach\u00e9es de brun au sommet&nbsp;<br>&#8211; ak\u00e8nes&nbsp;pubescents, ceux de la circonf\u00e9rence&nbsp;glabres&nbsp;<br>&#8211; capitules en&nbsp;corymbe&nbsp;ombelliforme&nbsp;<br>&#8211;&nbsp;fleurs&nbsp;jaunes. Varie \u00e0&nbsp;fleurs&nbsp;toutes tubuleuses (S. flosculosus Jord.).<\/td>\n<\/tr>\n<tr>\n<td><span class=\"titre\">\u00c9cologie&nbsp;<\/span>Prairies et lieux frais dans toute la France.<\/td>\n<\/tr>\n<tr>\n<td><span class=\"titre\">R\u00e9partition&nbsp;<\/span>Presque toute l&#8217;Europe.<\/td>\n<\/tr>\n<tr>\n<td><span class=\"titre\">Floraison&nbsp;<\/span>Juin-ao\u00fbt.<\/td>\n<\/tr>\n<\/tbody>\n<\/table>\n","protected":false},"excerpt":{"rendered":"<p>1827 Senecio jacobaea L.&nbsp;Jacob\u00e9e &#8211; . Plante&nbsp;vivace&nbsp;&#8211;&nbsp;souche&nbsp;courte,&nbsp;tronqu\u00e9e,&nbsp;fibreuse&nbsp;&#8211;&nbsp;tige&nbsp;de 4-8 dm, droite,&nbsp;rameuse&nbsp;au sommet,&nbsp;glabre&nbsp;ou&nbsp;pubescente&nbsp;&#8211;&nbsp;feuilles&nbsp;ordinairement&nbsp;glabres, \u00e0 contour&nbsp;oblong, profond\u00e9ment&nbsp;pennatipartites, divis\u00e9es en&nbsp;segments&nbsp;presque \u00e9gaux,&nbsp;oblongs-obovales&nbsp;ou&nbsp;oblongs,&nbsp;lob\u00e9s&nbsp;ou&nbsp;cr\u00e9nel\u00e9s, les inf\u00e9rieures&nbsp;p\u00e9tiol\u00e9es,&nbsp;lyr\u00e9es, les suivantes&nbsp;sessiles, \u00e0 oreillettes&nbsp;embrassantes,&nbsp;lacini\u00e9es&nbsp;&#8211;&nbsp;calicule&nbsp;\u00e0&nbsp;folioles&nbsp;courtes et peu nombreuses&nbsp;&#8211;&nbsp;folioles&nbsp;de l&#8217;involucre&nbsp;tach\u00e9es de brun au sommet&nbsp;&#8211; ak\u00e8nes&nbsp;pubescents, ceux de la circonf\u00e9rence&nbsp;glabres&nbsp;&#8211; capitules en&nbsp;corymbe&nbsp;ombelliforme&nbsp;&#8211;&nbsp;fleurs&nbsp;jaunes. Varie \u00e0&nbsp;fleurs&nbsp;toutes tubuleuses (S. flosculosus Jord.). \u00c9cologie&nbsp;Prairies et lieux frais dans toute la France. R\u00e9partition&nbsp;Presque toute l&#8217;Europe.&hellip;<\/p>\n","protected":false},"author":1,"featured_media":1538,"parent":0,"menu_order":0,"comment_status":"closed","ping_status":"closed","template":"","meta":{"_acf_changed":false,"footnotes":""},"categories":[14,216,6],"tags":[],"class_list":["post-1566","page","type-page","status-publish","has-post-thumbnail","hentry","category-asteraceae","category-jacobaea","category-plantae"],"acf":[],"_links":{"self":[{"href":"https:\/\/www.rezeau.org\/wp-flore\/wp-json\/wp\/v2\/pages\/1566","targetHints":{"allow":["GET"]}}],"collection":[{"href":"https:\/\/www.rezeau.org\/wp-flore\/wp-json\/wp\/v2\/pages"}],"about":[{"href":"https:\/\/www.rezeau.org\/wp-flore\/wp-json\/wp\/v2\/types\/page"}],"author":[{"embeddable":true,"href":"https:\/\/www.rezeau.org\/wp-flore\/wp-json\/wp\/v2\/users\/1"}],"replies":[{"embeddable":true,"href":"https:\/\/www.rezeau.org\/wp-flore\/wp-json\/wp\/v2\/comments?post=1566"}],"version-history":[{"count":5,"href":"https:\/\/www.rezeau.org\/wp-flore\/wp-json\/wp\/v2\/pages\/1566\/revisions"}],"predecessor-version":[{"id":4373,"href":"https:\/\/www.rezeau.org\/wp-flore\/wp-json\/wp\/v2\/pages\/1566\/revisions\/4373"}],"wp:featuredmedia":[{"embeddable":true,"href":"https:\/\/www.rezeau.org\/wp-flore\/wp-json\/wp\/v2\/media\/1538"}],"wp:attachment":[{"href":"https:\/\/www.rezeau.org\/wp-flore\/wp-json\/wp\/v2\/media?parent=1566"}],"wp:term":[{"taxonomy":"category","embeddable":true,"href":"https:\/\/www.rezeau.org\/wp-flore\/wp-json\/wp\/v2\/categories?post=1566"},{"taxonomy":"post_tag","embeddable":true,"href":"https:\/\/www.rezeau.org\/wp-flore\/wp-json\/wp\/v2\/tags?post=1566"}],"curies":[{"name":"wp","href":"https:\/\/api.w.org\/{rel}","templated":true}]}}