{"id":1595,"date":"2016-03-21T18:41:12","date_gmt":"2016-03-21T17:41:12","guid":{"rendered":"http:\/\/www.rezeau.org\/wp-flore\/?page_id=1595"},"modified":"2017-11-12T15:39:30","modified_gmt":"2017-11-12T14:39:30","slug":"rumex-acetosa-l","status":"publish","type":"page","link":"https:\/\/www.rezeau.org\/wp-flore\/rumex-acetosa-l\/","title":{"rendered":"Rumex acetosa"},"content":{"rendered":"<pre>3122 Rumex acetosa L. Oseille<\/pre>\n<p>&#8211; . Plante vivace de 30 cm \u00e0 1 m\u00e8tre, verte, \u00e0 fibres radicales gr\u00eales<br \/>\n&#8211; tige dress\u00e9e, simple, rameuse au sommet, \u00e0 rameaux dress\u00e9s<br \/>\n&#8211; feuilles fermes et assez \u00e9paisses, ovales-oblongues sagitt\u00e9es, enti\u00e8res, \u00e0 oreillettes parall\u00e8les au p\u00e9tiole ou un peu convergentes, \u00e0 nervures peu saillantes, les radicales assez nombreuses, les sup\u00e9rieures lanc\u00e9ol\u00e9es et embrassantes<br \/>\n&#8211; gaine stipulaire allong\u00e9e, dent\u00e9e-incis\u00e9e ou lacini\u00e9e<br \/>\n&#8211; fleurs dio\u00efques, en panicule longue, l\u00e2che, nue<br \/>\n&#8211; valves fructif\u00e8res membraneuses, suborbiculaires en coeur, enti\u00e8res, munies d&#8217;une petite \u00e9caille.<\/p>\n","protected":false},"excerpt":{"rendered":"<p>3122 Rumex acetosa L. Oseille &#8211; . Plante vivace de 30 cm \u00e0 1 m\u00e8tre, verte, \u00e0 fibres radicales gr\u00eales &#8211; tige dress\u00e9e, simple, rameuse au sommet, \u00e0 rameaux dress\u00e9s &#8211; feuilles fermes et assez \u00e9paisses, ovales-oblongues sagitt\u00e9es, enti\u00e8res, \u00e0 oreillettes parall\u00e8les au p\u00e9tiole ou un peu convergentes, \u00e0 nervures peu saillantes, les radicales assez&hellip;<\/p>\n","protected":false},"author":1,"featured_media":1590,"parent":0,"menu_order":0,"comment_status":"closed","ping_status":"closed","template":"","meta":{"_acf_changed":false,"footnotes":""},"categories":[6,52,220],"tags":[],"class_list":["post-1595","page","type-page","status-publish","has-post-thumbnail","hentry","category-plantae","category-polygonaceae","category-rumex"],"acf":[],"_links":{"self":[{"href":"https:\/\/www.rezeau.org\/wp-flore\/wp-json\/wp\/v2\/pages\/1595","targetHints":{"allow":["GET"]}}],"collection":[{"href":"https:\/\/www.rezeau.org\/wp-flore\/wp-json\/wp\/v2\/pages"}],"about":[{"href":"https:\/\/www.rezeau.org\/wp-flore\/wp-json\/wp\/v2\/types\/page"}],"author":[{"embeddable":true,"href":"https:\/\/www.rezeau.org\/wp-flore\/wp-json\/wp\/v2\/users\/1"}],"replies":[{"embeddable":true,"href":"https:\/\/www.rezeau.org\/wp-flore\/wp-json\/wp\/v2\/comments?post=1595"}],"version-history":[{"count":3,"href":"https:\/\/www.rezeau.org\/wp-flore\/wp-json\/wp\/v2\/pages\/1595\/revisions"}],"predecessor-version":[{"id":3758,"href":"https:\/\/www.rezeau.org\/wp-flore\/wp-json\/wp\/v2\/pages\/1595\/revisions\/3758"}],"wp:featuredmedia":[{"embeddable":true,"href":"https:\/\/www.rezeau.org\/wp-flore\/wp-json\/wp\/v2\/media\/1590"}],"wp:attachment":[{"href":"https:\/\/www.rezeau.org\/wp-flore\/wp-json\/wp\/v2\/media?parent=1595"}],"wp:term":[{"taxonomy":"category","embeddable":true,"href":"https:\/\/www.rezeau.org\/wp-flore\/wp-json\/wp\/v2\/categories?post=1595"},{"taxonomy":"post_tag","embeddable":true,"href":"https:\/\/www.rezeau.org\/wp-flore\/wp-json\/wp\/v2\/tags?post=1595"}],"curies":[{"name":"wp","href":"https:\/\/api.w.org\/{rel}","templated":true}]}}