{"id":1607,"date":"2016-03-21T18:53:18","date_gmt":"2016-03-21T17:53:18","guid":{"rendered":"http:\/\/www.rezeau.org\/wp-flore\/?page_id=1607"},"modified":"2018-08-12T15:36:48","modified_gmt":"2018-08-12T13:36:48","slug":"salix-caprea-l","status":"publish","type":"page","link":"https:\/\/www.rezeau.org\/wp-flore\/salix-caprea-l\/","title":{"rendered":"Salix caprea"},"content":{"rendered":"<pre>3299 Salix caprea L. Marsau<\/pre>\n<p>&#8211; . Arbrisseau ou arbuste de 3-10 m\u00e8tres, \u00e0 rameaux \u00e9tal\u00e9s dress\u00e9s, arrondis, les jeunes et les bourgeons bient\u00f4t glabres<br \/>\n&#8211; bois nu tr\u00e8s lisse<br \/>\n&#8211; feuilles grandes, p\u00e9tiol\u00e9es, ovales, \u00e0 pointe recourb\u00e9e, un peu ondul\u00e9es, vertes et luisantes en dessus, mollement blanches-tomenteuses en dessous<br \/>\n&#8211; chatons pr\u00e9coces, gros, oblongs ou cylindriques, denses, subsessiles, \u00e0 \u00e9cailles velues, noir\u00e2tres au sommet<br \/>\n&#8211; style court<br \/>\n&#8211; capsule tomenteuse \u00e0 p\u00e9dicelle 3-4 fois plus long que la glande.<\/p>\n","protected":false},"excerpt":{"rendered":"<p>3299 Salix caprea L. Marsau &#8211; . Arbrisseau ou arbuste de 3-10 m\u00e8tres, \u00e0 rameaux \u00e9tal\u00e9s dress\u00e9s, arrondis, les jeunes et les bourgeons bient\u00f4t glabres &#8211; bois nu tr\u00e8s lisse &#8211; feuilles grandes, p\u00e9tiol\u00e9es, ovales, \u00e0 pointe recourb\u00e9e, un peu ondul\u00e9es, vertes et luisantes en dessus, mollement blanches-tomenteuses en dessous &#8211; chatons pr\u00e9coces, gros, oblongs&hellip;<\/p>\n","protected":false},"author":1,"featured_media":1552,"parent":0,"menu_order":0,"comment_status":"closed","ping_status":"closed","template":"","meta":{"_acf_changed":false,"footnotes":""},"categories":[6,57,221],"tags":[],"class_list":["post-1607","page","type-page","status-publish","has-post-thumbnail","hentry","category-plantae","category-salicaceae","category-salix"],"acf":[],"_links":{"self":[{"href":"https:\/\/www.rezeau.org\/wp-flore\/wp-json\/wp\/v2\/pages\/1607","targetHints":{"allow":["GET"]}}],"collection":[{"href":"https:\/\/www.rezeau.org\/wp-flore\/wp-json\/wp\/v2\/pages"}],"about":[{"href":"https:\/\/www.rezeau.org\/wp-flore\/wp-json\/wp\/v2\/types\/page"}],"author":[{"embeddable":true,"href":"https:\/\/www.rezeau.org\/wp-flore\/wp-json\/wp\/v2\/users\/1"}],"replies":[{"embeddable":true,"href":"https:\/\/www.rezeau.org\/wp-flore\/wp-json\/wp\/v2\/comments?post=1607"}],"version-history":[{"count":6,"href":"https:\/\/www.rezeau.org\/wp-flore\/wp-json\/wp\/v2\/pages\/1607\/revisions"}],"predecessor-version":[{"id":3885,"href":"https:\/\/www.rezeau.org\/wp-flore\/wp-json\/wp\/v2\/pages\/1607\/revisions\/3885"}],"wp:featuredmedia":[{"embeddable":true,"href":"https:\/\/www.rezeau.org\/wp-flore\/wp-json\/wp\/v2\/media\/1552"}],"wp:attachment":[{"href":"https:\/\/www.rezeau.org\/wp-flore\/wp-json\/wp\/v2\/media?parent=1607"}],"wp:term":[{"taxonomy":"category","embeddable":true,"href":"https:\/\/www.rezeau.org\/wp-flore\/wp-json\/wp\/v2\/categories?post=1607"},{"taxonomy":"post_tag","embeddable":true,"href":"https:\/\/www.rezeau.org\/wp-flore\/wp-json\/wp\/v2\/tags?post=1607"}],"curies":[{"name":"wp","href":"https:\/\/api.w.org\/{rel}","templated":true}]}}