{"id":1614,"date":"2016-03-21T18:59:03","date_gmt":"2016-03-21T17:59:03","guid":{"rendered":"http:\/\/www.rezeau.org\/wp-flore\/?page_id=1614"},"modified":"2017-11-12T15:47:00","modified_gmt":"2017-11-12T14:47:00","slug":"scrophularia-auriculata-l","status":"publish","type":"page","link":"https:\/\/www.rezeau.org\/wp-flore\/scrophularia-auriculata-l\/","title":{"rendered":"Scrophularia auriculata"},"content":{"rendered":"<pre>2662 Scrofularia auriculata Synonymes S. SUBVERTICILLATA Moris<\/pre>\n<p>&#8211; Plante vivace atteignant 1-2 m., glabre ou pub\u00e9rulente<br \/>\n&#8211; tige robuste, creuse, \u00e0 4 angles aigus non ou \u00e0 peine ail\u00e9s<br \/>\n&#8211; feuilles auricul\u00e9es ou lyr\u00e9es-pennatis\u00e9qu\u00e9es, \u00e0 3-7 segments in\u00e9gaux, le terminal beaucoup plus grand, ovales ou lanc\u00e9ol\u00e9s, in\u00e9galement dent\u00e9s-incis\u00e9s<br \/>\n&#8211; fleurs d&#8217;un brun rouge\u00e2tre, subsessiles, en cymes courtement p\u00e9doncul\u00e9es, compactes et comme verticill\u00e9es, bien plus courtes que les entrenoeuds<br \/>\n&#8211; calice \u00e0 lobes arrondis, scarieux et d\u00e9chir\u00e9s-frang\u00e9s<br \/>\n&#8211; corolle de 7-10 mm<br \/>\n&#8211; staminode obovale en coin<br \/>\n&#8211; capsule de 5-7 mm, subglobuleuse-apicul\u00e9e<\/p>\n","protected":false},"excerpt":{"rendered":"<p>2662 Scrofularia auriculata Synonymes S. SUBVERTICILLATA Moris &#8211; Plante vivace atteignant 1-2 m., glabre ou pub\u00e9rulente &#8211; tige robuste, creuse, \u00e0 4 angles aigus non ou \u00e0 peine ail\u00e9s &#8211; feuilles auricul\u00e9es ou lyr\u00e9es-pennatis\u00e9qu\u00e9es, \u00e0 3-7 segments in\u00e9gaux, le terminal beaucoup plus grand, ovales ou lanc\u00e9ol\u00e9s, in\u00e9galement dent\u00e9s-incis\u00e9s &#8211; fleurs d&#8217;un brun rouge\u00e2tre, subsessiles, en&hellip;<\/p>\n","protected":false},"author":1,"featured_media":1553,"parent":0,"menu_order":0,"comment_status":"closed","ping_status":"closed","template":"","meta":{"_acf_changed":false,"footnotes":""},"categories":[6,222,58],"tags":[],"class_list":["post-1614","page","type-page","status-publish","has-post-thumbnail","hentry","category-plantae","category-scrophularia","category-scrophulariaceae"],"acf":[],"_links":{"self":[{"href":"https:\/\/www.rezeau.org\/wp-flore\/wp-json\/wp\/v2\/pages\/1614","targetHints":{"allow":["GET"]}}],"collection":[{"href":"https:\/\/www.rezeau.org\/wp-flore\/wp-json\/wp\/v2\/pages"}],"about":[{"href":"https:\/\/www.rezeau.org\/wp-flore\/wp-json\/wp\/v2\/types\/page"}],"author":[{"embeddable":true,"href":"https:\/\/www.rezeau.org\/wp-flore\/wp-json\/wp\/v2\/users\/1"}],"replies":[{"embeddable":true,"href":"https:\/\/www.rezeau.org\/wp-flore\/wp-json\/wp\/v2\/comments?post=1614"}],"version-history":[{"count":3,"href":"https:\/\/www.rezeau.org\/wp-flore\/wp-json\/wp\/v2\/pages\/1614\/revisions"}],"predecessor-version":[{"id":3766,"href":"https:\/\/www.rezeau.org\/wp-flore\/wp-json\/wp\/v2\/pages\/1614\/revisions\/3766"}],"wp:featuredmedia":[{"embeddable":true,"href":"https:\/\/www.rezeau.org\/wp-flore\/wp-json\/wp\/v2\/media\/1553"}],"wp:attachment":[{"href":"https:\/\/www.rezeau.org\/wp-flore\/wp-json\/wp\/v2\/media?parent=1614"}],"wp:term":[{"taxonomy":"category","embeddable":true,"href":"https:\/\/www.rezeau.org\/wp-flore\/wp-json\/wp\/v2\/categories?post=1614"},{"taxonomy":"post_tag","embeddable":true,"href":"https:\/\/www.rezeau.org\/wp-flore\/wp-json\/wp\/v2\/tags?post=1614"}],"curies":[{"name":"wp","href":"https:\/\/api.w.org\/{rel}","templated":true}]}}