{"id":1621,"date":"2016-03-21T19:03:23","date_gmt":"2016-03-21T18:03:23","guid":{"rendered":"http:\/\/www.rezeau.org\/wp-flore\/?page_id=1621"},"modified":"2017-11-12T15:50:41","modified_gmt":"2017-11-12T14:50:41","slug":"scrophularia-nodosa-l","status":"publish","type":"page","link":"https:\/\/www.rezeau.org\/wp-flore\/scrophularia-nodosa-l\/","title":{"rendered":"Scrophularia nodosa"},"content":{"rendered":"<pre>2659 Scrofularia nodosa L.<\/pre>\n<p>&#8211; Plante vivace de 40-80 cm, glabre et verte, \u00e0 souche renfl\u00e9e-noueuse<br \/>\n&#8211; tige pleine, \u00e0 4 angles aigus non ail\u00e9s<br \/>\n&#8211; feuilles fermes, ovales-lanc\u00e9ol\u00e9es, aigu\u00ebs, en coeur ou tronqu\u00e9es \u00e0 la base non d\u00e9currente, dent\u00e9es en scie \u00e0 dents inf\u00e9rieures plus grandes, fortement nerv\u00e9es<br \/>\n&#8211; fleurs d&#8217;un brun oliv\u00e2tre, en panicule \u00e9troite, nue<br \/>\n&#8211; p\u00e9dicelles dress\u00e9s ou \u00e9tal\u00e9s, 2-4 fois plus longs que le calice \u00e0 lobes ovales \u00e0 peine scarieux<br \/>\n&#8211; corolle de 6-9 mm<br \/>\n&#8211; staminode obovale, tronqu\u00e9 ou \u00e9margin\u00e9 en coeur au sommet<br \/>\n&#8211; capsule de 6-10 mm, ovo\u00efde-conique.<\/p>\n","protected":false},"excerpt":{"rendered":"<p>2659 Scrofularia nodosa L. &#8211; Plante vivace de 40-80 cm, glabre et verte, \u00e0 souche renfl\u00e9e-noueuse &#8211; tige pleine, \u00e0 4 angles aigus non ail\u00e9s &#8211; feuilles fermes, ovales-lanc\u00e9ol\u00e9es, aigu\u00ebs, en coeur ou tronqu\u00e9es \u00e0 la base non d\u00e9currente, dent\u00e9es en scie \u00e0 dents inf\u00e9rieures plus grandes, fortement nerv\u00e9es &#8211; fleurs d&#8217;un brun oliv\u00e2tre, en&hellip;<\/p>\n","protected":false},"author":1,"featured_media":1559,"parent":0,"menu_order":0,"comment_status":"closed","ping_status":"closed","template":"","meta":{"_acf_changed":false,"footnotes":""},"categories":[6,222,58],"tags":[],"class_list":["post-1621","page","type-page","status-publish","has-post-thumbnail","hentry","category-plantae","category-scrophularia","category-scrophulariaceae"],"acf":[],"_links":{"self":[{"href":"https:\/\/www.rezeau.org\/wp-flore\/wp-json\/wp\/v2\/pages\/1621","targetHints":{"allow":["GET"]}}],"collection":[{"href":"https:\/\/www.rezeau.org\/wp-flore\/wp-json\/wp\/v2\/pages"}],"about":[{"href":"https:\/\/www.rezeau.org\/wp-flore\/wp-json\/wp\/v2\/types\/page"}],"author":[{"embeddable":true,"href":"https:\/\/www.rezeau.org\/wp-flore\/wp-json\/wp\/v2\/users\/1"}],"replies":[{"embeddable":true,"href":"https:\/\/www.rezeau.org\/wp-flore\/wp-json\/wp\/v2\/comments?post=1621"}],"version-history":[{"count":3,"href":"https:\/\/www.rezeau.org\/wp-flore\/wp-json\/wp\/v2\/pages\/1621\/revisions"}],"predecessor-version":[{"id":3768,"href":"https:\/\/www.rezeau.org\/wp-flore\/wp-json\/wp\/v2\/pages\/1621\/revisions\/3768"}],"wp:featuredmedia":[{"embeddable":true,"href":"https:\/\/www.rezeau.org\/wp-flore\/wp-json\/wp\/v2\/media\/1559"}],"wp:attachment":[{"href":"https:\/\/www.rezeau.org\/wp-flore\/wp-json\/wp\/v2\/media?parent=1621"}],"wp:term":[{"taxonomy":"category","embeddable":true,"href":"https:\/\/www.rezeau.org\/wp-flore\/wp-json\/wp\/v2\/categories?post=1621"},{"taxonomy":"post_tag","embeddable":true,"href":"https:\/\/www.rezeau.org\/wp-flore\/wp-json\/wp\/v2\/tags?post=1621"}],"curies":[{"name":"wp","href":"https:\/\/api.w.org\/{rel}","templated":true}]}}