{"id":1629,"date":"2016-03-22T09:02:52","date_gmt":"2016-03-22T08:02:52","guid":{"rendered":"http:\/\/www.rezeau.org\/wp-flore\/?page_id=1629"},"modified":"2017-11-12T15:55:56","modified_gmt":"2017-11-12T14:55:56","slug":"sedum-album-l","status":"publish","type":"page","link":"https:\/\/www.rezeau.org\/wp-flore\/sedum-album-l\/","title":{"rendered":"Sedum album"},"content":{"rendered":"<pre>1373 Sedum album L.<\/pre>\n<p>&#8211; Plante vivace de 10-30 cm, glabre, verte ou lav\u00e9e de rouge, \u00e0 souche gr\u00eale \u00e9mettant des rejets st\u00e9riles couch\u00e9s, radicants, \u00e0 feuilles peu rapproch\u00e9es<br \/>\n&#8211; tiges florif\u00e8res gr\u00eales, dress\u00e9es, simples<br \/>\n&#8211; feuilles \u00e9parses, cylindrac\u00e9es, longues de 10-15 mm, obtuses, sessiles, dress\u00e9es-\u00e9tal\u00e9es<br \/>\n&#8211; fleurs blanches, p\u00e9dicell\u00e9es, en corymbes<br \/>\n&#8211; s\u00e9pales ovales-obtus<br \/>\n&#8211; p\u00e9tales oblongs, subobtus, non arist\u00e9s, 3 fois plus longs que le calice<br \/>\n&#8211; carpelles dress\u00e9s, ovales-oblongs.<\/p>\n","protected":false},"excerpt":{"rendered":"<p>1373 Sedum album L. &#8211; Plante vivace de 10-30 cm, glabre, verte ou lav\u00e9e de rouge, \u00e0 souche gr\u00eale \u00e9mettant des rejets st\u00e9riles couch\u00e9s, radicants, \u00e0 feuilles peu rapproch\u00e9es &#8211; tiges florif\u00e8res gr\u00eales, dress\u00e9es, simples &#8211; feuilles \u00e9parses, cylindrac\u00e9es, longues de 10-15 mm, obtuses, sessiles, dress\u00e9es-\u00e9tal\u00e9es &#8211; fleurs blanches, p\u00e9dicell\u00e9es, en corymbes &#8211; s\u00e9pales ovales-obtus&hellip;<\/p>\n","protected":false},"author":1,"featured_media":1563,"parent":0,"menu_order":0,"comment_status":"closed","ping_status":"closed","template":"","meta":{"_acf_changed":false,"footnotes":""},"categories":[28,6,224],"tags":[],"class_list":["post-1629","page","type-page","status-publish","has-post-thumbnail","hentry","category-crassulaceae","category-plantae","category-sedum"],"acf":[],"_links":{"self":[{"href":"https:\/\/www.rezeau.org\/wp-flore\/wp-json\/wp\/v2\/pages\/1629","targetHints":{"allow":["GET"]}}],"collection":[{"href":"https:\/\/www.rezeau.org\/wp-flore\/wp-json\/wp\/v2\/pages"}],"about":[{"href":"https:\/\/www.rezeau.org\/wp-flore\/wp-json\/wp\/v2\/types\/page"}],"author":[{"embeddable":true,"href":"https:\/\/www.rezeau.org\/wp-flore\/wp-json\/wp\/v2\/users\/1"}],"replies":[{"embeddable":true,"href":"https:\/\/www.rezeau.org\/wp-flore\/wp-json\/wp\/v2\/comments?post=1629"}],"version-history":[{"count":3,"href":"https:\/\/www.rezeau.org\/wp-flore\/wp-json\/wp\/v2\/pages\/1629\/revisions"}],"predecessor-version":[{"id":3772,"href":"https:\/\/www.rezeau.org\/wp-flore\/wp-json\/wp\/v2\/pages\/1629\/revisions\/3772"}],"wp:featuredmedia":[{"embeddable":true,"href":"https:\/\/www.rezeau.org\/wp-flore\/wp-json\/wp\/v2\/media\/1563"}],"wp:attachment":[{"href":"https:\/\/www.rezeau.org\/wp-flore\/wp-json\/wp\/v2\/media?parent=1629"}],"wp:term":[{"taxonomy":"category","embeddable":true,"href":"https:\/\/www.rezeau.org\/wp-flore\/wp-json\/wp\/v2\/categories?post=1629"},{"taxonomy":"post_tag","embeddable":true,"href":"https:\/\/www.rezeau.org\/wp-flore\/wp-json\/wp\/v2\/tags?post=1629"}],"curies":[{"name":"wp","href":"https:\/\/api.w.org\/{rel}","templated":true}]}}