{"id":1767,"date":"2016-03-22T18:52:35","date_gmt":"2016-03-22T17:52:35","guid":{"rendered":"http:\/\/www.rezeau.org\/wp-flore\/?page_id=1767"},"modified":"2017-11-12T16:00:36","modified_gmt":"2017-11-12T15:00:36","slug":"sison-amomum-l","status":"publish","type":"page","link":"https:\/\/www.rezeau.org\/wp-flore\/sison-amomum-l\/","title":{"rendered":"Sison amomum"},"content":{"rendered":"<pre>1602 Sison amomum L.<\/pre>\n<p>&#8211; Plante bisannuelle de 50 cm \u00e0 1 m\u00e8tre, glabre, d&#8217;un vert sombre, \u00e0 racine longue, pivotante, \u00e0 odeur d\u00e9sagr\u00e9able<br \/>\n&#8211; tige finement stri\u00e9e, \u00e0 nombreux rameaux gr\u00eales<br \/>\n&#8211; feuilles inf\u00e9rieures pennatis\u00e9qu\u00e9es, \u00e0 5-9 segments ovales-oblongs, incis\u00e9s-dent\u00e9s, les sup\u00e9rieures divis\u00e9es en lobes lin\u00e9aires<br \/>\n&#8211; fleurs blanches, en ombelles nombreuses, petites, \u00e0 3-6 rayons in\u00e9gaux, filiformes, divariqu\u00e9s<br \/>\n&#8211; involucre \u00e0 1-3 folioles lin\u00e9aires, courtes<br \/>\n&#8211; involucelle \u00e0 1-5 folioles tr\u00e8s petites<br \/>\n&#8211; calice \u00e0 limbe nul<br \/>\n&#8211; p\u00e9tales obovales, bifides, \u00e0 pointe courb\u00e9e<br \/>\n&#8211; styles tr\u00e8s courts, \u00e9tal\u00e9s<br \/>\n&#8211; fruit ovo\u00efde, comprim\u00e9 par le c\u00f4t\u00e9, glabre<br \/>\n&#8211; m\u00e9ricarpes \u00e0 bords contigus, \u00e0 5 c\u00f4tes filiformes, obtuses, \u00e9gales.<\/p>\n","protected":false},"excerpt":{"rendered":"<p>1602 Sison amomum L. &#8211; Plante bisannuelle de 50 cm \u00e0 1 m\u00e8tre, glabre, d&#8217;un vert sombre, \u00e0 racine longue, pivotante, \u00e0 odeur d\u00e9sagr\u00e9able &#8211; tige finement stri\u00e9e, \u00e0 nombreux rameaux gr\u00eales &#8211; feuilles inf\u00e9rieures pennatis\u00e9qu\u00e9es, \u00e0 5-9 segments ovales-oblongs, incis\u00e9s-dent\u00e9s, les sup\u00e9rieures divis\u00e9es en lobes lin\u00e9aires &#8211; fleurs blanches, en ombelles nombreuses, petites, \u00e0&hellip;<\/p>\n","protected":false},"author":1,"featured_media":1763,"parent":0,"menu_order":0,"comment_status":"closed","ping_status":"closed","template":"","meta":{"_acf_changed":false,"footnotes":""},"categories":[10,6,77],"tags":[],"class_list":["post-1767","page","type-page","status-publish","has-post-thumbnail","hentry","category-apiaceae","category-plantae","category-sison"],"acf":[],"_links":{"self":[{"href":"https:\/\/www.rezeau.org\/wp-flore\/wp-json\/wp\/v2\/pages\/1767","targetHints":{"allow":["GET"]}}],"collection":[{"href":"https:\/\/www.rezeau.org\/wp-flore\/wp-json\/wp\/v2\/pages"}],"about":[{"href":"https:\/\/www.rezeau.org\/wp-flore\/wp-json\/wp\/v2\/types\/page"}],"author":[{"embeddable":true,"href":"https:\/\/www.rezeau.org\/wp-flore\/wp-json\/wp\/v2\/users\/1"}],"replies":[{"embeddable":true,"href":"https:\/\/www.rezeau.org\/wp-flore\/wp-json\/wp\/v2\/comments?post=1767"}],"version-history":[{"count":3,"href":"https:\/\/www.rezeau.org\/wp-flore\/wp-json\/wp\/v2\/pages\/1767\/revisions"}],"predecessor-version":[{"id":3777,"href":"https:\/\/www.rezeau.org\/wp-flore\/wp-json\/wp\/v2\/pages\/1767\/revisions\/3777"}],"wp:featuredmedia":[{"embeddable":true,"href":"https:\/\/www.rezeau.org\/wp-flore\/wp-json\/wp\/v2\/media\/1763"}],"wp:attachment":[{"href":"https:\/\/www.rezeau.org\/wp-flore\/wp-json\/wp\/v2\/media?parent=1767"}],"wp:term":[{"taxonomy":"category","embeddable":true,"href":"https:\/\/www.rezeau.org\/wp-flore\/wp-json\/wp\/v2\/categories?post=1767"},{"taxonomy":"post_tag","embeddable":true,"href":"https:\/\/www.rezeau.org\/wp-flore\/wp-json\/wp\/v2\/tags?post=1767"}],"curies":[{"name":"wp","href":"https:\/\/api.w.org\/{rel}","templated":true}]}}