{"id":1784,"date":"2016-03-22T22:41:06","date_gmt":"2016-03-22T21:41:06","guid":{"rendered":"http:\/\/www.rezeau.org\/wp-flore\/?page_id=1784"},"modified":"2017-11-12T16:06:48","modified_gmt":"2017-11-12T15:06:48","slug":"solanum-nigrum-l","status":"publish","type":"page","link":"https:\/\/www.rezeau.org\/wp-flore\/solanum-nigrum-l\/","title":{"rendered":"Solanum nigrum"},"content":{"rendered":"<pre>2627 Solanum nigrum L. Morelle noire<\/pre>\n<p>&#8211; . Plante annuelle de 10-60 cm, verte, glabre ou peu poilue, \u00e0 peine odorante<br \/>\n&#8211; tiges et rameaux dress\u00e9s ou diffus, anguleux, plus ou moins rudes et tuberculeux<br \/>\n&#8211; feuilles d&#8217;un vert fonc\u00e9, ovales, plus ou moins sinu\u00e9es ou dent\u00e9es<br \/>\n&#8211; fleurs blanches, petites, en cymes ombelliformes<br \/>\n&#8211; p\u00e9doncules fructif\u00e8res \u00e0 peine plus longs que les p\u00e9dicelles<br \/>\n&#8211; calice glabrescent, \u00e0 lobes arrondis<br \/>\n&#8211; corolle de 6-8 mm, glabrescente, 1-2 fois aussi longue que le calice<br \/>\n&#8211; baies petites, globuleuses, noires. Polymorphe.<\/p>\n","protected":false},"excerpt":{"rendered":"<p>2627 Solanum nigrum L. Morelle noire &#8211; . Plante annuelle de 10-60 cm, verte, glabre ou peu poilue, \u00e0 peine odorante &#8211; tiges et rameaux dress\u00e9s ou diffus, anguleux, plus ou moins rudes et tuberculeux &#8211; feuilles d&#8217;un vert fonc\u00e9, ovales, plus ou moins sinu\u00e9es ou dent\u00e9es &#8211; fleurs blanches, petites, en cymes ombelliformes &#8211;&hellip;<\/p>\n","protected":false},"author":1,"featured_media":1754,"parent":0,"menu_order":0,"comment_status":"closed","ping_status":"closed","template":"","meta":{"_acf_changed":false,"footnotes":""},"categories":[6,59,228],"tags":[],"class_list":["post-1784","page","type-page","status-publish","has-post-thumbnail","hentry","category-plantae","category-solanaceae","category-solanum"],"acf":[],"_links":{"self":[{"href":"https:\/\/www.rezeau.org\/wp-flore\/wp-json\/wp\/v2\/pages\/1784","targetHints":{"allow":["GET"]}}],"collection":[{"href":"https:\/\/www.rezeau.org\/wp-flore\/wp-json\/wp\/v2\/pages"}],"about":[{"href":"https:\/\/www.rezeau.org\/wp-flore\/wp-json\/wp\/v2\/types\/page"}],"author":[{"embeddable":true,"href":"https:\/\/www.rezeau.org\/wp-flore\/wp-json\/wp\/v2\/users\/1"}],"replies":[{"embeddable":true,"href":"https:\/\/www.rezeau.org\/wp-flore\/wp-json\/wp\/v2\/comments?post=1784"}],"version-history":[{"count":3,"href":"https:\/\/www.rezeau.org\/wp-flore\/wp-json\/wp\/v2\/pages\/1784\/revisions"}],"predecessor-version":[{"id":3784,"href":"https:\/\/www.rezeau.org\/wp-flore\/wp-json\/wp\/v2\/pages\/1784\/revisions\/3784"}],"wp:featuredmedia":[{"embeddable":true,"href":"https:\/\/www.rezeau.org\/wp-flore\/wp-json\/wp\/v2\/media\/1754"}],"wp:attachment":[{"href":"https:\/\/www.rezeau.org\/wp-flore\/wp-json\/wp\/v2\/media?parent=1784"}],"wp:term":[{"taxonomy":"category","embeddable":true,"href":"https:\/\/www.rezeau.org\/wp-flore\/wp-json\/wp\/v2\/categories?post=1784"},{"taxonomy":"post_tag","embeddable":true,"href":"https:\/\/www.rezeau.org\/wp-flore\/wp-json\/wp\/v2\/tags?post=1784"}],"curies":[{"name":"wp","href":"https:\/\/api.w.org\/{rel}","templated":true}]}}