{"id":1789,"date":"2016-03-22T22:45:14","date_gmt":"2016-03-22T21:45:14","guid":{"rendered":"http:\/\/www.rezeau.org\/wp-flore\/?page_id=1789"},"modified":"2017-11-12T16:08:27","modified_gmt":"2017-11-12T15:08:27","slug":"solidago-virgaurea-l","status":"publish","type":"page","link":"https:\/\/www.rezeau.org\/wp-flore\/solidago-virgaurea-l\/","title":{"rendered":"Solidago virgaurea"},"content":{"rendered":"<pre>1785. \u2013 Solidago virga-aurea L. \u2013 Verge-d'or.<\/pre>\n<p>\u2013 Plante vivace de 3-10 dm, \u00e0 tige dress\u00e9e, simple, glabre ou un peu pubescente ainsi que les feuilles ; celles-ci ovales-oblongues ou oblongues, r\u00e9tr\u00e9cies aux deux extr\u00e9mit\u00e9s, dent\u00e9es, les sup\u00e9rieures enti\u00e8res, les inf\u00e9rieures att\u00e9nu\u00e9es en p\u00e9tiole ; involucre \u00e0 folioles obtuses ; capitules en grappes feuill\u00e9es, formant une panicule oblongue, \u00e0 rameaux droits ; fleurs jaunes, rayonnantes.<\/p>\n<p><em>taxon modifi\u00e9 le : 27\/05\/2015<\/em><\/p>\n","protected":false},"excerpt":{"rendered":"<p>1785. \u2013 Solidago virga-aurea L. \u2013 Verge-d&#8217;or. \u2013 Plante vivace de 3-10 dm, \u00e0 tige dress\u00e9e, simple, glabre ou un peu pubescente ainsi que les feuilles ; celles-ci ovales-oblongues ou oblongues, r\u00e9tr\u00e9cies aux deux extr\u00e9mit\u00e9s, dent\u00e9es, les sup\u00e9rieures enti\u00e8res, les inf\u00e9rieures att\u00e9nu\u00e9es en p\u00e9tiole ; involucre \u00e0 folioles obtuses ; capitules en grappes feuill\u00e9es, formant&hellip;<\/p>\n","protected":false},"author":1,"featured_media":1752,"parent":0,"menu_order":0,"comment_status":"closed","ping_status":"closed","template":"","meta":{"_acf_changed":false,"footnotes":""},"categories":[14,6,101],"tags":[],"class_list":["post-1789","page","type-page","status-publish","has-post-thumbnail","hentry","category-asteraceae","category-plantae","category-solidago"],"acf":[],"_links":{"self":[{"href":"https:\/\/www.rezeau.org\/wp-flore\/wp-json\/wp\/v2\/pages\/1789","targetHints":{"allow":["GET"]}}],"collection":[{"href":"https:\/\/www.rezeau.org\/wp-flore\/wp-json\/wp\/v2\/pages"}],"about":[{"href":"https:\/\/www.rezeau.org\/wp-flore\/wp-json\/wp\/v2\/types\/page"}],"author":[{"embeddable":true,"href":"https:\/\/www.rezeau.org\/wp-flore\/wp-json\/wp\/v2\/users\/1"}],"replies":[{"embeddable":true,"href":"https:\/\/www.rezeau.org\/wp-flore\/wp-json\/wp\/v2\/comments?post=1789"}],"version-history":[{"count":3,"href":"https:\/\/www.rezeau.org\/wp-flore\/wp-json\/wp\/v2\/pages\/1789\/revisions"}],"predecessor-version":[{"id":3786,"href":"https:\/\/www.rezeau.org\/wp-flore\/wp-json\/wp\/v2\/pages\/1789\/revisions\/3786"}],"wp:featuredmedia":[{"embeddable":true,"href":"https:\/\/www.rezeau.org\/wp-flore\/wp-json\/wp\/v2\/media\/1752"}],"wp:attachment":[{"href":"https:\/\/www.rezeau.org\/wp-flore\/wp-json\/wp\/v2\/media?parent=1789"}],"wp:term":[{"taxonomy":"category","embeddable":true,"href":"https:\/\/www.rezeau.org\/wp-flore\/wp-json\/wp\/v2\/categories?post=1789"},{"taxonomy":"post_tag","embeddable":true,"href":"https:\/\/www.rezeau.org\/wp-flore\/wp-json\/wp\/v2\/tags?post=1789"}],"curies":[{"name":"wp","href":"https:\/\/api.w.org\/{rel}","templated":true}]}}