{"id":1795,"date":"2016-03-22T22:51:21","date_gmt":"2016-03-22T21:51:21","guid":{"rendered":"http:\/\/www.rezeau.org\/wp-flore\/?page_id=1795"},"modified":"2017-11-12T16:10:16","modified_gmt":"2017-11-12T15:10:16","slug":"sonchus-asper-l-hill","status":"publish","type":"page","link":"https:\/\/www.rezeau.org\/wp-flore\/sonchus-asper-l-hill\/","title":{"rendered":"Sonchus asper"},"content":{"rendered":"<pre>2192 Sonchus asper All.<\/pre>\n<p>&#8211; Port de S. oleraceus : plante annuelle \u00e0 feuilles oblongues, sinu\u00e9es-dent\u00e9es, pennatifides ou souvent indivises et lanc\u00e9ol\u00e9es, plus fortement spinuleuses, embrassant la tige par deux oreillettes larges, arrondies, contourn\u00e9es<br \/>\n&#8211; involucre lisse ou offrant quelques cils glanduleux assez fr\u00e9quents sur les p\u00e9doncules<br \/>\n&#8211; ak\u00e8nes d\u00e9pourvus de rugosit\u00e9s, lisses ou offrant sur les bords quelques tr\u00e8s petites cils<br \/>\n&#8211; fleurs jaunes. Esp\u00e8ce polymorphe surtout quant \u00e0 la forme des feuilles et de leur dentelure.<\/p>\n","protected":false},"excerpt":{"rendered":"<p>2192 Sonchus asper All. &#8211; Port de S. oleraceus : plante annuelle \u00e0 feuilles oblongues, sinu\u00e9es-dent\u00e9es, pennatifides ou souvent indivises et lanc\u00e9ol\u00e9es, plus fortement spinuleuses, embrassant la tige par deux oreillettes larges, arrondies, contourn\u00e9es &#8211; involucre lisse ou offrant quelques cils glanduleux assez fr\u00e9quents sur les p\u00e9doncules &#8211; ak\u00e8nes d\u00e9pourvus de rugosit\u00e9s, lisses ou offrant&hellip;<\/p>\n","protected":false},"author":1,"featured_media":1749,"parent":0,"menu_order":0,"comment_status":"closed","ping_status":"closed","template":"","meta":{"_acf_changed":false,"footnotes":""},"categories":[14,6,102],"tags":[],"class_list":["post-1795","page","type-page","status-publish","has-post-thumbnail","hentry","category-asteraceae","category-plantae","category-sonchus"],"acf":[],"_links":{"self":[{"href":"https:\/\/www.rezeau.org\/wp-flore\/wp-json\/wp\/v2\/pages\/1795","targetHints":{"allow":["GET"]}}],"collection":[{"href":"https:\/\/www.rezeau.org\/wp-flore\/wp-json\/wp\/v2\/pages"}],"about":[{"href":"https:\/\/www.rezeau.org\/wp-flore\/wp-json\/wp\/v2\/types\/page"}],"author":[{"embeddable":true,"href":"https:\/\/www.rezeau.org\/wp-flore\/wp-json\/wp\/v2\/users\/1"}],"replies":[{"embeddable":true,"href":"https:\/\/www.rezeau.org\/wp-flore\/wp-json\/wp\/v2\/comments?post=1795"}],"version-history":[{"count":3,"href":"https:\/\/www.rezeau.org\/wp-flore\/wp-json\/wp\/v2\/pages\/1795\/revisions"}],"predecessor-version":[{"id":3788,"href":"https:\/\/www.rezeau.org\/wp-flore\/wp-json\/wp\/v2\/pages\/1795\/revisions\/3788"}],"wp:featuredmedia":[{"embeddable":true,"href":"https:\/\/www.rezeau.org\/wp-flore\/wp-json\/wp\/v2\/media\/1749"}],"wp:attachment":[{"href":"https:\/\/www.rezeau.org\/wp-flore\/wp-json\/wp\/v2\/media?parent=1795"}],"wp:term":[{"taxonomy":"category","embeddable":true,"href":"https:\/\/www.rezeau.org\/wp-flore\/wp-json\/wp\/v2\/categories?post=1795"},{"taxonomy":"post_tag","embeddable":true,"href":"https:\/\/www.rezeau.org\/wp-flore\/wp-json\/wp\/v2\/tags?post=1795"}],"curies":[{"name":"wp","href":"https:\/\/api.w.org\/{rel}","templated":true}]}}