{"id":1817,"date":"2016-03-23T11:27:50","date_gmt":"2016-03-23T10:27:50","guid":{"rendered":"http:\/\/www.rezeau.org\/wp-flore\/?page_id=1817"},"modified":"2017-11-12T17:15:47","modified_gmt":"2017-11-12T16:15:47","slug":"stellaria-holostea-l","status":"publish","type":"page","link":"https:\/\/www.rezeau.org\/wp-flore\/stellaria-holostea-l\/","title":{"rendered":"Stellaria holostea"},"content":{"rendered":"<pre>552 Stellaria holostea L. Stellaire<\/pre>\n<p>&#8211; . Plante vivace, pub\u00e9rulente au sommet, \u00e0 souche tra\u00e7ante<br \/>\n&#8211; tiges de 30-60 cm, quadrangulaires, raides, cassantes, couch\u00e9es \u00e0 la base, puis redress\u00e9es<br \/>\n&#8211; feuilles sessiles, lanc\u00e9ol\u00e9es, longuement acumin\u00e9es, fermes, cili\u00e9es-scabres aux bords et sur la nervure en dessous<br \/>\n&#8211; fleurs grandes, en cymes terminales l\u00e2ches, pluriflores<br \/>\n&#8211; bract\u00e9es herbac\u00e9es<br \/>\n&#8211; s\u00e9pales lanc\u00e9ol\u00e9s, sans nervures<br \/>\n&#8211; p\u00e9tales 2 fois plus longs que les s\u00e9pales, divis\u00e9s jusqu&#8217;au milieu en 2 lobes rapproch\u00e9s<br \/>\n&#8211; \u00e9tamines hypogynes<br \/>\n&#8211; capsule subglobuleuse, \u00e9galant le calice.<\/p>\n","protected":false},"excerpt":{"rendered":"<p>552 Stellaria holostea L. Stellaire &#8211; . Plante vivace, pub\u00e9rulente au sommet, \u00e0 souche tra\u00e7ante &#8211; tiges de 30-60 cm, quadrangulaires, raides, cassantes, couch\u00e9es \u00e0 la base, puis redress\u00e9es &#8211; feuilles sessiles, lanc\u00e9ol\u00e9es, longuement acumin\u00e9es, fermes, cili\u00e9es-scabres aux bords et sur la nervure en dessous &#8211; fleurs grandes, en cymes terminales l\u00e2ches, pluriflores &#8211; bract\u00e9es&hellip;<\/p>\n","protected":false},"author":1,"featured_media":1738,"parent":0,"menu_order":0,"comment_status":"closed","ping_status":"closed","template":"","meta":{"_acf_changed":false,"footnotes":""},"categories":[22,6,231],"tags":[],"class_list":["post-1817","page","type-page","status-publish","has-post-thumbnail","hentry","category-caryophillaceae","category-plantae","category-stellaria"],"acf":[],"_links":{"self":[{"href":"https:\/\/www.rezeau.org\/wp-flore\/wp-json\/wp\/v2\/pages\/1817","targetHints":{"allow":["GET"]}}],"collection":[{"href":"https:\/\/www.rezeau.org\/wp-flore\/wp-json\/wp\/v2\/pages"}],"about":[{"href":"https:\/\/www.rezeau.org\/wp-flore\/wp-json\/wp\/v2\/types\/page"}],"author":[{"embeddable":true,"href":"https:\/\/www.rezeau.org\/wp-flore\/wp-json\/wp\/v2\/users\/1"}],"replies":[{"embeddable":true,"href":"https:\/\/www.rezeau.org\/wp-flore\/wp-json\/wp\/v2\/comments?post=1817"}],"version-history":[{"count":3,"href":"https:\/\/www.rezeau.org\/wp-flore\/wp-json\/wp\/v2\/pages\/1817\/revisions"}],"predecessor-version":[{"id":3799,"href":"https:\/\/www.rezeau.org\/wp-flore\/wp-json\/wp\/v2\/pages\/1817\/revisions\/3799"}],"wp:featuredmedia":[{"embeddable":true,"href":"https:\/\/www.rezeau.org\/wp-flore\/wp-json\/wp\/v2\/media\/1738"}],"wp:attachment":[{"href":"https:\/\/www.rezeau.org\/wp-flore\/wp-json\/wp\/v2\/media?parent=1817"}],"wp:term":[{"taxonomy":"category","embeddable":true,"href":"https:\/\/www.rezeau.org\/wp-flore\/wp-json\/wp\/v2\/categories?post=1817"},{"taxonomy":"post_tag","embeddable":true,"href":"https:\/\/www.rezeau.org\/wp-flore\/wp-json\/wp\/v2\/tags?post=1817"}],"curies":[{"name":"wp","href":"https:\/\/api.w.org\/{rel}","templated":true}]}}