{"id":1831,"date":"2016-03-23T11:44:46","date_gmt":"2016-03-23T10:44:46","guid":{"rendered":"http:\/\/www.rezeau.org\/wp-flore\/?page_id=1831"},"modified":"2017-11-13T11:35:16","modified_gmt":"2017-11-13T10:35:16","slug":"symphytum-officinale-lepech","status":"publish","type":"page","link":"https:\/\/www.rezeau.org\/wp-flore\/symphytum-officinale-lepech\/","title":{"rendered":"Symphytum officinale"},"content":{"rendered":"<pre>2549 Symphytum officinale L. Grande consoude<\/pre>\n<p>&#8211; . Plante vivace de 40 cm \u00e0 1 m., velue-h\u00e9riss\u00e9e, \u00e0 souche \u00e9paisse, charnue, non tub\u00e9reuse<br \/>\n&#8211; tige robuste, ail\u00e9e, rameuse aux aisselles sup\u00e9rieures<br \/>\n&#8211; feuilles \u00e9paisses, ovales-lanc\u00e9ol\u00e9es, les inf\u00e9rieures plus grandes que les moyennes longuement d\u00e9currentes<br \/>\n&#8211; fleurs blanch\u00e2tres, ros\u00e9es ou violettes<br \/>\n&#8211; calice fendu jusque pr\u00e8s de la base, \u00e0 lobes lanc\u00e9ol\u00e9s<br \/>\n&#8211; corolle d&#8217;environ 15 mm, 2 fois plus longue que le calice, \u00e0 lobes r\u00e9fl\u00e9chis<br \/>\n&#8211; \u00e9cailles incluses, lanc\u00e9ol\u00e9es en al\u00eane<br \/>\n&#8211; anth\u00e8res aigu\u00ebs, un peu plus longues que le filet<br \/>\n&#8211; carpelles lisses, luisants, non contract\u00e9s au-dessus de la base.<\/p>\n<p>D\u00e9termination \u00e0 revoir&#8230;<\/p>\n","protected":false},"excerpt":{"rendered":"<p>2549 Symphytum officinale L. Grande consoude &#8211; . Plante vivace de 40 cm \u00e0 1 m., velue-h\u00e9riss\u00e9e, \u00e0 souche \u00e9paisse, charnue, non tub\u00e9reuse &#8211; tige robuste, ail\u00e9e, rameuse aux aisselles sup\u00e9rieures &#8211; feuilles \u00e9paisses, ovales-lanc\u00e9ol\u00e9es, les inf\u00e9rieures plus grandes que les moyennes longuement d\u00e9currentes &#8211; fleurs blanch\u00e2tres, ros\u00e9es ou violettes &#8211; calice fendu jusque pr\u00e8s&hellip;<\/p>\n","protected":false},"author":1,"featured_media":1728,"parent":0,"menu_order":0,"comment_status":"closed","ping_status":"closed","template":"","meta":{"_acf_changed":false,"footnotes":""},"categories":[16,6,232],"tags":[],"class_list":["post-1831","page","type-page","status-publish","has-post-thumbnail","hentry","category-boraginaceae","category-plantae","category-symphytum"],"acf":[],"_links":{"self":[{"href":"https:\/\/www.rezeau.org\/wp-flore\/wp-json\/wp\/v2\/pages\/1831","targetHints":{"allow":["GET"]}}],"collection":[{"href":"https:\/\/www.rezeau.org\/wp-flore\/wp-json\/wp\/v2\/pages"}],"about":[{"href":"https:\/\/www.rezeau.org\/wp-flore\/wp-json\/wp\/v2\/types\/page"}],"author":[{"embeddable":true,"href":"https:\/\/www.rezeau.org\/wp-flore\/wp-json\/wp\/v2\/users\/1"}],"replies":[{"embeddable":true,"href":"https:\/\/www.rezeau.org\/wp-flore\/wp-json\/wp\/v2\/comments?post=1831"}],"version-history":[{"count":3,"href":"https:\/\/www.rezeau.org\/wp-flore\/wp-json\/wp\/v2\/pages\/1831\/revisions"}],"predecessor-version":[{"id":3807,"href":"https:\/\/www.rezeau.org\/wp-flore\/wp-json\/wp\/v2\/pages\/1831\/revisions\/3807"}],"wp:featuredmedia":[{"embeddable":true,"href":"https:\/\/www.rezeau.org\/wp-flore\/wp-json\/wp\/v2\/media\/1728"}],"wp:attachment":[{"href":"https:\/\/www.rezeau.org\/wp-flore\/wp-json\/wp\/v2\/media?parent=1831"}],"wp:term":[{"taxonomy":"category","embeddable":true,"href":"https:\/\/www.rezeau.org\/wp-flore\/wp-json\/wp\/v2\/categories?post=1831"},{"taxonomy":"post_tag","embeddable":true,"href":"https:\/\/www.rezeau.org\/wp-flore\/wp-json\/wp\/v2\/tags?post=1831"}],"curies":[{"name":"wp","href":"https:\/\/api.w.org\/{rel}","templated":true}]}}