{"id":1838,"date":"2016-03-24T09:26:10","date_gmt":"2016-03-24T08:26:10","guid":{"rendered":"http:\/\/www.rezeau.org\/wp-flore\/?page_id=1838"},"modified":"2017-11-13T11:51:52","modified_gmt":"2017-11-13T10:51:52","slug":"taraxacum-sect-ruderalia-4","status":"publish","type":"page","link":"https:\/\/www.rezeau.org\/wp-flore\/taraxacum-sect-ruderalia-4\/","title":{"rendered":"Taraxacum officinale"},"content":{"rendered":"<pre>2170 Taraxacum officinale Dent-de-Lion Synonymes T. DENS-LEONIS Desf.<\/pre>\n<p>&#8211; . Souche vivace \u00e9paisse<br \/>\n&#8211; p\u00e9doncules radicaux de 6-30 cm dress\u00e9s ou ascendants, monoc\u00e9phales<br \/>\n&#8211; feuilles toutes radicales, en rosette, glabres ou glabrescentes, att\u00e9nu\u00e9es \u00e0 la base, roncin\u00e9es, pennatifides ou pennatipartites \u00e0 segments triangulaires-lanc\u00e9ol\u00e9s<br \/>\n&#8211; involucre \u00e0 folioles enti\u00e8res ou denticul\u00e9es au sommet pourvu ou non de callosit\u00e9, les ext\u00e9rieures \u00e9tal\u00e9es ou r\u00e9fl\u00e9chies<br \/>\n&#8211; ak\u00e8nes gris\u00e2tres, \u00e9pineux au sommet, \u00e9galant le bec ou plus court<br \/>\n&#8211; fleurs jaunes.<\/p>\n<h5><a href=\"https:\/\/fr.wikipedia.org\/wiki\/Taraxacum_sect._Ruderalia\" target=\"_blank\" rel=\"noopener\">Wikipedia<\/a><\/h5>\n<p>La section Ruderalia du genre Taraxacum, famille des Asteraceae, est un ensemble d&#8217;esp\u00e8ces de plantes tr\u00e8s proches les unes des autres. On les d\u00e9signe couramment sous le nom vernaculaire de \u00ab pissenlit commun \u00bb ou de \u00ab pissenlit officinal \u00bb. Cette section regroupe les esp\u00e8ces sans doute les plus connues du genre Taraxacum. La distinction de chaque esp\u00e8ce par rapport \u00e0 une autre est pourtant ardue, m\u00eame pour une personne avertie.<\/p>\n","protected":false},"excerpt":{"rendered":"<p>2170 Taraxacum officinale Dent-de-Lion Synonymes T. DENS-LEONIS Desf. &#8211; . Souche vivace \u00e9paisse &#8211; p\u00e9doncules radicaux de 6-30 cm dress\u00e9s ou ascendants, monoc\u00e9phales &#8211; feuilles toutes radicales, en rosette, glabres ou glabrescentes, att\u00e9nu\u00e9es \u00e0 la base, roncin\u00e9es, pennatifides ou pennatipartites \u00e0 segments triangulaires-lanc\u00e9ol\u00e9s &#8211; involucre \u00e0 folioles enti\u00e8res ou denticul\u00e9es au sommet pourvu ou non&hellip;<\/p>\n","protected":false},"author":1,"featured_media":1835,"parent":0,"menu_order":0,"comment_status":"closed","ping_status":"closed","template":"","meta":{"_acf_changed":false,"footnotes":""},"categories":[14,6,103],"tags":[],"class_list":["post-1838","page","type-page","status-publish","has-post-thumbnail","hentry","category-asteraceae","category-plantae","category-taraxacum"],"acf":[],"_links":{"self":[{"href":"https:\/\/www.rezeau.org\/wp-flore\/wp-json\/wp\/v2\/pages\/1838","targetHints":{"allow":["GET"]}}],"collection":[{"href":"https:\/\/www.rezeau.org\/wp-flore\/wp-json\/wp\/v2\/pages"}],"about":[{"href":"https:\/\/www.rezeau.org\/wp-flore\/wp-json\/wp\/v2\/types\/page"}],"author":[{"embeddable":true,"href":"https:\/\/www.rezeau.org\/wp-flore\/wp-json\/wp\/v2\/users\/1"}],"replies":[{"embeddable":true,"href":"https:\/\/www.rezeau.org\/wp-flore\/wp-json\/wp\/v2\/comments?post=1838"}],"version-history":[{"count":3,"href":"https:\/\/www.rezeau.org\/wp-flore\/wp-json\/wp\/v2\/pages\/1838\/revisions"}],"predecessor-version":[{"id":3809,"href":"https:\/\/www.rezeau.org\/wp-flore\/wp-json\/wp\/v2\/pages\/1838\/revisions\/3809"}],"wp:featuredmedia":[{"embeddable":true,"href":"https:\/\/www.rezeau.org\/wp-flore\/wp-json\/wp\/v2\/media\/1835"}],"wp:attachment":[{"href":"https:\/\/www.rezeau.org\/wp-flore\/wp-json\/wp\/v2\/media?parent=1838"}],"wp:term":[{"taxonomy":"category","embeddable":true,"href":"https:\/\/www.rezeau.org\/wp-flore\/wp-json\/wp\/v2\/categories?post=1838"},{"taxonomy":"post_tag","embeddable":true,"href":"https:\/\/www.rezeau.org\/wp-flore\/wp-json\/wp\/v2\/tags?post=1838"}],"curies":[{"name":"wp","href":"https:\/\/api.w.org\/{rel}","templated":true}]}}