{"id":1843,"date":"2016-03-24T09:34:05","date_gmt":"2016-03-24T08:34:05","guid":{"rendered":"http:\/\/www.rezeau.org\/wp-flore\/?page_id=1843"},"modified":"2017-11-13T11:54:40","modified_gmt":"2017-11-13T10:54:40","slug":"teucrium-scorodonia-l","status":"publish","type":"page","link":"https:\/\/www.rezeau.org\/wp-flore\/teucrium-scorodonia-l\/","title":{"rendered":"Teucrium scorodonia"},"content":{"rendered":"<pre>2979 Teucrium scorodonia L.<\/pre>\n<p>&#8211; Plante vivace de 30-80 cm, pubescente ou velue, \u00e0 souche dure rampante<br \/>\n&#8211; tiges herbac\u00e9es, dress\u00e9es, rameuses dans le haut<br \/>\n&#8211; feuilles toutes p\u00e9tiol\u00e9es, ovales ou oblongues, en coeur \u00e0 la base, cr\u00e9nel\u00e9es, rid\u00e9es-r\u00e9ticul\u00e9es, vertes en dessus, plus p\u00e2les en dessous<br \/>\n&#8211; fleurs jaun\u00e2tres, p\u00e9dicell\u00e9es, solitaires, en longues grappes terminales effil\u00e9es et unilat\u00e9rales<br \/>\n&#8211; bract\u00e9es tr\u00e8s petites, les sup\u00e9rieures ne d\u00e9passant gu\u00e8re le p\u00e9dicelle<br \/>\n&#8211; calice glabrescent, vert, vein\u00e9 en r\u00e9seau, bilabi\u00e9, la dent sup\u00e9rieure ovale-suborbiculaire<br \/>\n&#8211; corolle \u00e0 tube 1-2 fois plus long que le calice.<\/p>\n","protected":false},"excerpt":{"rendered":"<p>2979 Teucrium scorodonia L. &#8211; Plante vivace de 30-80 cm, pubescente ou velue, \u00e0 souche dure rampante &#8211; tiges herbac\u00e9es, dress\u00e9es, rameuses dans le haut &#8211; feuilles toutes p\u00e9tiol\u00e9es, ovales ou oblongues, en coeur \u00e0 la base, cr\u00e9nel\u00e9es, rid\u00e9es-r\u00e9ticul\u00e9es, vertes en dessus, plus p\u00e2les en dessous &#8211; fleurs jaun\u00e2tres, p\u00e9dicell\u00e9es, solitaires, en longues grappes terminales&hellip;<\/p>\n","protected":false},"author":1,"featured_media":1722,"parent":0,"menu_order":0,"comment_status":"closed","ping_status":"closed","template":"","meta":{"_acf_changed":false,"footnotes":""},"categories":[41,6,233],"tags":[],"class_list":["post-1843","page","type-page","status-publish","has-post-thumbnail","hentry","category-lamiaceae","category-plantae","category-teucrium"],"acf":[],"_links":{"self":[{"href":"https:\/\/www.rezeau.org\/wp-flore\/wp-json\/wp\/v2\/pages\/1843","targetHints":{"allow":["GET"]}}],"collection":[{"href":"https:\/\/www.rezeau.org\/wp-flore\/wp-json\/wp\/v2\/pages"}],"about":[{"href":"https:\/\/www.rezeau.org\/wp-flore\/wp-json\/wp\/v2\/types\/page"}],"author":[{"embeddable":true,"href":"https:\/\/www.rezeau.org\/wp-flore\/wp-json\/wp\/v2\/users\/1"}],"replies":[{"embeddable":true,"href":"https:\/\/www.rezeau.org\/wp-flore\/wp-json\/wp\/v2\/comments?post=1843"}],"version-history":[{"count":3,"href":"https:\/\/www.rezeau.org\/wp-flore\/wp-json\/wp\/v2\/pages\/1843\/revisions"}],"predecessor-version":[{"id":3811,"href":"https:\/\/www.rezeau.org\/wp-flore\/wp-json\/wp\/v2\/pages\/1843\/revisions\/3811"}],"wp:featuredmedia":[{"embeddable":true,"href":"https:\/\/www.rezeau.org\/wp-flore\/wp-json\/wp\/v2\/media\/1722"}],"wp:attachment":[{"href":"https:\/\/www.rezeau.org\/wp-flore\/wp-json\/wp\/v2\/media?parent=1843"}],"wp:term":[{"taxonomy":"category","embeddable":true,"href":"https:\/\/www.rezeau.org\/wp-flore\/wp-json\/wp\/v2\/categories?post=1843"},{"taxonomy":"post_tag","embeddable":true,"href":"https:\/\/www.rezeau.org\/wp-flore\/wp-json\/wp\/v2\/tags?post=1843"}],"curies":[{"name":"wp","href":"https:\/\/api.w.org\/{rel}","templated":true}]}}