{"id":1869,"date":"2016-03-24T10:47:52","date_gmt":"2016-03-24T09:47:52","guid":{"rendered":"http:\/\/www.rezeau.org\/wp-flore\/?page_id=1869"},"modified":"2017-11-13T12:05:28","modified_gmt":"2017-11-13T11:05:28","slug":"typha-latifolia-l","status":"publish","type":"page","link":"https:\/\/www.rezeau.org\/wp-flore\/typha-latifolia-l\/","title":{"rendered":"Typha latifolia"},"content":{"rendered":"<pre>3687 Typha latifolia L.<\/pre>\n<p>&#8211; Plante vivace de 1-2 m\u00e8tres, glabre, \u00e0 tige robuste<br \/>\n&#8211; feuilles largement lin\u00e9aires (6 \u00e0 18 mm), planes, glaucescentes, d\u00e9passant la tige<br \/>\n&#8211; \u00e9pis contigus ou \u00e0 peine espac\u00e9s, le m\u00e2le \u00e0 axe garni de poils blanch\u00e2tres plus longs que les filets des \u00e9tamines<br \/>\n&#8211; \u00e9pi femelle longuement cylindrique, \u00e0 la fin \u00e9pais de 2-3 cm et d&#8217;un brun noir\u00e2tre, \u00e0 surface \u00e9cailleuse, \u00e0 axe sans poils et fleurs sans bract\u00e9oles<br \/>\n&#8211; stigmate lanc\u00e9ol\u00e9-spatul\u00e9, d\u00e9passant les poils du p\u00e9rianthe<br \/>\n&#8211; fruit oblong en fuseau, s&#8217;ouvrant \u00e0 la fin par une fente longitudinale.<\/p>\n","protected":false},"excerpt":{"rendered":"<p>3687 Typha latifolia L. &#8211; Plante vivace de 1-2 m\u00e8tres, glabre, \u00e0 tige robuste &#8211; feuilles largement lin\u00e9aires (6 \u00e0 18 mm), planes, glaucescentes, d\u00e9passant la tige &#8211; \u00e9pis contigus ou \u00e0 peine espac\u00e9s, le m\u00e2le \u00e0 axe garni de poils blanch\u00e2tres plus longs que les filets des \u00e9tamines &#8211; \u00e9pi femelle longuement cylindrique, \u00e0&hellip;<\/p>\n","protected":false},"author":1,"featured_media":1717,"parent":0,"menu_order":0,"comment_status":"closed","ping_status":"closed","template":"","meta":{"_acf_changed":false,"footnotes":""},"categories":[6,235,60],"tags":[],"class_list":["post-1869","page","type-page","status-publish","has-post-thumbnail","hentry","category-plantae","category-typha","category-typhaceae"],"acf":[],"_links":{"self":[{"href":"https:\/\/www.rezeau.org\/wp-flore\/wp-json\/wp\/v2\/pages\/1869","targetHints":{"allow":["GET"]}}],"collection":[{"href":"https:\/\/www.rezeau.org\/wp-flore\/wp-json\/wp\/v2\/pages"}],"about":[{"href":"https:\/\/www.rezeau.org\/wp-flore\/wp-json\/wp\/v2\/types\/page"}],"author":[{"embeddable":true,"href":"https:\/\/www.rezeau.org\/wp-flore\/wp-json\/wp\/v2\/users\/1"}],"replies":[{"embeddable":true,"href":"https:\/\/www.rezeau.org\/wp-flore\/wp-json\/wp\/v2\/comments?post=1869"}],"version-history":[{"count":3,"href":"https:\/\/www.rezeau.org\/wp-flore\/wp-json\/wp\/v2\/pages\/1869\/revisions"}],"predecessor-version":[{"id":3819,"href":"https:\/\/www.rezeau.org\/wp-flore\/wp-json\/wp\/v2\/pages\/1869\/revisions\/3819"}],"wp:featuredmedia":[{"embeddable":true,"href":"https:\/\/www.rezeau.org\/wp-flore\/wp-json\/wp\/v2\/media\/1717"}],"wp:attachment":[{"href":"https:\/\/www.rezeau.org\/wp-flore\/wp-json\/wp\/v2\/media?parent=1869"}],"wp:term":[{"taxonomy":"category","embeddable":true,"href":"https:\/\/www.rezeau.org\/wp-flore\/wp-json\/wp\/v2\/categories?post=1869"},{"taxonomy":"post_tag","embeddable":true,"href":"https:\/\/www.rezeau.org\/wp-flore\/wp-json\/wp\/v2\/tags?post=1869"}],"curies":[{"name":"wp","href":"https:\/\/api.w.org\/{rel}","templated":true}]}}