{"id":1876,"date":"2016-03-24T10:50:56","date_gmt":"2016-03-24T09:50:56","guid":{"rendered":"http:\/\/www.rezeau.org\/wp-flore\/?page_id=1876"},"modified":"2017-11-13T12:08:42","modified_gmt":"2017-11-13T11:08:42","slug":"ulex-minor-roth","status":"publish","type":"page","link":"https:\/\/www.rezeau.org\/wp-flore\/ulex-minor-roth\/","title":{"rendered":"Ulex minor"},"content":{"rendered":"<pre><span class=\"gras\">Ulex nanus Sm. <\/span> <span class=\"italique\"> Ajonc nain <\/span><\/pre>\n<p>&#8211; . Arbrisseau de 30-80 cm, d&#8217;un vert brillant, tr\u00e8s diffus, souvent couch\u00e9, \u00e0 racine rampante, \u00e0 rameaux velus, \u00e0 \u00e9pines gr\u00eales et tr\u00e8s nombreuses<br \/>\n&#8211; feuilles gr\u00eales, celles des rameaux naissante l&#8217;aisselle d&#8217;\u00e9pines fascicul\u00e9es<br \/>\n&#8211; fleurs petites, de 7-8 mm solitaires ou g\u00e9min\u00e9es<br \/>\n&#8211; bract\u00e9oles lanc\u00e9ol\u00e9es, moins larges ou \u00e0 peine aussi larges que le p\u00e9dicelle<br \/>\n&#8211; calice \u00e0 poils appliqu\u00e9s<br \/>\n&#8211; corolle d&#8217;un jaune citron, avec vein\u00e9 de rouge<br \/>\n&#8211; ailes plus courtes que la car\u00e8ne courb\u00e9e<br \/>\n&#8211; gousse ovale-rhombo\u00efdale, large de 4 mm velue, plus courte que le calice, \u00e0 4 graines.<\/p>\n","protected":false},"excerpt":{"rendered":"<p>Ulex nanus Sm. Ajonc nain &#8211; . Arbrisseau de 30-80 cm, d&#8217;un vert brillant, tr\u00e8s diffus, souvent couch\u00e9, \u00e0 racine rampante, \u00e0 rameaux velus, \u00e0 \u00e9pines gr\u00eales et tr\u00e8s nombreuses &#8211; feuilles gr\u00eales, celles des rameaux naissante l&#8217;aisselle d&#8217;\u00e9pines fascicul\u00e9es &#8211; fleurs petites, de 7-8 mm solitaires ou g\u00e9min\u00e9es &#8211; bract\u00e9oles lanc\u00e9ol\u00e9es, moins larges ou&hellip;<\/p>\n","protected":false},"author":1,"featured_media":1716,"parent":0,"menu_order":0,"comment_status":"closed","ping_status":"closed","template":"","meta":{"_acf_changed":false,"footnotes":""},"categories":[33,6,236],"tags":[],"class_list":["post-1876","page","type-page","status-publish","has-post-thumbnail","hentry","category-fabaceae","category-plantae","category-ulex"],"acf":[],"_links":{"self":[{"href":"https:\/\/www.rezeau.org\/wp-flore\/wp-json\/wp\/v2\/pages\/1876","targetHints":{"allow":["GET"]}}],"collection":[{"href":"https:\/\/www.rezeau.org\/wp-flore\/wp-json\/wp\/v2\/pages"}],"about":[{"href":"https:\/\/www.rezeau.org\/wp-flore\/wp-json\/wp\/v2\/types\/page"}],"author":[{"embeddable":true,"href":"https:\/\/www.rezeau.org\/wp-flore\/wp-json\/wp\/v2\/users\/1"}],"replies":[{"embeddable":true,"href":"https:\/\/www.rezeau.org\/wp-flore\/wp-json\/wp\/v2\/comments?post=1876"}],"version-history":[{"count":3,"href":"https:\/\/www.rezeau.org\/wp-flore\/wp-json\/wp\/v2\/pages\/1876\/revisions"}],"predecessor-version":[{"id":3821,"href":"https:\/\/www.rezeau.org\/wp-flore\/wp-json\/wp\/v2\/pages\/1876\/revisions\/3821"}],"wp:featuredmedia":[{"embeddable":true,"href":"https:\/\/www.rezeau.org\/wp-flore\/wp-json\/wp\/v2\/media\/1716"}],"wp:attachment":[{"href":"https:\/\/www.rezeau.org\/wp-flore\/wp-json\/wp\/v2\/media?parent=1876"}],"wp:term":[{"taxonomy":"category","embeddable":true,"href":"https:\/\/www.rezeau.org\/wp-flore\/wp-json\/wp\/v2\/categories?post=1876"},{"taxonomy":"post_tag","embeddable":true,"href":"https:\/\/www.rezeau.org\/wp-flore\/wp-json\/wp\/v2\/tags?post=1876"}],"curies":[{"name":"wp","href":"https:\/\/api.w.org\/{rel}","templated":true}]}}