{"id":1881,"date":"2016-03-24T10:56:11","date_gmt":"2016-03-24T09:56:11","guid":{"rendered":"http:\/\/www.rezeau.org\/wp-flore\/?page_id=1881"},"modified":"2023-01-25T23:20:02","modified_gmt":"2023-01-25T22:20:02","slug":"umbilicus-rupestris-salisb-dandy","status":"publish","type":"page","link":"https:\/\/www.rezeau.org\/wp-flore\/umbilicus-rupestris-salisb-dandy\/","title":{"rendered":"Umbilicus rupestris"},"content":{"rendered":"\n<pre class=\"wp-block-preformatted\">1392 Umbilicus pendulinus Gobelets, Nombril de V\u00e9nus Synonymes COTYLEDON UMBILICUS L.<\/pre>\n\n\n\n<p>&#8211; . Plante vivace de 10-40 cm, glabre, verte, \u00e0 souche tub\u00e9reuse<br>&#8211; tiges peu feuill\u00e9es<br>&#8211; feuilles radicales orbiculaires, pelt\u00e9es-ombiliqu\u00e9es, de 3-6 cm de diam., cr\u00e9nel\u00e9es, longuement p\u00e9tiol\u00e9es, succulentes, cassantes<br>&#8211; les caulinaires peu nombreuses, en coin<br>&#8211; fleurs d&#8217;un blanc jaun\u00e2tre, p\u00e9dicell\u00e9es, pendantes, nombreuses, formant une longue grappe bract\u00e9ol\u00e9e occupant presque toute la tige<br>&#8211; corolle tubuleuse, 4 fois plus longue que le calice.<\/p>\n","protected":false},"excerpt":{"rendered":"<p>1392 Umbilicus pendulinus Gobelets, Nombril de V\u00e9nus Synonymes COTYLEDON UMBILICUS L. &#8211; . Plante vivace de 10-40 cm, glabre, verte, \u00e0 souche tub\u00e9reuse&#8211; tiges peu feuill\u00e9es&#8211; feuilles radicales orbiculaires, pelt\u00e9es-ombiliqu\u00e9es, de 3-6 cm de diam., cr\u00e9nel\u00e9es, longuement p\u00e9tiol\u00e9es, succulentes, cassantes&#8211; les caulinaires peu nombreuses, en coin&#8211; fleurs d&#8217;un blanc jaun\u00e2tre, p\u00e9dicell\u00e9es, pendantes, nombreuses, formant une&hellip;<\/p>\n","protected":false},"author":1,"featured_media":1712,"parent":0,"menu_order":0,"comment_status":"closed","ping_status":"closed","template":"","meta":{"_acf_changed":false,"footnotes":""},"categories":[28,6,237],"tags":[],"class_list":["post-1881","page","type-page","status-publish","has-post-thumbnail","hentry","category-crassulaceae","category-plantae","category-umbilicus"],"acf":[],"_links":{"self":[{"href":"https:\/\/www.rezeau.org\/wp-flore\/wp-json\/wp\/v2\/pages\/1881","targetHints":{"allow":["GET"]}}],"collection":[{"href":"https:\/\/www.rezeau.org\/wp-flore\/wp-json\/wp\/v2\/pages"}],"about":[{"href":"https:\/\/www.rezeau.org\/wp-flore\/wp-json\/wp\/v2\/types\/page"}],"author":[{"embeddable":true,"href":"https:\/\/www.rezeau.org\/wp-flore\/wp-json\/wp\/v2\/users\/1"}],"replies":[{"embeddable":true,"href":"https:\/\/www.rezeau.org\/wp-flore\/wp-json\/wp\/v2\/comments?post=1881"}],"version-history":[{"count":3,"href":"https:\/\/www.rezeau.org\/wp-flore\/wp-json\/wp\/v2\/pages\/1881\/revisions"}],"predecessor-version":[{"id":4655,"href":"https:\/\/www.rezeau.org\/wp-flore\/wp-json\/wp\/v2\/pages\/1881\/revisions\/4655"}],"wp:featuredmedia":[{"embeddable":true,"href":"https:\/\/www.rezeau.org\/wp-flore\/wp-json\/wp\/v2\/media\/1712"}],"wp:attachment":[{"href":"https:\/\/www.rezeau.org\/wp-flore\/wp-json\/wp\/v2\/media?parent=1881"}],"wp:term":[{"taxonomy":"category","embeddable":true,"href":"https:\/\/www.rezeau.org\/wp-flore\/wp-json\/wp\/v2\/categories?post=1881"},{"taxonomy":"post_tag","embeddable":true,"href":"https:\/\/www.rezeau.org\/wp-flore\/wp-json\/wp\/v2\/tags?post=1881"}],"curies":[{"name":"wp","href":"https:\/\/api.w.org\/{rel}","templated":true}]}}