{"id":1920,"date":"2016-03-24T11:34:59","date_gmt":"2016-03-24T10:34:59","guid":{"rendered":"http:\/\/www.rezeau.org\/wp-flore\/?page_id=1920"},"modified":"2017-11-13T14:19:05","modified_gmt":"2017-11-13T13:19:05","slug":"veronica-chamaedrys-l","status":"publish","type":"page","link":"https:\/\/www.rezeau.org\/wp-flore\/veronica-chamaedrys-l\/","title":{"rendered":"Veronica chamaedrys"},"content":{"rendered":"<pre>2723 Veronica Cham\u00e6drys L.<\/pre>\n<p>&#8211; Plante vivace de 20 40 cm, velue, \u00e0 souche gr\u00eale, rampante<br \/>\n&#8211; tiges couch\u00e9es-radicantes, puis redress\u00e9es, poilues sur 2 lignes oppos\u00e9es<br \/>\n&#8211; feuilles oppos\u00e9es, subsessiles, largement ovales en c\u0153ur, incis\u00e9es-dent\u00e9es, fortement nerv\u00e9es<br \/>\n&#8211; fleurs bleues, grandes, en grappes axillaires, souvent oppos\u00e9es, l\u00e2ches, multiflores<br \/>\n&#8211; p\u00e9dicelles plus longs que le calice et les bract\u00e9es<br \/>\n&#8211; calice poilu, \u00e0 4 lobes peu in\u00e9gaux, lanc\u00e9ol\u00e9s<br \/>\n&#8211; corolle 2 fois plus longue que le calice, \u00e0 lobes arrondis<br \/>\n&#8211; style un peu plus long que la capsule<br \/>\n&#8211; celle-ci cili\u00e9e, triangulaire-obcord\u00e9e, comprim\u00e9e, \u00e9chancr\u00e9e, bien plus courte que le calice.<\/p>\n","protected":false},"excerpt":{"rendered":"<p>2723 Veronica Cham\u00e6drys L. &#8211; Plante vivace de 20 40 cm, velue, \u00e0 souche gr\u00eale, rampante &#8211; tiges couch\u00e9es-radicantes, puis redress\u00e9es, poilues sur 2 lignes oppos\u00e9es &#8211; feuilles oppos\u00e9es, subsessiles, largement ovales en c\u0153ur, incis\u00e9es-dent\u00e9es, fortement nerv\u00e9es &#8211; fleurs bleues, grandes, en grappes axillaires, souvent oppos\u00e9es, l\u00e2ches, multiflores &#8211; p\u00e9dicelles plus longs que le calice&hellip;<\/p>\n","protected":false},"author":1,"featured_media":1697,"parent":0,"menu_order":0,"comment_status":"closed","ping_status":"closed","template":"","meta":{"_acf_changed":false,"footnotes":""},"categories":[6,50,242],"tags":[],"class_list":["post-1920","page","type-page","status-publish","has-post-thumbnail","hentry","category-plantae","category-plantaginaceae","category-veronica"],"acf":[],"_links":{"self":[{"href":"https:\/\/www.rezeau.org\/wp-flore\/wp-json\/wp\/v2\/pages\/1920","targetHints":{"allow":["GET"]}}],"collection":[{"href":"https:\/\/www.rezeau.org\/wp-flore\/wp-json\/wp\/v2\/pages"}],"about":[{"href":"https:\/\/www.rezeau.org\/wp-flore\/wp-json\/wp\/v2\/types\/page"}],"author":[{"embeddable":true,"href":"https:\/\/www.rezeau.org\/wp-flore\/wp-json\/wp\/v2\/users\/1"}],"replies":[{"embeddable":true,"href":"https:\/\/www.rezeau.org\/wp-flore\/wp-json\/wp\/v2\/comments?post=1920"}],"version-history":[{"count":3,"href":"https:\/\/www.rezeau.org\/wp-flore\/wp-json\/wp\/v2\/pages\/1920\/revisions"}],"predecessor-version":[{"id":3839,"href":"https:\/\/www.rezeau.org\/wp-flore\/wp-json\/wp\/v2\/pages\/1920\/revisions\/3839"}],"wp:featuredmedia":[{"embeddable":true,"href":"https:\/\/www.rezeau.org\/wp-flore\/wp-json\/wp\/v2\/media\/1697"}],"wp:attachment":[{"href":"https:\/\/www.rezeau.org\/wp-flore\/wp-json\/wp\/v2\/media?parent=1920"}],"wp:term":[{"taxonomy":"category","embeddable":true,"href":"https:\/\/www.rezeau.org\/wp-flore\/wp-json\/wp\/v2\/categories?post=1920"},{"taxonomy":"post_tag","embeddable":true,"href":"https:\/\/www.rezeau.org\/wp-flore\/wp-json\/wp\/v2\/tags?post=1920"}],"curies":[{"name":"wp","href":"https:\/\/api.w.org\/{rel}","templated":true}]}}