{"id":1925,"date":"2016-03-24T11:38:18","date_gmt":"2016-03-24T10:38:18","guid":{"rendered":"http:\/\/www.rezeau.org\/wp-flore\/?page_id=1925"},"modified":"2017-11-13T14:20:57","modified_gmt":"2017-11-13T13:20:57","slug":"veronica-hederifolia-l","status":"publish","type":"page","link":"https:\/\/www.rezeau.org\/wp-flore\/veronica-hederifolia-l\/","title":{"rendered":"Veronica hederifolia"},"content":{"rendered":"<pre>2726. \u2013 Veronica hederaefolia L.<\/pre>\n<p>\u2013 Plante annuelle de 10 60 cm, velue, \u00e0 tiges couch\u00e9es-diffuses, faibles ; feuilles caulinaires alternes, p\u00e9tiol\u00e9es, suborbiculaires-palmatilob\u00e9es, \u00e0 3-5 lobes, le terminal 2-3 fois plus large ; fleurs d&#8217;un bleu p\u00e2le ou blanch\u00e2tres, petites, \u00e9cart\u00e9es, solitaires \u00e0 l&#8217;aisselle de presque toutes les feuilles ; p\u00e9doncules plus courts ou un peu plus longs que la feuille, \u00e0 la fin courb\u00e9s-r\u00e9fl\u00e9chis ; calice quadrangulaire, \u00e0 lobes ovales-aigus, \u00e9largis en coeur \u00e0 la base, longuement cili\u00e9s, dress\u00e9s ; corolle plus courte que le calice ; style de 1\/2 mm ; capsule glabre, subglobuleuse \u00e0 4 lobes, \u00e0 peine \u00e9margin\u00e9e, \u00e9galant \u00e0 peine le calice, contenant 2-4 grosses graines.<\/p>\n","protected":false},"excerpt":{"rendered":"<p>2726. \u2013 Veronica hederaefolia L. \u2013 Plante annuelle de 10 60 cm, velue, \u00e0 tiges couch\u00e9es-diffuses, faibles ; feuilles caulinaires alternes, p\u00e9tiol\u00e9es, suborbiculaires-palmatilob\u00e9es, \u00e0 3-5 lobes, le terminal 2-3 fois plus large ; fleurs d&#8217;un bleu p\u00e2le ou blanch\u00e2tres, petites, \u00e9cart\u00e9es, solitaires \u00e0 l&#8217;aisselle de presque toutes les feuilles ; p\u00e9doncules plus courts ou un&hellip;<\/p>\n","protected":false},"author":1,"featured_media":1691,"parent":0,"menu_order":0,"comment_status":"closed","ping_status":"closed","template":"","meta":{"_acf_changed":false,"footnotes":""},"categories":[6,50,242],"tags":[],"class_list":["post-1925","page","type-page","status-publish","has-post-thumbnail","hentry","category-plantae","category-plantaginaceae","category-veronica"],"acf":[],"_links":{"self":[{"href":"https:\/\/www.rezeau.org\/wp-flore\/wp-json\/wp\/v2\/pages\/1925","targetHints":{"allow":["GET"]}}],"collection":[{"href":"https:\/\/www.rezeau.org\/wp-flore\/wp-json\/wp\/v2\/pages"}],"about":[{"href":"https:\/\/www.rezeau.org\/wp-flore\/wp-json\/wp\/v2\/types\/page"}],"author":[{"embeddable":true,"href":"https:\/\/www.rezeau.org\/wp-flore\/wp-json\/wp\/v2\/users\/1"}],"replies":[{"embeddable":true,"href":"https:\/\/www.rezeau.org\/wp-flore\/wp-json\/wp\/v2\/comments?post=1925"}],"version-history":[{"count":3,"href":"https:\/\/www.rezeau.org\/wp-flore\/wp-json\/wp\/v2\/pages\/1925\/revisions"}],"predecessor-version":[{"id":3841,"href":"https:\/\/www.rezeau.org\/wp-flore\/wp-json\/wp\/v2\/pages\/1925\/revisions\/3841"}],"wp:featuredmedia":[{"embeddable":true,"href":"https:\/\/www.rezeau.org\/wp-flore\/wp-json\/wp\/v2\/media\/1691"}],"wp:attachment":[{"href":"https:\/\/www.rezeau.org\/wp-flore\/wp-json\/wp\/v2\/media?parent=1925"}],"wp:term":[{"taxonomy":"category","embeddable":true,"href":"https:\/\/www.rezeau.org\/wp-flore\/wp-json\/wp\/v2\/categories?post=1925"},{"taxonomy":"post_tag","embeddable":true,"href":"https:\/\/www.rezeau.org\/wp-flore\/wp-json\/wp\/v2\/tags?post=1925"}],"curies":[{"name":"wp","href":"https:\/\/api.w.org\/{rel}","templated":true}]}}