{"id":1933,"date":"2016-03-24T11:45:56","date_gmt":"2016-03-24T10:45:56","guid":{"rendered":"http:\/\/www.rezeau.org\/wp-flore\/?page_id=1933"},"modified":"2017-11-13T14:23:56","modified_gmt":"2017-11-13T13:23:56","slug":"veronica-serpyllifolia-l","status":"publish","type":"page","link":"https:\/\/www.rezeau.org\/wp-flore\/veronica-serpyllifolia-l\/","title":{"rendered":"Veronica serpyllifolia"},"content":{"rendered":"<pre>2738 Veronica serpyllifolia L.<\/pre>\n<p>&#8211; Plante vivace de 10-30 cm, bri\u00e8vement pub\u00e9rulente, \u00e0 souche gr\u00eale<br \/>\n&#8211; tiges radicantes \u00e0 la base, puis redress\u00e9es, gr\u00eales, simples<br \/>\n&#8211; feuilles oppos\u00e9es, subsessiles, ovales ou oblongues, obtuses, enti\u00e8res ou \u00e0 peine denticul\u00e9es<br \/>\n&#8211; fleurs blanch\u00e2tres vein\u00e9es de bleu, petites, en grappes terminales bract\u00e9ol\u00e9es longues et l\u00e2ches<br \/>\n&#8211; p\u00e9doncules plus courts que les bract\u00e9es, plus longs que le calice<br \/>\n&#8211; celui-ci pub\u00e9rulent, \u00e0 4 lobes oblongs, peu in\u00e9gaux<br \/>\n&#8211; corolle d\u00e9passant un peu le calice<br \/>\n&#8211; style aussi long que la capsule<br \/>\n&#8211; celle-ci d\u00e9passant \u00e0 peine le calice, glabrescente, plus large que haute, un peu \u00e9chancr\u00e9e.<\/p>\n","protected":false},"excerpt":{"rendered":"<p>2738 Veronica serpyllifolia L. &#8211; Plante vivace de 10-30 cm, bri\u00e8vement pub\u00e9rulente, \u00e0 souche gr\u00eale &#8211; tiges radicantes \u00e0 la base, puis redress\u00e9es, gr\u00eales, simples &#8211; feuilles oppos\u00e9es, subsessiles, ovales ou oblongues, obtuses, enti\u00e8res ou \u00e0 peine denticul\u00e9es &#8211; fleurs blanch\u00e2tres vein\u00e9es de bleu, petites, en grappes terminales bract\u00e9ol\u00e9es longues et l\u00e2ches &#8211; p\u00e9doncules plus&hellip;<\/p>\n","protected":false},"author":1,"featured_media":1930,"parent":0,"menu_order":0,"comment_status":"closed","ping_status":"closed","template":"","meta":{"_acf_changed":false,"footnotes":""},"categories":[6,50,242],"tags":[],"class_list":["post-1933","page","type-page","status-publish","has-post-thumbnail","hentry","category-plantae","category-plantaginaceae","category-veronica"],"acf":[],"_links":{"self":[{"href":"https:\/\/www.rezeau.org\/wp-flore\/wp-json\/wp\/v2\/pages\/1933","targetHints":{"allow":["GET"]}}],"collection":[{"href":"https:\/\/www.rezeau.org\/wp-flore\/wp-json\/wp\/v2\/pages"}],"about":[{"href":"https:\/\/www.rezeau.org\/wp-flore\/wp-json\/wp\/v2\/types\/page"}],"author":[{"embeddable":true,"href":"https:\/\/www.rezeau.org\/wp-flore\/wp-json\/wp\/v2\/users\/1"}],"replies":[{"embeddable":true,"href":"https:\/\/www.rezeau.org\/wp-flore\/wp-json\/wp\/v2\/comments?post=1933"}],"version-history":[{"count":3,"href":"https:\/\/www.rezeau.org\/wp-flore\/wp-json\/wp\/v2\/pages\/1933\/revisions"}],"predecessor-version":[{"id":3845,"href":"https:\/\/www.rezeau.org\/wp-flore\/wp-json\/wp\/v2\/pages\/1933\/revisions\/3845"}],"wp:featuredmedia":[{"embeddable":true,"href":"https:\/\/www.rezeau.org\/wp-flore\/wp-json\/wp\/v2\/media\/1930"}],"wp:attachment":[{"href":"https:\/\/www.rezeau.org\/wp-flore\/wp-json\/wp\/v2\/media?parent=1933"}],"wp:term":[{"taxonomy":"category","embeddable":true,"href":"https:\/\/www.rezeau.org\/wp-flore\/wp-json\/wp\/v2\/categories?post=1933"},{"taxonomy":"post_tag","embeddable":true,"href":"https:\/\/www.rezeau.org\/wp-flore\/wp-json\/wp\/v2\/tags?post=1933"}],"curies":[{"name":"wp","href":"https:\/\/api.w.org\/{rel}","templated":true}]}}