{"id":1941,"date":"2016-03-24T11:56:22","date_gmt":"2016-03-24T10:56:22","guid":{"rendered":"http:\/\/www.rezeau.org\/wp-flore\/?page_id=1941"},"modified":"2021-05-17T22:49:01","modified_gmt":"2021-05-17T20:49:01","slug":"ervilia-hirsuta-l-opiz","status":"publish","type":"page","link":"https:\/\/www.rezeau.org\/wp-flore\/ervilia-hirsuta-l-opiz\/","title":{"rendered":"Ervilia hirsuta"},"content":{"rendered":"<table class=\"desc\">\n<tbody>\n<tr>\n<td><span class=\"gras\">1019 Vicia hirsuta<\/span><\/td>\n<\/tr>\n<tr>\n<td><span class=\"titre\">Synonymes&nbsp;<\/span>CRACCA MINOR G. G.&nbsp;; ERVUM HIRSUTUM L.<\/td>\n<\/tr>\n<tr>\n<td>&#8211; Plante&nbsp;annuelle&nbsp;de 20-60 cm,&nbsp;velue,&nbsp;gr\u00eale&nbsp;<br \/>\n&#8211;&nbsp;feuilles&nbsp;\u00e0 6-10 paires de&nbsp;folioles&nbsp;<br \/>\n&#8211;&nbsp;vrilles&nbsp;rameuses&nbsp;<br \/>\n&#8211;&nbsp;stipules&nbsp;ordinairement d\u00e9coup\u00e9es&nbsp;<br \/>\n&#8211;&nbsp;fleurs&nbsp;d&#8217;un blanc bleu\u00e2tre, tr\u00e8s petites (3-5 mm), 3-8 en&nbsp;grappes&nbsp;courtes sur des&nbsp;p\u00e9doncules&nbsp;arist\u00e9s&nbsp;\u00e9galant la&nbsp;feuille&nbsp;ou plus courts&nbsp;<br \/>\n&#8211;&nbsp;calice&nbsp;velu, \u00e0 dents \u00e9gales, dress\u00e9es&nbsp;<br \/>\n&#8211;&nbsp;corolle&nbsp;d\u00e9passant le&nbsp;calice&nbsp;<br \/>\n&#8211;&nbsp;gousses&nbsp;tr\u00e8s petites de 8-10 mm sur 3-4,&nbsp;lin\u00e9aires-oblongues, bossel\u00e9es, termin\u00e9es en&nbsp;bec,&nbsp;velues, rarement&nbsp;glabres, noir\u00e2tres, \u00e0 2 graines&nbsp;<br \/>\n&#8211;&nbsp;hile&nbsp;\u00e9galant le tiers du contour de la graine.<\/td>\n<\/tr>\n<tr>\n<td><span class=\"titre\">\u00c9cologie&nbsp;<\/span>Lieux cultiv\u00e9s et incultes, dans toute la France et en Corse.<\/td>\n<\/tr>\n<tr>\n<td><span class=\"titre\">R\u00e9partition&nbsp;<\/span>Europe&nbsp;; Asie occidentale et centrale jusqu&#8217;\u00e0 l&#8217;Inde&nbsp;; Afrique septentrionale.<\/td>\n<\/tr>\n<tr>\n<td><span class=\"titre\">Floraison&nbsp;<\/span>Avril-septembre.<\/td>\n<\/tr>\n<\/tbody>\n<\/table>\n","protected":false},"excerpt":{"rendered":"<p>1019 Vicia hirsuta Synonymes&nbsp;CRACCA MINOR G. G.&nbsp;; ERVUM HIRSUTUM L. &#8211; Plante&nbsp;annuelle&nbsp;de 20-60 cm,&nbsp;velue,&nbsp;gr\u00eale&nbsp; &#8211;&nbsp;feuilles&nbsp;\u00e0 6-10 paires de&nbsp;folioles&nbsp; &#8211;&nbsp;vrilles&nbsp;rameuses&nbsp; &#8211;&nbsp;stipules&nbsp;ordinairement d\u00e9coup\u00e9es&nbsp; &#8211;&nbsp;fleurs&nbsp;d&#8217;un blanc bleu\u00e2tre, tr\u00e8s petites (3-5 mm), 3-8 en&nbsp;grappes&nbsp;courtes sur des&nbsp;p\u00e9doncules&nbsp;arist\u00e9s&nbsp;\u00e9galant la&nbsp;feuille&nbsp;ou plus courts&nbsp; &#8211;&nbsp;calice&nbsp;velu, \u00e0 dents \u00e9gales, dress\u00e9es&nbsp; &#8211;&nbsp;corolle&nbsp;d\u00e9passant le&nbsp;calice&nbsp; &#8211;&nbsp;gousses&nbsp;tr\u00e8s petites de 8-10 mm sur 3-4,&nbsp;lin\u00e9aires-oblongues, bossel\u00e9es, termin\u00e9es en&nbsp;bec,&nbsp;velues, rarement&nbsp;glabres, noir\u00e2tres, \u00e0&hellip;<\/p>\n","protected":false},"author":1,"featured_media":1686,"parent":0,"menu_order":0,"comment_status":"closed","ping_status":"closed","template":"","meta":{"_acf_changed":false,"footnotes":""},"categories":[244,33,6],"tags":[],"class_list":["post-1941","page","type-page","status-publish","has-post-thumbnail","hentry","category-ervilia","category-fabaceae","category-plantae"],"acf":[],"_links":{"self":[{"href":"https:\/\/www.rezeau.org\/wp-flore\/wp-json\/wp\/v2\/pages\/1941","targetHints":{"allow":["GET"]}}],"collection":[{"href":"https:\/\/www.rezeau.org\/wp-flore\/wp-json\/wp\/v2\/pages"}],"about":[{"href":"https:\/\/www.rezeau.org\/wp-flore\/wp-json\/wp\/v2\/types\/page"}],"author":[{"embeddable":true,"href":"https:\/\/www.rezeau.org\/wp-flore\/wp-json\/wp\/v2\/users\/1"}],"replies":[{"embeddable":true,"href":"https:\/\/www.rezeau.org\/wp-flore\/wp-json\/wp\/v2\/comments?post=1941"}],"version-history":[{"count":3,"href":"https:\/\/www.rezeau.org\/wp-flore\/wp-json\/wp\/v2\/pages\/1941\/revisions"}],"predecessor-version":[{"id":4295,"href":"https:\/\/www.rezeau.org\/wp-flore\/wp-json\/wp\/v2\/pages\/1941\/revisions\/4295"}],"wp:featuredmedia":[{"embeddable":true,"href":"https:\/\/www.rezeau.org\/wp-flore\/wp-json\/wp\/v2\/media\/1686"}],"wp:attachment":[{"href":"https:\/\/www.rezeau.org\/wp-flore\/wp-json\/wp\/v2\/media?parent=1941"}],"wp:term":[{"taxonomy":"category","embeddable":true,"href":"https:\/\/www.rezeau.org\/wp-flore\/wp-json\/wp\/v2\/categories?post=1941"},{"taxonomy":"post_tag","embeddable":true,"href":"https:\/\/www.rezeau.org\/wp-flore\/wp-json\/wp\/v2\/tags?post=1941"}],"curies":[{"name":"wp","href":"https:\/\/api.w.org\/{rel}","templated":true}]}}