{"id":1946,"date":"2016-03-24T12:00:25","date_gmt":"2016-03-24T11:00:25","guid":{"rendered":"http:\/\/www.rezeau.org\/wp-flore\/?page_id=1946"},"modified":"2017-11-13T14:27:17","modified_gmt":"2017-11-13T13:27:17","slug":"vicia-sativa-l","status":"publish","type":"page","link":"https:\/\/www.rezeau.org\/wp-flore\/vicia-sativa-l\/","title":{"rendered":"Vicia sativa"},"content":{"rendered":"<pre>992 Vicia sativa L. Vesce cultiv\u00e9e.<\/pre>\n<p>Plante annuelle de 30-80 cm, pubescente, grimpante ;<br \/>\n&#8211; feuilles \u00e0 5-7 paires de folioles larges, tronqu\u00e9es ou \u00e9chancr\u00e9es<br \/>\n&#8211; vrilles rameuses<br \/>\n&#8211; stipules dent\u00e9es, tach\u00e9es<br \/>\n&#8211; fleurs grandes (2-3 cm), \u00e0 \u00e9tendard violac\u00e9 avec ailes d&#8217;un pourpre brun, g\u00e9min\u00e9es, rarement solitaires, subsessiles<br \/>\n&#8211; calice \u00e0 dents \u00e9gales, \u00e9galant le tube<br \/>\n&#8211; gousse de 40-60 mm sur 6-10, large, comprim\u00e9e, bossel\u00e9e, non stipit\u00e9e, dress\u00e9e ou \u00e9tal\u00e9e, pub\u00e9rulente, d&#8217;un fauve p\u00e2le \u00e0 la maturit\u00e9<br \/>\n&#8211; graines grosses, subglobuleuses, s\u00e9par\u00e9es par du tissu cellulaire. Plante polymorphe.<\/p>\n","protected":false},"excerpt":{"rendered":"<p>992 Vicia sativa L. Vesce cultiv\u00e9e. Plante annuelle de 30-80 cm, pubescente, grimpante ; &#8211; feuilles \u00e0 5-7 paires de folioles larges, tronqu\u00e9es ou \u00e9chancr\u00e9es &#8211; vrilles rameuses &#8211; stipules dent\u00e9es, tach\u00e9es &#8211; fleurs grandes (2-3 cm), \u00e0 \u00e9tendard violac\u00e9 avec ailes d&#8217;un pourpre brun, g\u00e9min\u00e9es, rarement solitaires, subsessiles &#8211; calice \u00e0 dents \u00e9gales, \u00e9galant&hellip;<\/p>\n","protected":false},"author":1,"featured_media":1682,"parent":0,"menu_order":0,"comment_status":"closed","ping_status":"closed","template":"","meta":{"_acf_changed":false,"footnotes":""},"categories":[33,6,243],"tags":[],"class_list":["post-1946","page","type-page","status-publish","has-post-thumbnail","hentry","category-fabaceae","category-plantae","category-vicia"],"acf":[],"_links":{"self":[{"href":"https:\/\/www.rezeau.org\/wp-flore\/wp-json\/wp\/v2\/pages\/1946","targetHints":{"allow":["GET"]}}],"collection":[{"href":"https:\/\/www.rezeau.org\/wp-flore\/wp-json\/wp\/v2\/pages"}],"about":[{"href":"https:\/\/www.rezeau.org\/wp-flore\/wp-json\/wp\/v2\/types\/page"}],"author":[{"embeddable":true,"href":"https:\/\/www.rezeau.org\/wp-flore\/wp-json\/wp\/v2\/users\/1"}],"replies":[{"embeddable":true,"href":"https:\/\/www.rezeau.org\/wp-flore\/wp-json\/wp\/v2\/comments?post=1946"}],"version-history":[{"count":3,"href":"https:\/\/www.rezeau.org\/wp-flore\/wp-json\/wp\/v2\/pages\/1946\/revisions"}],"predecessor-version":[{"id":3849,"href":"https:\/\/www.rezeau.org\/wp-flore\/wp-json\/wp\/v2\/pages\/1946\/revisions\/3849"}],"wp:featuredmedia":[{"embeddable":true,"href":"https:\/\/www.rezeau.org\/wp-flore\/wp-json\/wp\/v2\/media\/1682"}],"wp:attachment":[{"href":"https:\/\/www.rezeau.org\/wp-flore\/wp-json\/wp\/v2\/media?parent=1946"}],"wp:term":[{"taxonomy":"category","embeddable":true,"href":"https:\/\/www.rezeau.org\/wp-flore\/wp-json\/wp\/v2\/categories?post=1946"},{"taxonomy":"post_tag","embeddable":true,"href":"https:\/\/www.rezeau.org\/wp-flore\/wp-json\/wp\/v2\/tags?post=1946"}],"curies":[{"name":"wp","href":"https:\/\/api.w.org\/{rel}","templated":true}]}}