{"id":1951,"date":"2016-03-24T12:04:46","date_gmt":"2016-03-24T11:04:46","guid":{"rendered":"http:\/\/www.rezeau.org\/wp-flore\/?page_id=1951"},"modified":"2021-05-17T22:50:57","modified_gmt":"2021-05-17T20:50:57","slug":"ervum-tetraspermum-l","status":"publish","type":"page","link":"https:\/\/www.rezeau.org\/wp-flore\/ervum-tetraspermum-l\/","title":{"rendered":"Ervum tetraspermum"},"content":{"rendered":"\n<table class=\"desc\">\n<tbody>\n<tr>\n<td><span class=\"gras\">1015 Vicia tetrasperma<\/span><\/td>\n<\/tr>\n<tr>\n<td><span class=\"titre\">Synonymes&nbsp;<\/span>ERVUM TETRASPERMUM L<\/td>\n<\/tr>\n<tr>\n<td>&#8211; Plante&nbsp;annuelle&nbsp;de 20-50 cm,&nbsp;glabrescente,&nbsp;gr\u00eale&nbsp;<br>&#8211;&nbsp;feuilles&nbsp;\u00e0 3-5 paires de&nbsp;folioles&nbsp;lin\u00e9aires-oblongues,&nbsp;obtuses&nbsp;<br>&#8211;&nbsp;vrilles&nbsp;simples&nbsp;ou&nbsp;bifurqu\u00e9es<br>&#8211;&nbsp;stipules&nbsp;sup\u00e9rieures&nbsp;enti\u00e8res&nbsp;<br>&#8211;&nbsp;fleurs&nbsp;lilac\u00e9es&nbsp;vein\u00e9es&nbsp;de violet, petites (4-5 mm), 1-2 sur des&nbsp;p\u00e9doncules&nbsp;capillaires, non&nbsp;arist\u00e9s, plus courts que la&nbsp;feuille&nbsp;ou l&#8217;\u00e9galant&nbsp;<br>&#8211;&nbsp;calice&nbsp;\u00e0 dents in\u00e9gales&nbsp;<br>&#8211;&nbsp;corolle&nbsp;2 fois plus longue que le&nbsp;calice&nbsp;<br>&#8211;&nbsp;gousses&nbsp;de 9-12 mm sur 3-4, subcylindriques, arrondies au sommet et sans&nbsp;bec, presque toujours&nbsp;glabres, \u00e0 4 graines&nbsp;<br>&#8211;&nbsp;hile&nbsp;oblong-lin\u00e9aire, \u00e9galant le 5e du contour de la graine.<\/td>\n<\/tr>\n<tr>\n<td><span class=\"titre\">\u00c9cologie&nbsp;<\/span>Lieux secs et arides, dans presque toute la France et en Corse.<\/td>\n<\/tr>\n<tr>\n<td><span class=\"titre\">R\u00e9partition&nbsp;<\/span>Europe&nbsp;; Asie occidentale et centrale jusqu&#8217;au Japon&nbsp;; Alg\u00e9rie.<\/td>\n<\/tr>\n<tr>\n<td><span class=\"titre\">Floraison&nbsp;<\/span>Mai-juillet.<\/td>\n<\/tr>\n<\/tbody>\n<\/table>\n","protected":false},"excerpt":{"rendered":"<p>1015 Vicia tetrasperma Synonymes&nbsp;ERVUM TETRASPERMUM L &#8211; Plante&nbsp;annuelle&nbsp;de 20-50 cm,&nbsp;glabrescente,&nbsp;gr\u00eale&nbsp;&#8211;&nbsp;feuilles&nbsp;\u00e0 3-5 paires de&nbsp;folioles&nbsp;lin\u00e9aires-oblongues,&nbsp;obtuses&nbsp;&#8211;&nbsp;vrilles&nbsp;simples&nbsp;ou&nbsp;bifurqu\u00e9es&#8211;&nbsp;stipules&nbsp;sup\u00e9rieures&nbsp;enti\u00e8res&nbsp;&#8211;&nbsp;fleurs&nbsp;lilac\u00e9es&nbsp;vein\u00e9es&nbsp;de violet, petites (4-5 mm), 1-2 sur des&nbsp;p\u00e9doncules&nbsp;capillaires, non&nbsp;arist\u00e9s, plus courts que la&nbsp;feuille&nbsp;ou l&#8217;\u00e9galant&nbsp;&#8211;&nbsp;calice&nbsp;\u00e0 dents in\u00e9gales&nbsp;&#8211;&nbsp;corolle&nbsp;2 fois plus longue que le&nbsp;calice&nbsp;&#8211;&nbsp;gousses&nbsp;de 9-12 mm sur 3-4, subcylindriques, arrondies au sommet et sans&nbsp;bec, presque toujours&nbsp;glabres, \u00e0 4 graines&nbsp;&#8211;&nbsp;hile&nbsp;oblong-lin\u00e9aire, \u00e9galant le 5e du contour de la&hellip;<\/p>\n","protected":false},"author":1,"featured_media":1681,"parent":0,"menu_order":0,"comment_status":"closed","ping_status":"closed","template":"","meta":{"_acf_changed":false,"footnotes":""},"categories":[245,33,6],"tags":[],"class_list":["post-1951","page","type-page","status-publish","has-post-thumbnail","hentry","category-ervum","category-fabaceae","category-plantae"],"acf":[],"_links":{"self":[{"href":"https:\/\/www.rezeau.org\/wp-flore\/wp-json\/wp\/v2\/pages\/1951","targetHints":{"allow":["GET"]}}],"collection":[{"href":"https:\/\/www.rezeau.org\/wp-flore\/wp-json\/wp\/v2\/pages"}],"about":[{"href":"https:\/\/www.rezeau.org\/wp-flore\/wp-json\/wp\/v2\/types\/page"}],"author":[{"embeddable":true,"href":"https:\/\/www.rezeau.org\/wp-flore\/wp-json\/wp\/v2\/users\/1"}],"replies":[{"embeddable":true,"href":"https:\/\/www.rezeau.org\/wp-flore\/wp-json\/wp\/v2\/comments?post=1951"}],"version-history":[{"count":4,"href":"https:\/\/www.rezeau.org\/wp-flore\/wp-json\/wp\/v2\/pages\/1951\/revisions"}],"predecessor-version":[{"id":4296,"href":"https:\/\/www.rezeau.org\/wp-flore\/wp-json\/wp\/v2\/pages\/1951\/revisions\/4296"}],"wp:featuredmedia":[{"embeddable":true,"href":"https:\/\/www.rezeau.org\/wp-flore\/wp-json\/wp\/v2\/media\/1681"}],"wp:attachment":[{"href":"https:\/\/www.rezeau.org\/wp-flore\/wp-json\/wp\/v2\/media?parent=1951"}],"wp:term":[{"taxonomy":"category","embeddable":true,"href":"https:\/\/www.rezeau.org\/wp-flore\/wp-json\/wp\/v2\/categories?post=1951"},{"taxonomy":"post_tag","embeddable":true,"href":"https:\/\/www.rezeau.org\/wp-flore\/wp-json\/wp\/v2\/tags?post=1951"}],"curies":[{"name":"wp","href":"https:\/\/api.w.org\/{rel}","templated":true}]}}