{"id":1954,"date":"2016-03-24T12:12:06","date_gmt":"2016-03-24T11:12:06","guid":{"rendered":"http:\/\/www.rezeau.org\/wp-flore\/?page_id=1954"},"modified":"2017-11-13T14:29:52","modified_gmt":"2017-11-13T13:29:52","slug":"vinca-minor-l","status":"publish","type":"page","link":"https:\/\/www.rezeau.org\/wp-flore\/vinca-minor-l\/","title":{"rendered":"Vinca minor"},"content":{"rendered":"<pre>2469 Vinca minor L. Petite pervenche<\/pre>\n<p>&#8211; . Plante vivace, glabre, couch\u00e9e-diffuse, \u00e0 tiges persistantes, radicantes, longues de 1-2 m\u00e8tres<br \/>\n&#8211; feuilles coriaces, luisantes, ovales-elliptiques, r\u00e9tr\u00e9cies aux deux bouts, tr\u00e8s glabres<br \/>\n&#8211; tiges florif\u00e8res dress\u00e9es, longues de 10-20 cm, peu feuill\u00e9es<br \/>\n&#8211; fleurs bleues ou violac\u00e9es, solitaires sur des p\u00e9doncules plus courts ou plus longs que les feuilles et que la corolle<br \/>\n&#8211; calice \u00e0 lobes lanc\u00e9ol\u00e9s-lin\u00e9aires, obtus, glabres, longs de 2-4 mm et 2-3 fois plus courts que le tube de la corolle<br \/>\n&#8211; celle-ci large d&#8217;environ 3 cm, \u00e0 lobes obovales en coin, tronqu\u00e9s au sommet<br \/>\n&#8211; follicules divergents, acumin\u00e9s.<\/p>\n","protected":false},"excerpt":{"rendered":"<p>2469 Vinca minor L. Petite pervenche &#8211; . Plante vivace, glabre, couch\u00e9e-diffuse, \u00e0 tiges persistantes, radicantes, longues de 1-2 m\u00e8tres &#8211; feuilles coriaces, luisantes, ovales-elliptiques, r\u00e9tr\u00e9cies aux deux bouts, tr\u00e8s glabres &#8211; tiges florif\u00e8res dress\u00e9es, longues de 10-20 cm, peu feuill\u00e9es &#8211; fleurs bleues ou violac\u00e9es, solitaires sur des p\u00e9doncules plus courts ou plus longs&hellip;<\/p>\n","protected":false},"author":1,"featured_media":1677,"parent":0,"menu_order":0,"comment_status":"closed","ping_status":"closed","template":"","meta":{"_acf_changed":false,"footnotes":""},"categories":[11,6,78],"tags":[],"class_list":["post-1954","page","type-page","status-publish","has-post-thumbnail","hentry","category-apocynaceae","category-plantae","category-vinca"],"acf":[],"_links":{"self":[{"href":"https:\/\/www.rezeau.org\/wp-flore\/wp-json\/wp\/v2\/pages\/1954","targetHints":{"allow":["GET"]}}],"collection":[{"href":"https:\/\/www.rezeau.org\/wp-flore\/wp-json\/wp\/v2\/pages"}],"about":[{"href":"https:\/\/www.rezeau.org\/wp-flore\/wp-json\/wp\/v2\/types\/page"}],"author":[{"embeddable":true,"href":"https:\/\/www.rezeau.org\/wp-flore\/wp-json\/wp\/v2\/users\/1"}],"replies":[{"embeddable":true,"href":"https:\/\/www.rezeau.org\/wp-flore\/wp-json\/wp\/v2\/comments?post=1954"}],"version-history":[{"count":3,"href":"https:\/\/www.rezeau.org\/wp-flore\/wp-json\/wp\/v2\/pages\/1954\/revisions"}],"predecessor-version":[{"id":3851,"href":"https:\/\/www.rezeau.org\/wp-flore\/wp-json\/wp\/v2\/pages\/1954\/revisions\/3851"}],"wp:featuredmedia":[{"embeddable":true,"href":"https:\/\/www.rezeau.org\/wp-flore\/wp-json\/wp\/v2\/media\/1677"}],"wp:attachment":[{"href":"https:\/\/www.rezeau.org\/wp-flore\/wp-json\/wp\/v2\/media?parent=1954"}],"wp:term":[{"taxonomy":"category","embeddable":true,"href":"https:\/\/www.rezeau.org\/wp-flore\/wp-json\/wp\/v2\/categories?post=1954"},{"taxonomy":"post_tag","embeddable":true,"href":"https:\/\/www.rezeau.org\/wp-flore\/wp-json\/wp\/v2\/tags?post=1954"}],"curies":[{"name":"wp","href":"https:\/\/api.w.org\/{rel}","templated":true}]}}