{"id":204,"date":"2016-03-10T09:13:28","date_gmt":"2016-03-10T08:13:28","guid":{"rendered":"http:\/\/www.rezeau.org\/wp-flore\/?page_id=204"},"modified":"2025-08-27T23:15:58","modified_gmt":"2025-08-27T21:15:58","slug":"allium-vineale-l","status":"publish","type":"page","link":"https:\/\/www.rezeau.org\/wp-flore\/allium-vineale-l\/","title":{"rendered":"Allium vineale"},"content":{"rendered":"\n<h4 class=\"wp-block-heading\">Description de Coste<\/h4>\n\n\n\n<figure class=\"wp-block-table is-style-stripes\"><table><tbody><tr><td><span class=\"gras\">3435 <strong><em>Allium vineale <\/em><\/strong>L.<\/span><\/td><\/tr><tr><td>&#8211; Plante&nbsp;<span class=\"definition_term\">vivace<\/span>&nbsp;de 30-80 cm,&nbsp;<span class=\"definition_term\">glabre<\/span>, \u00e0&nbsp;<span class=\"definition_term\">bulbe<\/span>&nbsp;<span class=\"definition_term\">ovo\u00efde<\/span>&nbsp;entour\u00e9 de nombreux&nbsp;<span class=\"definition_term\">bulbilles<\/span>, \u00e0 forte odeur alliac\u00e9e&nbsp;<br>&#8211;&nbsp;<span class=\"definition_term\">tige<\/span>&nbsp;cylindrique, pleine, feuill\u00e9e jusqu&#8217;au milieu&nbsp;<br>&#8211;&nbsp;<span class=\"definition_term\">feuilles<\/span>&nbsp;subcylindriques, creuses, \u00e0 sillon \u00e9troit en dessus,&nbsp;<span class=\"definition_term\">glauques<\/span>&nbsp;<br>&#8211;&nbsp;<span class=\"definition_term\">spathe<\/span>&nbsp;univalve,&nbsp;<span class=\"definition_term\">ovale<\/span>&#8211;<span class=\"definition_term\">aigu<\/span>\u00eb&nbsp;<br>&#8211;&nbsp;<span class=\"definition_term\">fleurs<\/span>&nbsp;rose p\u00e2le ou blanch\u00e2tres, peu nombreuses, en&nbsp;<span class=\"definition_term\">t\u00eate<\/span>&nbsp;globuleuse serr\u00e9e, souvent toute&nbsp;<span class=\"definition_term\">bulbillif\u00e8re<\/span>&nbsp;<br>&#8211;&nbsp;<span class=\"definition_term\">p\u00e9dicelles<\/span>&nbsp;renfl\u00e9s-globuleux sous la&nbsp;<span class=\"definition_term\">fleur<\/span>, 4-5 fois plus longs qu&#8217;elle&nbsp;<br>&#8211;&nbsp;<span class=\"definition_term\">p\u00e9rianthe<\/span>&nbsp;en cloche&nbsp;<br>&#8211;&nbsp;<span class=\"definition_term\">\u00e9tamines<\/span>&nbsp;<span class=\"definition_term\">saillantes<\/span>, les 3 int\u00e9rieures \u00e0&nbsp;<span class=\"definition_term\">filets<\/span>&nbsp;<span class=\"definition_term\">trifides<\/span>, la pointe m\u00e9diane plus courte&nbsp;<br>&#8211;&nbsp;<span class=\"definition_term\">capsule<\/span>&nbsp;\u00e0 sommet ombiliqu\u00e9.<\/td><\/tr><tr><td><span class=\"titre\"><strong>\u00c9cologie\u00a0<\/strong><\/span>Lieux sablonneux cultiv\u00e9s ou incultes, dans presque toute la France et en Corse.<\/td><\/tr><tr><td><span class=\"titre\"><strong>R\u00e9partition\u00a0<\/strong><\/span>Europe centrale et m\u00e9ridionale\u00a0; Syrie\u00a0; Am\u00e9rique bor\u00e9ale.<\/td><\/tr><tr><td><span class=\"titre\"><strong>Floraison\u00a0<\/strong><\/span>Juin-juillet.<\/td><\/tr><\/tbody><\/table><\/figure>\n","protected":false},"excerpt":{"rendered":"<p>Description de Coste 3435 Allium vineale L. &#8211; Plante&nbsp;vivace&nbsp;de 30-80 cm,&nbsp;glabre, \u00e0&nbsp;bulbe&nbsp;ovo\u00efde&nbsp;entour\u00e9 de nombreux&nbsp;bulbilles, \u00e0 forte odeur alliac\u00e9e&nbsp;&#8211;&nbsp;tige&nbsp;cylindrique, pleine, feuill\u00e9e jusqu&#8217;au milieu&nbsp;&#8211;&nbsp;feuilles&nbsp;subcylindriques, creuses, \u00e0 sillon \u00e9troit en dessus,&nbsp;glauques&nbsp;&#8211;&nbsp;spathe&nbsp;univalve,&nbsp;ovale&#8211;aigu\u00eb&nbsp;&#8211;&nbsp;fleurs&nbsp;rose p\u00e2le ou blanch\u00e2tres, peu nombreuses, en&nbsp;t\u00eate&nbsp;globuleuse serr\u00e9e, souvent toute&nbsp;bulbillif\u00e8re&nbsp;&#8211;&nbsp;p\u00e9dicelles&nbsp;renfl\u00e9s-globuleux sous la&nbsp;fleur, 4-5 fois plus longs qu&#8217;elle&nbsp;&#8211;&nbsp;p\u00e9rianthe&nbsp;en cloche&nbsp;&#8211;&nbsp;\u00e9tamines&nbsp;saillantes, les 3 int\u00e9rieures \u00e0&nbsp;filets&nbsp;trifides, la pointe m\u00e9diane plus courte&nbsp;&#8211;&nbsp;capsule&nbsp;\u00e0 sommet&hellip;<\/p>\n","protected":false},"author":1,"featured_media":113,"parent":0,"menu_order":0,"comment_status":"closed","ping_status":"closed","template":"","meta":{"_acf_changed":false,"footnotes":""},"categories":[8,67,6],"tags":[],"class_list":["post-204","page","type-page","status-publish","has-post-thumbnail","hentry","category-alliaceae","category-allium","category-plantae"],"acf":[],"_links":{"self":[{"href":"https:\/\/www.rezeau.org\/wp-flore\/wp-json\/wp\/v2\/pages\/204","targetHints":{"allow":["GET"]}}],"collection":[{"href":"https:\/\/www.rezeau.org\/wp-flore\/wp-json\/wp\/v2\/pages"}],"about":[{"href":"https:\/\/www.rezeau.org\/wp-flore\/wp-json\/wp\/v2\/types\/page"}],"author":[{"embeddable":true,"href":"https:\/\/www.rezeau.org\/wp-flore\/wp-json\/wp\/v2\/users\/1"}],"replies":[{"embeddable":true,"href":"https:\/\/www.rezeau.org\/wp-flore\/wp-json\/wp\/v2\/comments?post=204"}],"version-history":[{"count":15,"href":"https:\/\/www.rezeau.org\/wp-flore\/wp-json\/wp\/v2\/pages\/204\/revisions"}],"predecessor-version":[{"id":4754,"href":"https:\/\/www.rezeau.org\/wp-flore\/wp-json\/wp\/v2\/pages\/204\/revisions\/4754"}],"wp:featuredmedia":[{"embeddable":true,"href":"https:\/\/www.rezeau.org\/wp-flore\/wp-json\/wp\/v2\/media\/113"}],"wp:attachment":[{"href":"https:\/\/www.rezeau.org\/wp-flore\/wp-json\/wp\/v2\/media?parent=204"}],"wp:term":[{"taxonomy":"category","embeddable":true,"href":"https:\/\/www.rezeau.org\/wp-flore\/wp-json\/wp\/v2\/categories?post=204"},{"taxonomy":"post_tag","embeddable":true,"href":"https:\/\/www.rezeau.org\/wp-flore\/wp-json\/wp\/v2\/tags?post=204"}],"curies":[{"name":"wp","href":"https:\/\/api.w.org\/{rel}","templated":true}]}}