{"id":213,"date":"2016-03-10T09:20:55","date_gmt":"2016-03-10T08:20:55","guid":{"rendered":"http:\/\/www.rezeau.org\/wp-flore\/?page_id=213"},"modified":"2025-08-27T23:22:52","modified_gmt":"2025-08-27T21:22:52","slug":"alnus-glutinosa-l","status":"publish","type":"page","link":"https:\/\/www.rezeau.org\/wp-flore\/alnus-glutinosa-l\/","title":{"rendered":"Alnus glutinosa"},"content":{"rendered":"\n<h4 class=\"wp-block-heading\">Description de Coste<\/h4>\n\n\n\n<figure class=\"wp-block-table is-style-stripes\"><table><tbody><tr><td><span class=\"gras\">3320 <strong><em>Alnus glutinosa <\/em><\/strong>Gaertn.&nbsp;<\/span><span class=\"italique\">Vergne<\/span><\/td><\/tr><tr><td>Arbre assez \u00e9lev\u00e9, \u00e0 \u00e9corce brun\u00e2tre crevass\u00e9e<br>jeunes rameaux glabres<br>bourgeons glabres, renfl\u00e9s, obtus<br>feuilles glutineuses, p\u00e9tiol\u00e9es, suborbiculaires ou obovales en coin, tronqu\u00e9es ou \u00e9chancr\u00e9es, irr\u00e9guli\u00e8rement sinu\u00e9es-dent\u00e9es, vertes et glabres sur les faces, sauf les aisselles des nervures poilues, \u00e0 6-9 paires de nervures secondaires<br>3-6 chatons m\u00e2les<br>c\u00f4nes ovo\u00efdes, assez petites, p\u00e9doncules<br>fruit presque pentagonal, \u00e0 aile coriace, plus \u00e9troite que la graine. Varie, en Corse, \u00e0 feuilles obtuses r\u00e9guli\u00e8rement denticul\u00e9es (A. elliptica Req.).<\/td><\/tr><tr><td><span class=\"titre\"><strong>\u00c9cologie&nbsp;<\/strong><\/span>Bois humides, bords des eaux, dans toute la France et en Corse.<\/td><\/tr><tr><td><span class=\"titre\"><strong>R\u00e9partition&nbsp;<\/strong><\/span>Europe&nbsp;; Asie temp\u00e9r\u00e9e&nbsp;; Afrique septentrionale.<\/td><\/tr><tr><td><span class=\"titre\"><strong>Floraison&nbsp;<\/strong><\/span>f\u00e9vrier-avril&nbsp;<span class=\"titre\">Fructification&nbsp;<\/span>septembre-octobre<\/td><\/tr><\/tbody><\/table><\/figure>\n","protected":false},"excerpt":{"rendered":"<p>Description de Coste 3320 Alnus glutinosa Gaertn.&nbsp;Vergne Arbre assez \u00e9lev\u00e9, \u00e0 \u00e9corce brun\u00e2tre crevass\u00e9ejeunes rameaux glabresbourgeons glabres, renfl\u00e9s, obtusfeuilles glutineuses, p\u00e9tiol\u00e9es, suborbiculaires ou obovales en coin, tronqu\u00e9es ou \u00e9chancr\u00e9es, irr\u00e9guli\u00e8rement sinu\u00e9es-dent\u00e9es, vertes et glabres sur les faces, sauf les aisselles des nervures poilues, \u00e0 6-9 paires de nervures secondaires3-6 chatons m\u00e2lesc\u00f4nes ovo\u00efdes, assez petites, p\u00e9donculesfruit&hellip;<\/p>\n","protected":false},"author":1,"featured_media":115,"parent":0,"menu_order":0,"comment_status":"closed","ping_status":"closed","template":"","meta":{"_acf_changed":false,"footnotes":""},"categories":[115,15,6],"tags":[],"class_list":["post-213","page","type-page","status-publish","has-post-thumbnail","hentry","category-alnus","category-betulaceae","category-plantae"],"acf":[],"_links":{"self":[{"href":"https:\/\/www.rezeau.org\/wp-flore\/wp-json\/wp\/v2\/pages\/213","targetHints":{"allow":["GET"]}}],"collection":[{"href":"https:\/\/www.rezeau.org\/wp-flore\/wp-json\/wp\/v2\/pages"}],"about":[{"href":"https:\/\/www.rezeau.org\/wp-flore\/wp-json\/wp\/v2\/types\/page"}],"author":[{"embeddable":true,"href":"https:\/\/www.rezeau.org\/wp-flore\/wp-json\/wp\/v2\/users\/1"}],"replies":[{"embeddable":true,"href":"https:\/\/www.rezeau.org\/wp-flore\/wp-json\/wp\/v2\/comments?post=213"}],"version-history":[{"count":13,"href":"https:\/\/www.rezeau.org\/wp-flore\/wp-json\/wp\/v2\/pages\/213\/revisions"}],"predecessor-version":[{"id":4756,"href":"https:\/\/www.rezeau.org\/wp-flore\/wp-json\/wp\/v2\/pages\/213\/revisions\/4756"}],"wp:featuredmedia":[{"embeddable":true,"href":"https:\/\/www.rezeau.org\/wp-flore\/wp-json\/wp\/v2\/media\/115"}],"wp:attachment":[{"href":"https:\/\/www.rezeau.org\/wp-flore\/wp-json\/wp\/v2\/media?parent=213"}],"wp:term":[{"taxonomy":"category","embeddable":true,"href":"https:\/\/www.rezeau.org\/wp-flore\/wp-json\/wp\/v2\/categories?post=213"},{"taxonomy":"post_tag","embeddable":true,"href":"https:\/\/www.rezeau.org\/wp-flore\/wp-json\/wp\/v2\/tags?post=213"}],"curies":[{"name":"wp","href":"https:\/\/api.w.org\/{rel}","templated":true}]}}