{"id":233,"date":"2016-03-10T10:52:02","date_gmt":"2016-03-10T09:52:02","guid":{"rendered":"http:\/\/www.rezeau.org\/wp-flore\/?page_id=233"},"modified":"2025-08-27T23:35:29","modified_gmt":"2025-08-27T21:35:29","slug":"anemone-nemorosa-l","status":"publish","type":"page","link":"https:\/\/www.rezeau.org\/wp-flore\/anemone-nemorosa-l\/","title":{"rendered":"Anemone nemorosa"},"content":{"rendered":"\n<h4 class=\"wp-block-heading\">Description de Coste<\/h4>\n\n\n\n<table class=\"desc\" style=\"width: 100%; height: 302px;\">\n<tbody>\n<tr style=\"height: 23px;\">\n<td style=\"height: 23px;\"><span class=\"gras\">83 Anemone nemorosa L.\u00a0<\/span><span class=\"italique\">An\u00e9mone des bois, Sylvie<\/span><\/td>\n<\/tr>\n<tr style=\"height: 187px;\">\n<td style=\"height: 187px;\">&#8211;\u00a0<span class=\"definition_term\">Souche<\/span>\u00a0horizontale, allong\u00e9e, charnue, cassante\u00a0<br \/>&#8211;\u00a0<span class=\"definition_term\">hampe<\/span>\u00a0de 10-30 cm,\u00a0<span class=\"definition_term\">gr\u00eale<\/span>, l\u00e9g\u00e8rement\u00a0<span class=\"definition_term\">pubescente<\/span>\u00a0<br \/>&#8211;\u00a0<span class=\"definition_term\">feuilles<\/span>\u00a01-2, naissant loin de la\u00a0<span class=\"definition_term\">hampe<\/span>,\u00a0<span class=\"definition_term\">palmatis\u00e9qu\u00e9es<\/span>, \u00e0 3-5\u00a0<span class=\"definition_term\">segments<\/span>\u00a0<span class=\"definition_term\">p\u00e9tiolul\u00e9s<\/span>,\u00a0<span class=\"definition_term\">incis\u00e9s<\/span>&#8211;<span class=\"definition_term\">dent\u00e9s<\/span>\u00a0<br \/>&#8211;\u00a0<span class=\"definition_term\">folioles<\/span>\u00a0de l&#8217;<span class=\"definition_term\">involucre<\/span>\u00a0\u00e0\u00a0<span class=\"definition_term\">p\u00e9tiole<\/span>\u00a0\u00e9galant la moiti\u00e9 du\u00a0<span class=\"definition_term\">limbe<\/span>, semblables aux\u00a0<span class=\"definition_term\">feuilles<\/span>\u00a0<br \/>&#8211;\u00a0<span class=\"definition_term\">p\u00e9doncules<\/span>\u00a0\u00e0 la fin recourb\u00e9s\u00a0<br \/>&#8211;\u00a0<span class=\"definition_term\">fleurs<\/span>\u00a0blanches, roses ou purpurines, solitaires\u00a0<br \/>&#8211;\u00a0<span class=\"definition_term\">s\u00e9pales<\/span>\u00a05-8,\u00a0<span class=\"definition_term\">ovales<\/span>,\u00a0<span class=\"definition_term\">glabres<\/span>\u00a0<br \/>&#8211;\u00a0<span class=\"definition_term\">carpelles<\/span>\u00a0<span class=\"definition_term\">pubescents<\/span>,\u00a0<span class=\"definition_term\">\u00e9tal\u00e9s<\/span>, \u00e0\u00a0<span class=\"definition_term\">bec<\/span>\u00a0<span class=\"definition_term\">glabre<\/span>\u00a0n&#8217;\u00e9galant pas la moiti\u00e9 de leur longueur.<\/td>\n<\/tr>\n<tr style=\"height: 23px;\">\n<td style=\"height: 23px;\"><span class=\"titre\">\u00c9cologie\u00a0<\/span>Bois et prairies humides, dans presque toute la France.<\/td>\n<\/tr>\n<tr style=\"height: 23px;\">\n<td style=\"height: 23px;\"><span class=\"titre\">R\u00e9partition\u00a0<\/span>Presque toute l&#8217;Europe\u00a0; Asie occidentale\u00a0; Am\u00e9rique bor\u00e9ale.<\/td>\n<\/tr>\n<tr style=\"height: 23px;\">\n<td style=\"height: 23px;\"><span class=\"titre\">Floraison\u00a0<\/span>Mars-Mai. .<\/td>\n<\/tr>\n<tr style=\"height: 23px;\">\n<td style=\"height: 23px;\"><span class=\"titre\">Usages<\/span>\u00a0Plante tr\u00e8s \u00e2cre.<\/td>\n<\/tr>\n<\/tbody>\n<\/table>\n","protected":false},"excerpt":{"rendered":"<p>Description de Coste 83 Anemone nemorosa L.\u00a0An\u00e9mone des bois, Sylvie &#8211;\u00a0Souche\u00a0horizontale, allong\u00e9e, charnue, cassante\u00a0&#8211;\u00a0hampe\u00a0de 10-30 cm,\u00a0gr\u00eale, l\u00e9g\u00e8rement\u00a0pubescente\u00a0&#8211;\u00a0feuilles\u00a01-2, naissant loin de la\u00a0hampe,\u00a0palmatis\u00e9qu\u00e9es, \u00e0 3-5\u00a0segments\u00a0p\u00e9tiolul\u00e9s,\u00a0incis\u00e9s&#8211;dent\u00e9s\u00a0&#8211;\u00a0folioles\u00a0de l&#8217;involucre\u00a0\u00e0\u00a0p\u00e9tiole\u00a0\u00e9galant la moiti\u00e9 du\u00a0limbe, semblables aux\u00a0feuilles\u00a0&#8211;\u00a0p\u00e9doncules\u00a0\u00e0 la fin recourb\u00e9s\u00a0&#8211;\u00a0fleurs\u00a0blanches, roses ou purpurines, solitaires\u00a0&#8211;\u00a0s\u00e9pales\u00a05-8,\u00a0ovales,\u00a0glabres\u00a0&#8211;\u00a0carpelles\u00a0pubescents,\u00a0\u00e9tal\u00e9s, \u00e0\u00a0bec\u00a0glabre\u00a0n&#8217;\u00e9galant pas la moiti\u00e9 de leur longueur. \u00c9cologie\u00a0Bois et prairies humides, dans presque toute la France. R\u00e9partition\u00a0Presque toute l&#8217;Europe\u00a0;&hellip;<\/p>\n","protected":false},"author":1,"featured_media":121,"parent":0,"menu_order":0,"comment_status":"closed","ping_status":"closed","template":"","meta":{"_acf_changed":false,"footnotes":""},"categories":[117,6,54],"tags":[],"class_list":["post-233","page","type-page","status-publish","has-post-thumbnail","hentry","category-anemone","category-plantae","category-renonculaceae"],"acf":[],"_links":{"self":[{"href":"https:\/\/www.rezeau.org\/wp-flore\/wp-json\/wp\/v2\/pages\/233","targetHints":{"allow":["GET"]}}],"collection":[{"href":"https:\/\/www.rezeau.org\/wp-flore\/wp-json\/wp\/v2\/pages"}],"about":[{"href":"https:\/\/www.rezeau.org\/wp-flore\/wp-json\/wp\/v2\/types\/page"}],"author":[{"embeddable":true,"href":"https:\/\/www.rezeau.org\/wp-flore\/wp-json\/wp\/v2\/users\/1"}],"replies":[{"embeddable":true,"href":"https:\/\/www.rezeau.org\/wp-flore\/wp-json\/wp\/v2\/comments?post=233"}],"version-history":[{"count":13,"href":"https:\/\/www.rezeau.org\/wp-flore\/wp-json\/wp\/v2\/pages\/233\/revisions"}],"predecessor-version":[{"id":4760,"href":"https:\/\/www.rezeau.org\/wp-flore\/wp-json\/wp\/v2\/pages\/233\/revisions\/4760"}],"wp:featuredmedia":[{"embeddable":true,"href":"https:\/\/www.rezeau.org\/wp-flore\/wp-json\/wp\/v2\/media\/121"}],"wp:attachment":[{"href":"https:\/\/www.rezeau.org\/wp-flore\/wp-json\/wp\/v2\/media?parent=233"}],"wp:term":[{"taxonomy":"category","embeddable":true,"href":"https:\/\/www.rezeau.org\/wp-flore\/wp-json\/wp\/v2\/categories?post=233"},{"taxonomy":"post_tag","embeddable":true,"href":"https:\/\/www.rezeau.org\/wp-flore\/wp-json\/wp\/v2\/tags?post=233"}],"curies":[{"name":"wp","href":"https:\/\/api.w.org\/{rel}","templated":true}]}}