{"id":258,"date":"2016-03-10T14:00:33","date_gmt":"2016-03-10T13:00:33","guid":{"rendered":"http:\/\/www.rezeau.org\/wp-flore\/?page_id=258"},"modified":"2025-08-28T23:02:47","modified_gmt":"2025-08-28T21:02:47","slug":"artemisia-vulgaris-l","status":"publish","type":"page","link":"https:\/\/www.rezeau.org\/wp-flore\/artemisia-vulgaris-l\/","title":{"rendered":"Artemisia vulgaris"},"content":{"rendered":"\n<h4 class=\"wp-block-heading\">Description de Coste<\/h4>\n\n\n<table class=\"desc\">\n<tbody>\n<tr>\n<td><span class=\"gras\">1912 Artemisia vulgaris L.\u00a0<\/span><span class=\"italique\">Armoise<\/span><\/td>\n<\/tr>\n<tr>\n<td>&#8211; . Plante\u00a0vivace,\u00a0tige\u00a0de 7-12 dm\u00a0herbac\u00e9e,\u00a0stri\u00e9e, rouge\u00e2tre, un peu\u00a0pubescente,\u00a0rameuse\u00a0<br \/>&#8211;\u00a0feuilles\u00a0pennati ou bipennatipartites,\u00a0auricul\u00e9es\u00a0\u00e0 la base, \u00e0\u00a0segments\u00a0assez largement\u00a0oblongs-lanc\u00e9ol\u00e9s,\u00a0aigus,\u00a0glabres\u00a0(tr\u00e8s rarement blanch\u00e2tres, cendr\u00e9es) en dessus, blanches-tomenteuses\u00a0en dessous\u00a0<br \/>&#8211;\u00a0involucre\u00a0blanc,\u00a0tomenteux\u00a0<br \/>&#8211;\u00a0r\u00e9ceptacle\u00a0glabre\u00a0<br \/>&#8211; capitules\u00a0ovo\u00efdes-oblongs,\u00a0subsessiles\u00a0en\u00a0glom\u00e9rules\u00a0sur les rameaux\u00a0\u00e9tal\u00e9s-dress\u00e9s et formant une grande\u00a0panicule\u00a0feuill\u00e9e<br \/>&#8211;\u00a0fleurs\u00a0jaun\u00e2tres ou rouge\u00e2tres. Varie \u00e0\u00a0souche\u00a0\u00e9mettant de nombreux rejets,\u00a0feuilles\u00a0\u00e0\u00a0segments\u00a0plus \u00e9troits et plus allong\u00e9s, capitules solitaires, rouge\u00e2tres (A. verlotorum Lamt.).<\/td>\n<\/tr>\n<tr>\n<td><span class=\"titre\">\u00c9cologie\u00a0<\/span>Lieux incultes, dans toute la France\u00a0; Corse.<\/td>\n<\/tr>\n<tr>\n<td><span class=\"titre\">R\u00e9partition\u00a0<\/span>Europe, Sib\u00e9rie, Afrique septentrionale.<\/td>\n<\/tr>\n<tr>\n<td><span class=\"titre\">Floraison\u00a0<\/span>Juillet-septembre.<\/td>\n<\/tr>\n<\/tbody>\n<\/table>","protected":false},"excerpt":{"rendered":"<p>Description de Coste 1912 Artemisia vulgaris L.\u00a0Armoise &#8211; . Plante\u00a0vivace,\u00a0tige\u00a0de 7-12 dm\u00a0herbac\u00e9e,\u00a0stri\u00e9e, rouge\u00e2tre, un peu\u00a0pubescente,\u00a0rameuse\u00a0&#8211;\u00a0feuilles\u00a0pennati ou bipennatipartites,\u00a0auricul\u00e9es\u00a0\u00e0 la base, \u00e0\u00a0segments\u00a0assez largement\u00a0oblongs-lanc\u00e9ol\u00e9s,\u00a0aigus,\u00a0glabres\u00a0(tr\u00e8s rarement blanch\u00e2tres, cendr\u00e9es) en dessus, blanches-tomenteuses\u00a0en dessous\u00a0&#8211;\u00a0involucre\u00a0blanc,\u00a0tomenteux\u00a0&#8211;\u00a0r\u00e9ceptacle\u00a0glabre\u00a0&#8211; capitules\u00a0ovo\u00efdes-oblongs,\u00a0subsessiles\u00a0en\u00a0glom\u00e9rules\u00a0sur les rameaux\u00a0\u00e9tal\u00e9s-dress\u00e9s et formant une grande\u00a0panicule\u00a0feuill\u00e9e&#8211;\u00a0fleurs\u00a0jaun\u00e2tres ou rouge\u00e2tres. Varie \u00e0\u00a0souche\u00a0\u00e9mettant de nombreux rejets,\u00a0feuilles\u00a0\u00e0\u00a0segments\u00a0plus \u00e9troits et plus allong\u00e9s, capitules solitaires, rouge\u00e2tres (A. verlotorum Lamt.). \u00c9cologie\u00a0Lieux incultes, dans&hellip;<\/p>\n","protected":false},"author":1,"featured_media":256,"parent":0,"menu_order":0,"comment_status":"closed","ping_status":"closed","template":"","meta":{"_acf_changed":false,"footnotes":""},"categories":[83,14,6],"tags":[],"class_list":["post-258","page","type-page","status-publish","has-post-thumbnail","hentry","category-artemisia","category-asteraceae","category-plantae"],"acf":[],"_links":{"self":[{"href":"https:\/\/www.rezeau.org\/wp-flore\/wp-json\/wp\/v2\/pages\/258","targetHints":{"allow":["GET"]}}],"collection":[{"href":"https:\/\/www.rezeau.org\/wp-flore\/wp-json\/wp\/v2\/pages"}],"about":[{"href":"https:\/\/www.rezeau.org\/wp-flore\/wp-json\/wp\/v2\/types\/page"}],"author":[{"embeddable":true,"href":"https:\/\/www.rezeau.org\/wp-flore\/wp-json\/wp\/v2\/users\/1"}],"replies":[{"embeddable":true,"href":"https:\/\/www.rezeau.org\/wp-flore\/wp-json\/wp\/v2\/comments?post=258"}],"version-history":[{"count":10,"href":"https:\/\/www.rezeau.org\/wp-flore\/wp-json\/wp\/v2\/pages\/258\/revisions"}],"predecessor-version":[{"id":4768,"href":"https:\/\/www.rezeau.org\/wp-flore\/wp-json\/wp\/v2\/pages\/258\/revisions\/4768"}],"wp:featuredmedia":[{"embeddable":true,"href":"https:\/\/www.rezeau.org\/wp-flore\/wp-json\/wp\/v2\/media\/256"}],"wp:attachment":[{"href":"https:\/\/www.rezeau.org\/wp-flore\/wp-json\/wp\/v2\/media?parent=258"}],"wp:term":[{"taxonomy":"category","embeddable":true,"href":"https:\/\/www.rezeau.org\/wp-flore\/wp-json\/wp\/v2\/categories?post=258"},{"taxonomy":"post_tag","embeddable":true,"href":"https:\/\/www.rezeau.org\/wp-flore\/wp-json\/wp\/v2\/tags?post=258"}],"curies":[{"name":"wp","href":"https:\/\/api.w.org\/{rel}","templated":true}]}}