{"id":283,"date":"2016-03-10T14:21:35","date_gmt":"2016-03-10T13:21:35","guid":{"rendered":"http:\/\/www.rezeau.org\/wp-flore\/?page_id=283"},"modified":"2025-08-28T23:10:42","modified_gmt":"2025-08-28T21:10:42","slug":"barbarea-vulgaris-r-br","status":"publish","type":"page","link":"https:\/\/www.rezeau.org\/wp-flore\/barbarea-vulgaris-r-br\/","title":{"rendered":"Barbarea vulgaris"},"content":{"rendered":"\n<h4 class=\"wp-block-heading\">Description de Coste<\/h4>\n\n\n\n<figure class=\"wp-block-table desc\"><table><tbody><tr><td><span class=\"gras\">194 Barbarea vulgaris B. Br.&nbsp;<\/span><span class=\"italique\">Herbe de sainte Barbe<\/span><\/td><\/tr><tr><td>. Plante&nbsp;vivace,&nbsp;tige&nbsp;de 7-12 dm&nbsp;herbac\u00e9e,&nbsp;stri\u00e9e, rouge\u00e2tre, un peu&nbsp;pubescente,&nbsp;rameuse&nbsp;<br>&#8211;&nbsp;feuilles&nbsp;pennati ou bipennatipartites,&nbsp;auricul\u00e9es&nbsp;\u00e0 la base, \u00e0&nbsp;segments&nbsp;assez largement&nbsp;oblongs-lanc\u00e9ol\u00e9s,&nbsp;aigus,&nbsp;glabres&nbsp;(tr\u00e8s rarement blanch\u00e2tres, cendr\u00e9es) en dessus, blanches-tomenteuses&nbsp;en dessous&nbsp;<br>&#8211;&nbsp;involucre&nbsp;blanc,&nbsp;tomenteux&nbsp;<br>&#8211;&nbsp;r\u00e9ceptacle&nbsp;glabre&nbsp;<br>capitules&nbsp;ovo\u00efdes-oblongs,&nbsp;subsessiles&nbsp;en&nbsp;glom\u00e9rules&nbsp;sur les rameaux&nbsp;\u00e9tal\u00e9s-dress\u00e9s et formant une grande&nbsp;panicule&nbsp;feuill\u00e9e<br>&#8211;&nbsp;fleurs&nbsp;jaun\u00e2tres ou rouge\u00e2tres. Varie \u00e0&nbsp;souche&nbsp;\u00e9mettant de nombreux rejets,&nbsp;feuilles&nbsp;\u00e0&nbsp;segments&nbsp;plus \u00e9troits et plus allong\u00e9s, capitules solitaires, rouge\u00e2tres (A. verlotorum Lamt.).<\/td><\/tr><tr><td><span class=\"titre\">\u00c9cologie&nbsp;<\/span>Lieux frais ou humides, dans toute la France&nbsp;; Corse.<\/td><\/tr><tr><td><span class=\"titre\">R\u00e9partition&nbsp;<\/span>Asie temp\u00e9r\u00e9e; Afrique et Am\u00e9rique septentrionales.<\/td><\/tr><tr><td><span class=\"titre\">Floraison&nbsp;<\/span>Mai-juillet.<\/td><\/tr><\/tbody><\/table><\/figure>\n","protected":false},"excerpt":{"rendered":"<p>Description de Coste 194 Barbarea vulgaris B. Br.&nbsp;Herbe de sainte Barbe . Plante&nbsp;vivace,&nbsp;tige&nbsp;de 7-12 dm&nbsp;herbac\u00e9e,&nbsp;stri\u00e9e, rouge\u00e2tre, un peu&nbsp;pubescente,&nbsp;rameuse&nbsp;&#8211;&nbsp;feuilles&nbsp;pennati ou bipennatipartites,&nbsp;auricul\u00e9es&nbsp;\u00e0 la base, \u00e0&nbsp;segments&nbsp;assez largement&nbsp;oblongs-lanc\u00e9ol\u00e9s,&nbsp;aigus,&nbsp;glabres&nbsp;(tr\u00e8s rarement blanch\u00e2tres, cendr\u00e9es) en dessus, blanches-tomenteuses&nbsp;en dessous&nbsp;&#8211;&nbsp;involucre&nbsp;blanc,&nbsp;tomenteux&nbsp;&#8211;&nbsp;r\u00e9ceptacle&nbsp;glabre&nbsp;capitules&nbsp;ovo\u00efdes-oblongs,&nbsp;subsessiles&nbsp;en&nbsp;glom\u00e9rules&nbsp;sur les rameaux&nbsp;\u00e9tal\u00e9s-dress\u00e9s et formant une grande&nbsp;panicule&nbsp;feuill\u00e9e&#8211;&nbsp;fleurs&nbsp;jaun\u00e2tres ou rouge\u00e2tres. Varie \u00e0&nbsp;souche&nbsp;\u00e9mettant de nombreux rejets,&nbsp;feuilles&nbsp;\u00e0&nbsp;segments&nbsp;plus \u00e9troits et plus allong\u00e9s, capitules solitaires, rouge\u00e2tres (A. verlotorum Lamt.). \u00c9cologie&nbsp;Lieux&hellip;<\/p>\n","protected":false},"author":1,"featured_media":141,"parent":0,"menu_order":0,"comment_status":"closed","ping_status":"closed","template":"","meta":{"_acf_changed":false,"footnotes":""},"categories":[119,17,6],"tags":[],"class_list":["post-283","page","type-page","status-publish","has-post-thumbnail","hentry","category-barbarea","category-brassicaceae","category-plantae"],"acf":[],"_links":{"self":[{"href":"https:\/\/www.rezeau.org\/wp-flore\/wp-json\/wp\/v2\/pages\/283","targetHints":{"allow":["GET"]}}],"collection":[{"href":"https:\/\/www.rezeau.org\/wp-flore\/wp-json\/wp\/v2\/pages"}],"about":[{"href":"https:\/\/www.rezeau.org\/wp-flore\/wp-json\/wp\/v2\/types\/page"}],"author":[{"embeddable":true,"href":"https:\/\/www.rezeau.org\/wp-flore\/wp-json\/wp\/v2\/users\/1"}],"replies":[{"embeddable":true,"href":"https:\/\/www.rezeau.org\/wp-flore\/wp-json\/wp\/v2\/comments?post=283"}],"version-history":[{"count":9,"href":"https:\/\/www.rezeau.org\/wp-flore\/wp-json\/wp\/v2\/pages\/283\/revisions"}],"predecessor-version":[{"id":4774,"href":"https:\/\/www.rezeau.org\/wp-flore\/wp-json\/wp\/v2\/pages\/283\/revisions\/4774"}],"wp:featuredmedia":[{"embeddable":true,"href":"https:\/\/www.rezeau.org\/wp-flore\/wp-json\/wp\/v2\/media\/141"}],"wp:attachment":[{"href":"https:\/\/www.rezeau.org\/wp-flore\/wp-json\/wp\/v2\/media?parent=283"}],"wp:term":[{"taxonomy":"category","embeddable":true,"href":"https:\/\/www.rezeau.org\/wp-flore\/wp-json\/wp\/v2\/categories?post=283"},{"taxonomy":"post_tag","embeddable":true,"href":"https:\/\/www.rezeau.org\/wp-flore\/wp-json\/wp\/v2\/tags?post=283"}],"curies":[{"name":"wp","href":"https:\/\/api.w.org\/{rel}","templated":true}]}}