{"id":314,"date":"2016-03-10T16:30:52","date_gmt":"2016-03-10T15:30:52","guid":{"rendered":"http:\/\/www.rezeau.org\/wp-flore\/?page_id=314"},"modified":"2025-09-10T23:12:53","modified_gmt":"2025-09-10T21:12:53","slug":"buddleja-davidii-franch","status":"publish","type":"page","link":"https:\/\/www.rezeau.org\/wp-flore\/buddleja-davidii-franch\/","title":{"rendered":"Buddleja davidii"},"content":{"rendered":"\n<p><em><strong>Pas de description dans Coste<\/strong><\/em>. Description ci-dessus copi\u00e9e dans <a href=\"http:\/\/erick.dronnet.free.fr\/belles_fleurs_de_france\/index.htm\">Belles fleurs de France<\/a><\/p>\n\n\n\n<p>Arbrisseau hermaphrodite (1-4 m). Tige dress\u00e9e, tr\u00e8s ramifi\u00e9e ; rameaux arqu\u00e9s, anguleux ou subcylindriques, tomenteux. Feuilles oppos\u00e9es, larges de 2 \u00e0 7 cm et pouvant atteindre 25 cm de long, bri\u00e8vement p\u00e9tiol\u00e9es, \u00e0 limbe ovale-lanc\u00e9ol\u00e9, acumin\u00e9, dent\u00e9, glabrescent en dessus et tomenteux en dessous. Inflorescence : rac\u00e8me simple, tr\u00e8s dense, atteignant 20 \u00e0 30 cm de long ; fleurs tr\u00e8s odorantes ; calice en tube \u00e0 4 divisions obtuses ; corolle lilas \u00e0 violet fonc\u00e9 et gorge orang\u00e9e, de 2 \u00e0 5 mm de diam\u00e8tre, \u00e0 tube tr\u00e8s allong\u00e9, 4-5 fois plus long que le calice, \u00e0 4 lobes arrondis 3-4 fois plus courts que le tube.<\/p>\n\n\n\n<p>Floraison : juin-octobre<\/p>\n\n\n","protected":false},"excerpt":{"rendered":"<p>Pas de description dans Coste. Description ci-dessus copi\u00e9e dans Belles fleurs de France Arbrisseau hermaphrodite (1-4 m). Tige dress\u00e9e, tr\u00e8s ramifi\u00e9e ; rameaux arqu\u00e9s, anguleux ou subcylindriques, tomenteux. Feuilles oppos\u00e9es, larges de 2 \u00e0 7 cm et pouvant atteindre 25 cm de long, bri\u00e8vement p\u00e9tiol\u00e9es, \u00e0 limbe ovale-lanc\u00e9ol\u00e9, acumin\u00e9, dent\u00e9, glabrescent en dessus et tomenteux&hellip;<\/p>\n","protected":false},"author":1,"featured_media":153,"parent":0,"menu_order":0,"comment_status":"closed","ping_status":"closed","template":"","meta":{"_acf_changed":false,"footnotes":""},"categories":[121,18,6],"tags":[],"class_list":["post-314","page","type-page","status-publish","has-post-thumbnail","hentry","category-buddleja","category-buddlejaceae","category-plantae"],"acf":[],"_links":{"self":[{"href":"https:\/\/www.rezeau.org\/wp-flore\/wp-json\/wp\/v2\/pages\/314","targetHints":{"allow":["GET"]}}],"collection":[{"href":"https:\/\/www.rezeau.org\/wp-flore\/wp-json\/wp\/v2\/pages"}],"about":[{"href":"https:\/\/www.rezeau.org\/wp-flore\/wp-json\/wp\/v2\/types\/page"}],"author":[{"embeddable":true,"href":"https:\/\/www.rezeau.org\/wp-flore\/wp-json\/wp\/v2\/users\/1"}],"replies":[{"embeddable":true,"href":"https:\/\/www.rezeau.org\/wp-flore\/wp-json\/wp\/v2\/comments?post=314"}],"version-history":[{"count":6,"href":"https:\/\/www.rezeau.org\/wp-flore\/wp-json\/wp\/v2\/pages\/314\/revisions"}],"predecessor-version":[{"id":4791,"href":"https:\/\/www.rezeau.org\/wp-flore\/wp-json\/wp\/v2\/pages\/314\/revisions\/4791"}],"wp:featuredmedia":[{"embeddable":true,"href":"https:\/\/www.rezeau.org\/wp-flore\/wp-json\/wp\/v2\/media\/153"}],"wp:attachment":[{"href":"https:\/\/www.rezeau.org\/wp-flore\/wp-json\/wp\/v2\/media?parent=314"}],"wp:term":[{"taxonomy":"category","embeddable":true,"href":"https:\/\/www.rezeau.org\/wp-flore\/wp-json\/wp\/v2\/categories?post=314"},{"taxonomy":"post_tag","embeddable":true,"href":"https:\/\/www.rezeau.org\/wp-flore\/wp-json\/wp\/v2\/tags?post=314"}],"curies":[{"name":"wp","href":"https:\/\/api.w.org\/{rel}","templated":true}]}}