{"id":3313,"date":"2017-08-16T17:21:36","date_gmt":"2017-08-16T15:21:36","guid":{"rendered":"http:\/\/www.rezeau.org\/wp-flore\/?page_id=3313"},"modified":"2017-11-12T16:32:20","modified_gmt":"2017-11-12T15:32:20","slug":"sparganium-emersum-rehmann","status":"publish","type":"page","link":"https:\/\/www.rezeau.org\/wp-flore\/sparganium-emersum-rehmann\/","title":{"rendered":"Sparganium emersum"},"content":{"rendered":"<pre>3694 Sparganium simplex Synonymes S. ERECTUM L. p. p.<\/pre>\n<p>&#8211; Plante vivace de 30-80 cm, glabre, \u00e0 tige dress\u00e9e, simple<br \/>\n&#8211; feuilles larges de 4-6 mm, fermes, dress\u00e9es, rarement flottantes, les radicales triqu\u00e8tres \u00e0 la base, \u00e0 faces toutes planes<br \/>\n&#8211; capitules dispos\u00e9s en grappe simple, les m\u00e2les 3-7 sessiles, les femelles 3-4, assez gros (12-15 mm de diam.), les inf\u00e9rieurs p\u00e9doncules \u00e0 p\u00e9doncule souvent soud\u00e9 avec la tige<br \/>\n&#8211; \u00e9cailles florales dent\u00e9es ou \u00e9rod\u00e9es au sommet<br \/>\n&#8211; stigmates lin\u00e9aires<br \/>\n&#8211; fruits stipit\u00e9s, larges de 2 mm, oblongs en fuseau, non anguleux, att\u00e9nu\u00e9s en bec gr\u00eale \u00e9galant les trois quarts de leur longueur.<\/p>\n","protected":false},"excerpt":{"rendered":"<p>3694 Sparganium simplex Synonymes S. ERECTUM L. p. p. &#8211; Plante vivace de 30-80 cm, glabre, \u00e0 tige dress\u00e9e, simple &#8211; feuilles larges de 4-6 mm, fermes, dress\u00e9es, rarement flottantes, les radicales triqu\u00e8tres \u00e0 la base, \u00e0 faces toutes planes &#8211; capitules dispos\u00e9s en grappe simple, les m\u00e2les 3-7 sessiles, les femelles 3-4, assez gros&hellip;<\/p>\n","protected":false},"author":1,"featured_media":3310,"parent":0,"menu_order":0,"comment_status":"closed","ping_status":"closed","template":"","meta":{"_acf_changed":false,"footnotes":""},"categories":[6,249,60],"tags":[],"class_list":["post-3313","page","type-page","status-publish","has-post-thumbnail","hentry","category-plantae","category-sparganium","category-typhaceae"],"acf":[],"_links":{"self":[{"href":"https:\/\/www.rezeau.org\/wp-flore\/wp-json\/wp\/v2\/pages\/3313","targetHints":{"allow":["GET"]}}],"collection":[{"href":"https:\/\/www.rezeau.org\/wp-flore\/wp-json\/wp\/v2\/pages"}],"about":[{"href":"https:\/\/www.rezeau.org\/wp-flore\/wp-json\/wp\/v2\/types\/page"}],"author":[{"embeddable":true,"href":"https:\/\/www.rezeau.org\/wp-flore\/wp-json\/wp\/v2\/users\/1"}],"replies":[{"embeddable":true,"href":"https:\/\/www.rezeau.org\/wp-flore\/wp-json\/wp\/v2\/comments?post=3313"}],"version-history":[{"count":5,"href":"https:\/\/www.rezeau.org\/wp-flore\/wp-json\/wp\/v2\/pages\/3313\/revisions"}],"predecessor-version":[{"id":3789,"href":"https:\/\/www.rezeau.org\/wp-flore\/wp-json\/wp\/v2\/pages\/3313\/revisions\/3789"}],"wp:featuredmedia":[{"embeddable":true,"href":"https:\/\/www.rezeau.org\/wp-flore\/wp-json\/wp\/v2\/media\/3310"}],"wp:attachment":[{"href":"https:\/\/www.rezeau.org\/wp-flore\/wp-json\/wp\/v2\/media?parent=3313"}],"wp:term":[{"taxonomy":"category","embeddable":true,"href":"https:\/\/www.rezeau.org\/wp-flore\/wp-json\/wp\/v2\/categories?post=3313"},{"taxonomy":"post_tag","embeddable":true,"href":"https:\/\/www.rezeau.org\/wp-flore\/wp-json\/wp\/v2\/tags?post=3313"}],"curies":[{"name":"wp","href":"https:\/\/api.w.org\/{rel}","templated":true}]}}