{"id":3365,"date":"2010-09-02T19:13:32","date_gmt":"2010-09-02T17:13:32","guid":{"rendered":"http:\/\/www.rezeau.org\/wp-flore\/?page_id=3365"},"modified":"2025-08-27T23:32:50","modified_gmt":"2025-08-27T21:32:50","slug":"amaranthus-hybridus-l","status":"publish","type":"page","link":"https:\/\/www.rezeau.org\/wp-flore\/amaranthus-hybridus-l\/","title":{"rendered":"Amaranthus caudatus"},"content":{"rendered":"\n<p>L\u2019amarante hybride est une plante annuelle de 20 \u00e0 120 cm de haut, de forme et de coloration tr\u00e8s variable. Les feuilles alternes sont rhombo\u00efdes-ovales, brusquement att\u00e9nu\u00e9es en p\u00e9tiole. Les fleurs verd\u00e2tres unisexu\u00e9es sont rassembl\u00e9es en panicules terminales compactes et en \u00e9pis axillaires gr\u00eales (4 \u00e0 5 fois plus petits). Les fleurs femelles sont accompagn\u00e9es de deux bract\u00e9oles plus longues que les t\u00e9pales. Ces derniers, au nombre de 5, sont membraneux, oblongs-lanc\u00e9ol\u00e9s \u00e0 obovales-elliptiques et brusquement termin\u00e9s par une pointe. Les fleurs m\u00e2les portent 5 \u00e9tamines. La floraison s&#8217;\u00e9tale de juillet \u00e0 octobre. Cette amarante est une plante mono\u00efque, pollinis\u00e9e par le vent mais en raison de la proximit\u00e9 des fleurs m\u00e2les et femelles, l\u2019autopollinisation serait tr\u00e8s fr\u00e9quente. Les fruits ovo\u00efdes ne comportent qu\u2019une graine de 1,5 mm.<\/p>\n","protected":false},"excerpt":{"rendered":"<p>L\u2019amarante hybride est une plante annuelle de 20 \u00e0 120 cm de haut, de forme et de coloration tr\u00e8s variable. Les feuilles alternes sont rhombo\u00efdes-ovales, brusquement att\u00e9nu\u00e9es en p\u00e9tiole. Les fleurs verd\u00e2tres unisexu\u00e9es sont rassembl\u00e9es en panicules terminales compactes et en \u00e9pis axillaires gr\u00eales (4 \u00e0 5 fois plus petits). Les fleurs femelles sont accompagn\u00e9es&hellip;<\/p>\n","protected":false},"author":1,"featured_media":118,"parent":0,"menu_order":0,"comment_status":"closed","ping_status":"closed","template":"","meta":{"_acf_changed":false,"footnotes":""},"categories":[133,250,6],"tags":[],"class_list":["post-3365","page","type-page","status-publish","has-post-thumbnail","hentry","category-amaranthaceae","category-amaranthus","category-plantae"],"acf":[],"_links":{"self":[{"href":"https:\/\/www.rezeau.org\/wp-flore\/wp-json\/wp\/v2\/pages\/3365","targetHints":{"allow":["GET"]}}],"collection":[{"href":"https:\/\/www.rezeau.org\/wp-flore\/wp-json\/wp\/v2\/pages"}],"about":[{"href":"https:\/\/www.rezeau.org\/wp-flore\/wp-json\/wp\/v2\/types\/page"}],"author":[{"embeddable":true,"href":"https:\/\/www.rezeau.org\/wp-flore\/wp-json\/wp\/v2\/users\/1"}],"replies":[{"embeddable":true,"href":"https:\/\/www.rezeau.org\/wp-flore\/wp-json\/wp\/v2\/comments?post=3365"}],"version-history":[{"count":5,"href":"https:\/\/www.rezeau.org\/wp-flore\/wp-json\/wp\/v2\/pages\/3365\/revisions"}],"predecessor-version":[{"id":4758,"href":"https:\/\/www.rezeau.org\/wp-flore\/wp-json\/wp\/v2\/pages\/3365\/revisions\/4758"}],"wp:featuredmedia":[{"embeddable":true,"href":"https:\/\/www.rezeau.org\/wp-flore\/wp-json\/wp\/v2\/media\/118"}],"wp:attachment":[{"href":"https:\/\/www.rezeau.org\/wp-flore\/wp-json\/wp\/v2\/media?parent=3365"}],"wp:term":[{"taxonomy":"category","embeddable":true,"href":"https:\/\/www.rezeau.org\/wp-flore\/wp-json\/wp\/v2\/categories?post=3365"},{"taxonomy":"post_tag","embeddable":true,"href":"https:\/\/www.rezeau.org\/wp-flore\/wp-json\/wp\/v2\/tags?post=3365"}],"curies":[{"name":"wp","href":"https:\/\/api.w.org\/{rel}","templated":true}]}}