{"id":3863,"date":"2018-08-06T09:53:23","date_gmt":"2018-08-06T07:53:23","guid":{"rendered":"http:\/\/www.rezeau.org\/wp-flore\/?page_id=3863"},"modified":"2021-06-21T23:01:02","modified_gmt":"2021-06-21T21:01:02","slug":"lepidium-didymum","status":"publish","type":"page","link":"https:\/\/www.rezeau.org\/wp-flore\/lepidium-didymum\/","title":{"rendered":"Lepidium didymum"},"content":{"rendered":"\n<table class=\"desc\">\n<tbody>\n<tr>\n<td><span class=\"gras\">345 Senebiera pinnatifida<\/span><\/td>\n<\/tr>\n<tr>\n<td><span class=\"titre\">Synonymes&nbsp;<\/span>S. DIDYMA Pers.<\/td>\n<\/tr>\n<tr>\n<td>&#8211; Plante&nbsp;velue, f\u00e9tide&nbsp;<br>&#8211;&nbsp;tiges&nbsp;de 10-50 cm, nombreuses, allong\u00e9es,&nbsp;rameuses,&nbsp;diffuses, couch\u00e9es ou&nbsp;ascendantes&nbsp;<br>&#8211;&nbsp;feuilles&nbsp;profond\u00e9ment&nbsp;pennatipartites, \u00e0&nbsp;lobes&nbsp;\u00e9troits, entiers ou&nbsp;incis\u00e9s&nbsp;<br>&#8211;&nbsp;s\u00e9pales&nbsp;tr\u00e8s&nbsp;caducs&nbsp;<br>&#8211;&nbsp;p\u00e9tales&nbsp;plus courts que le&nbsp;calice, souvent nuls&nbsp;<br>&#8211;&nbsp;grappe&nbsp;fructif\u00e8re&nbsp;plus longue que les&nbsp;feuilles,&nbsp;sessile, \u00e9troite, \u00e0&nbsp;p\u00e9dicelles&nbsp;gr\u00eales,&nbsp;\u00e9tal\u00e9s, plus longs que les&nbsp;silicules&nbsp;<br>&#8211;&nbsp;silicules&nbsp;bilob\u00e9es,&nbsp;\u00e9chancr\u00e9es&nbsp;\u00e0 la base et au sommet, rid\u00e9es-rugueuses, \u00e0&nbsp;valves&nbsp;se s\u00e9parant \u00e0 la maturit\u00e9, mais&nbsp;ind\u00e9hiscentes&nbsp;<br>&#8211;&nbsp;style&nbsp;court, tr\u00e8s&nbsp;caduc.<\/td>\n<\/tr>\n<tr>\n<td><span class=\"titre\">\u00c9cologie&nbsp;<\/span>Lieux vagues, d\u00e9combres, surtout dans le Midi et l&#8217;Ouest, o\u00f9 il n&#8217;est que naturalis\u00e9, ainsi qu&#8217;en Europe et en Afrique.<\/td>\n<\/tr>\n<tr>\n<td><span class=\"titre\">R\u00e9partition&nbsp;<\/span>Originaire de l&#8217;Am\u00e9rique.<\/td>\n<\/tr>\n<tr>\n<td><span class=\"titre\">Floraison&nbsp;<\/span>Mai-septembre.<\/td>\n<\/tr>\n<\/tbody>\n<\/table>\n","protected":false},"excerpt":{"rendered":"<p>345 Senebiera pinnatifida Synonymes&nbsp;S. DIDYMA Pers. &#8211; Plante&nbsp;velue, f\u00e9tide&nbsp;&#8211;&nbsp;tiges&nbsp;de 10-50 cm, nombreuses, allong\u00e9es,&nbsp;rameuses,&nbsp;diffuses, couch\u00e9es ou&nbsp;ascendantes&nbsp;&#8211;&nbsp;feuilles&nbsp;profond\u00e9ment&nbsp;pennatipartites, \u00e0&nbsp;lobes&nbsp;\u00e9troits, entiers ou&nbsp;incis\u00e9s&nbsp;&#8211;&nbsp;s\u00e9pales&nbsp;tr\u00e8s&nbsp;caducs&nbsp;&#8211;&nbsp;p\u00e9tales&nbsp;plus courts que le&nbsp;calice, souvent nuls&nbsp;&#8211;&nbsp;grappe&nbsp;fructif\u00e8re&nbsp;plus longue que les&nbsp;feuilles,&nbsp;sessile, \u00e9troite, \u00e0&nbsp;p\u00e9dicelles&nbsp;gr\u00eales,&nbsp;\u00e9tal\u00e9s, plus longs que les&nbsp;silicules&nbsp;&#8211;&nbsp;silicules&nbsp;bilob\u00e9es,&nbsp;\u00e9chancr\u00e9es&nbsp;\u00e0 la base et au sommet, rid\u00e9es-rugueuses, \u00e0&nbsp;valves&nbsp;se s\u00e9parant \u00e0 la maturit\u00e9, mais&nbsp;ind\u00e9hiscentes&nbsp;&#8211;&nbsp;style&nbsp;court, tr\u00e8s&nbsp;caduc. \u00c9cologie&nbsp;Lieux vagues, d\u00e9combres, surtout dans le Midi et l&#8217;Ouest, o\u00f9&hellip;<\/p>\n","protected":false},"author":1,"featured_media":0,"parent":0,"menu_order":0,"comment_status":"closed","ping_status":"closed","template":"","meta":{"_acf_changed":false,"footnotes":""},"categories":[17,251,6],"tags":[],"class_list":["post-3863","page","type-page","status-publish","hentry","category-brassicaceae","category-lepidium","category-plantae"],"acf":[],"_links":{"self":[{"href":"https:\/\/www.rezeau.org\/wp-flore\/wp-json\/wp\/v2\/pages\/3863","targetHints":{"allow":["GET"]}}],"collection":[{"href":"https:\/\/www.rezeau.org\/wp-flore\/wp-json\/wp\/v2\/pages"}],"about":[{"href":"https:\/\/www.rezeau.org\/wp-flore\/wp-json\/wp\/v2\/types\/page"}],"author":[{"embeddable":true,"href":"https:\/\/www.rezeau.org\/wp-flore\/wp-json\/wp\/v2\/users\/1"}],"replies":[{"embeddable":true,"href":"https:\/\/www.rezeau.org\/wp-flore\/wp-json\/wp\/v2\/comments?post=3863"}],"version-history":[{"count":10,"href":"https:\/\/www.rezeau.org\/wp-flore\/wp-json\/wp\/v2\/pages\/3863\/revisions"}],"predecessor-version":[{"id":4380,"href":"https:\/\/www.rezeau.org\/wp-flore\/wp-json\/wp\/v2\/pages\/3863\/revisions\/4380"}],"wp:attachment":[{"href":"https:\/\/www.rezeau.org\/wp-flore\/wp-json\/wp\/v2\/media?parent=3863"}],"wp:term":[{"taxonomy":"category","embeddable":true,"href":"https:\/\/www.rezeau.org\/wp-flore\/wp-json\/wp\/v2\/categories?post=3863"},{"taxonomy":"post_tag","embeddable":true,"href":"https:\/\/www.rezeau.org\/wp-flore\/wp-json\/wp\/v2\/tags?post=3863"}],"curies":[{"name":"wp","href":"https:\/\/api.w.org\/{rel}","templated":true}]}}