{"id":3926,"date":"2020-11-24T23:27:48","date_gmt":"2020-11-24T22:27:48","guid":{"rendered":"https:\/\/www.rezeau.org\/wp-flore\/?page_id=3926"},"modified":"2020-11-24T23:45:33","modified_gmt":"2020-11-24T22:45:33","slug":"silene-latifolia-subsp-alba-mill-greuter-burdet","status":"publish","type":"page","link":"https:\/\/www.rezeau.org\/wp-flore\/silene-latifolia-subsp-alba-mill-greuter-burdet\/","title":{"rendered":"Silene latifolia subsp. alba"},"content":{"rendered":"<p>Un sil\u00e8ne tr\u00e8s courant sur les bords des routes et des chemins. L\u2019ensemble de la plante est velu et glanduleux. Ses fleurs sont blanches, aux p\u00e9tales profond\u00e9ment \u00e9chancr\u00e9s. Cette plante est dio\u00efque et poss\u00e8de donc des fleurs m\u00e2les au calice \u00e9troit et des fleurs femelles au calice renfl\u00e9.<\/p>\n","protected":false},"excerpt":{"rendered":"<p>Un sil\u00e8ne tr\u00e8s courant sur les bords des routes et des chemins. L\u2019ensemble de la plante est velu et glanduleux. Ses fleurs sont blanches, aux p\u00e9tales profond\u00e9ment \u00e9chancr\u00e9s. Cette plante est dio\u00efque et poss\u00e8de donc des fleurs m\u00e2les au calice \u00e9troit et des fleurs femelles au calice renfl\u00e9.<\/p>\n","protected":false},"author":1,"featured_media":3931,"parent":0,"menu_order":0,"comment_status":"closed","ping_status":"closed","template":"","meta":{"_acf_changed":false,"footnotes":""},"categories":[22,6,253],"tags":[],"class_list":["post-3926","page","type-page","status-publish","has-post-thumbnail","hentry","category-caryophillaceae","category-plantae","category-silene"],"acf":[],"_links":{"self":[{"href":"https:\/\/www.rezeau.org\/wp-flore\/wp-json\/wp\/v2\/pages\/3926","targetHints":{"allow":["GET"]}}],"collection":[{"href":"https:\/\/www.rezeau.org\/wp-flore\/wp-json\/wp\/v2\/pages"}],"about":[{"href":"https:\/\/www.rezeau.org\/wp-flore\/wp-json\/wp\/v2\/types\/page"}],"author":[{"embeddable":true,"href":"https:\/\/www.rezeau.org\/wp-flore\/wp-json\/wp\/v2\/users\/1"}],"replies":[{"embeddable":true,"href":"https:\/\/www.rezeau.org\/wp-flore\/wp-json\/wp\/v2\/comments?post=3926"}],"version-history":[{"count":5,"href":"https:\/\/www.rezeau.org\/wp-flore\/wp-json\/wp\/v2\/pages\/3926\/revisions"}],"predecessor-version":[{"id":3932,"href":"https:\/\/www.rezeau.org\/wp-flore\/wp-json\/wp\/v2\/pages\/3926\/revisions\/3932"}],"wp:featuredmedia":[{"embeddable":true,"href":"https:\/\/www.rezeau.org\/wp-flore\/wp-json\/wp\/v2\/media\/3931"}],"wp:attachment":[{"href":"https:\/\/www.rezeau.org\/wp-flore\/wp-json\/wp\/v2\/media?parent=3926"}],"wp:term":[{"taxonomy":"category","embeddable":true,"href":"https:\/\/www.rezeau.org\/wp-flore\/wp-json\/wp\/v2\/categories?post=3926"},{"taxonomy":"post_tag","embeddable":true,"href":"https:\/\/www.rezeau.org\/wp-flore\/wp-json\/wp\/v2\/tags?post=3926"}],"curies":[{"name":"wp","href":"https:\/\/api.w.org\/{rel}","templated":true}]}}